{"id":712050,"date":"2025-08-27T16:51:56","date_gmt":"2025-08-27T13:51:56","guid":{"rendered":"https:\/\/roveyayinevi.com.tr\/index.php\/urun\/justice-league-7-darkseid-savasi-bolum-1\/"},"modified":"2026-04-16T02:20:37","modified_gmt":"2026-04-15T23:20:37","slug":"justice-league-7-darkseid-savasi-bolum-1","status":"publish","type":"product","link":"https:\/\/roveyayinevi.com.tr\/index.php\/urun\/justice-league-7-darkseid-savasi-bolum-1\/","title":{"rendered":"Justice League 7 &#8211; Darkseid Sava\u015f\u0131 B\u00f6l\u00fcm 1"},"content":{"rendered":"<p>DARKSEID ANTI-MONITOR\u2019A KAR\u015eI! \u201cBreaking Bad d\u0131\u015f\u0131nda \u00e7ok az eser Justice League\u2019in ba\u015fard\u0131klar\u0131n\u0131 ger\u00e7ekle\u015ftirdi\u011fini s\u00f6yleyebilir&#8230; Has\u0131lat rekoru k\u0131ran filmlerin ya da h avai f i\u015fek alevlerinin canl\u0131l\u0131\u011f\u0131ndaki u\u00e7uk hik\u00e2yelerin hayran\u0131 olan herkes bu kitab\u0131 okurken yan\u0131na patlam\u0131\u015f m\u0131s\u0131r almak isteyecek.\u201d &#8211; POPMATTERS \u201c&#8230; DC Evreni\u2019nin en b\u00fcy\u00fck kahramanlar\u0131n\u0131 yan yana sava\u015f\u0131rken tek bir kitab\u0131n sayfalar\u0131nda g\u00f6rmenin verdi\u011fi nefes kesen heyecan\u0131n \u00fczerine hi\u00e7bir \u015fey yok.\u201d &#8211; NERDIST \u201c&#8230; destans\u0131 bir s\u00fcper kahraman maceras\u0131.\u201d &#8211; IGN \u201cAsla ka\u00e7\u0131rmak istemeyece\u011finiz bir \u00e7izgi roman olay\u0131.\u201d \u2013NEWSARAMA   Justice League ilk kez y\u0131llar \u00f6nce Darkseid ve onun Para\u015feytan ordusunun D\u00fcnya\u2019y\u0131 i\u015fgal etmesini durdurmak i\u00e7in bir araya gelmi\u015fti. \u015eimdi ise Darkseid, gelmi\u015f ge\u00e7mi\u015f en g\u00fc\u00e7l\u00fc ve yok edici yarat\u0131klardan biri olan Anti-Monitor ile m\u00fccadelesinde gezegenimizi tekrar bir sava\u015f alan\u0131na \u00e7evirecek. Wonder Woman, Superman, Batman ve Justice League\u2019in di\u011fer \u00fcyeleri Mister Miracle ile \u00e7al\u0131\u015farak yakla\u015fan deh\u015feti durdurmaya \u00e7al\u0131\u015f\u0131yorlar, ama k\u00f6t\u00fcl\u00fc\u011f\u00fcn iki durdurulamaz g\u00fcc\u00fc sava\u015fa girerse, D\u00fcnya\u2019n\u0131n en b\u00fcy\u00fck kahramanlar\u0131 bile gezegeni kurtarmaya yeterli olmayabilir! <\/p>\n","protected":false},"excerpt":{"rendered":"<p>DARKSEID ANTI-MONITOR\u2019A KAR\u015eI! \u201cBreaking Bad d\u0131\u015f\u0131nda \u00e7ok az eser Justice League\u2019in ba\u015fard\u0131klar\u0131n\u0131 ger\u00e7ekle\u015ftirdi\u011fini s\u00f6yleyebilir&#8230; Has\u0131lat rekoru k\u0131ran filmlerin ya da h avai f i\u015fek alevlerinin canl\u0131l\u0131\u011f\u0131ndaki<span class=\"excerpt-hellip\"> [\u2026]<\/span><\/p>\n","protected":false},"featured_media":0,"template":"","meta":{"_monsterinsights_skip_tracking":false,"_monsterinsights_sitenote_active":false,"_monsterinsights_sitenote_note":"","_monsterinsights_sitenote_category":0},"product_brand":[],"product_cat":[12416,12291],"product_tag":[],"class_list":{"0":"post-712050","1":"product","2":"type-product","3":"status-publish","5":"product_cat-cizgi-roman","6":"product_cat-edebiyat","7":"pa_cilt-ciltsiz","8":"pa_tur-kitap","9":"pa_yayinevi-yapi-kredi-yayinlari","10":"pa_yazar-geoff-johns-jason-fabok-brad-anderson","12":"first","13":"instock","14":"sale","15":"shipping-taxable","16":"purchasable","17":"product-type-simple"},"_links":{"self":[{"href":"https:\/\/roveyayinevi.com.tr\/index.php\/wp-json\/wp\/v2\/product\/712050","targetHints":{"allow":["GET"]}}],"collection":[{"href":"https:\/\/roveyayinevi.com.tr\/index.php\/wp-json\/wp\/v2\/product"}],"about":[{"href":"https:\/\/roveyayinevi.com.tr\/index.php\/wp-json\/wp\/v2\/types\/product"}],"wp:attachment":[{"href":"https:\/\/roveyayinevi.com.tr\/index.php\/wp-json\/wp\/v2\/media?parent=712050"}],"wp:term":[{"taxonomy":"product_brand","embeddable":true,"href":"https:\/\/roveyayinevi.com.tr\/index.php\/wp-json\/wp\/v2\/product_brand?post=712050"},{"taxonomy":"product_cat","embeddable":true,"href":"https:\/\/roveyayinevi.com.tr\/index.php\/wp-json\/wp\/v2\/product_cat?post=712050"},{"taxonomy":"product_tag","embeddable":true,"href":"https:\/\/roveyayinevi.com.tr\/index.php\/wp-json\/wp\/v2\/product_tag?post=712050"}],"curies":[{"name":"wp","href":"https:\/\/api.w.org\/{rel}","templated":true}]}}