{"id":712049,"date":"2025-08-27T16:51:55","date_gmt":"2025-08-27T13:51:55","guid":{"rendered":"https:\/\/roveyayinevi.com.tr\/index.php\/urun\/sarsinti\/"},"modified":"2025-11-22T04:30:03","modified_gmt":"2025-11-22T01:30:03","slug":"sarsinti","status":"publish","type":"product","link":"https:\/\/roveyayinevi.com.tr\/index.php\/urun\/sarsinti\/","title":{"rendered":"Sars\u0131nt\u0131"},"content":{"rendered":"<p>Thomas Bernhard k\u00fclliyat\u0131 i\u00e7inde \u00f6zel bir yeri olan, yazar\u0131n erken d\u00f6nem eserlerinden SARSINTI, heterojen say\u0131labilecek iki farkl\u0131 tonda anlat\u0131y\u0131 birle\u015ftiren, insan do\u011fas\u0131na ili\u015fkin karanl\u0131k, kurald\u0131\u015f\u0131 bir roman.   Roman\u0131n ilk b\u00f6l\u00fcm\u00fcnde; nemrut, da\u011fl\u0131k bir Avusturya kasabas\u0131nda, bir sabah bir doktor ile o\u011flu g\u00fcnl\u00fck gezintilerinden birine \u00e7\u0131karlar. Rastlad\u0131klar\u0131 sefalet, delilik ve \u00e7etin do\u011fan\u0131n vah\u015fili\u011fi ile bo\u011fu\u015fan birtak\u0131m renkli \u015fahsiyetleri g\u00f6zlemlerler. \u0130kinci b\u00f6l\u00fcmdeyse farkl\u0131 \u00f6zg\u00fcl a\u011f\u0131rl\u0131klara sahip meseleleri kendi bak\u0131\u015f a\u00e7\u0131s\u0131yla \u00f6\u011f\u00fcten, delibozuk, paranoyak Prens\u2019in ac\u0131mas\u0131zca ak\u0131p giden uzun monolo\u011funa tan\u0131k oluruz.     Sars\u0131nt\u0131 varolu\u015fun gizemine, insan\u0131n cinnet e\u015fli\u011finde y\u00fcr\u00fcyen, sa\u011falt\u0131lamaz yaban yaln\u0131zl\u0131\u011f\u0131na ili\u015fkin delice hakikatlerle \u00f6r\u00fclm\u00fc\u015f bir s\u00f6z ustal\u0131\u011f\u0131.     Bernhard&#8217;\u0131n kahramanlar\u0131 ne kadar ka\u00e7maya \u00e7al\u0131\u015f\u0131rlarsa \u00e7al\u0131\u015fs\u0131nlar d\u0131\u015f d\u00fcnyaya fazlaca a\u00e7\u0131kt\u0131rlar; zihinlerinin i\u00e7ine \u00e7ekileceklerine d\u0131\u015f d\u00fcnyan\u0131n anar\u015fisini kucaklarlar (\u2026) hastal\u0131\u011fa, yenilgiye, haks\u0131zl\u0131\u011fa teslim olmazlar, sonuna kadar \u00e7\u0131lg\u0131n bir \u00f6fke ve h\u0131rsla m\u00fccadele ederler. Sonunda yenilmi\u015flerse e\u011fer bizim okudu\u011fumuz onlar\u0131n yenilgisi ve teslimiyeti de\u011fil h\u0131rsl\u0131 kavgalar\u0131 ve m\u00fccadeleleridir.   Orhan Pamuk     \u201cBu sars\u0131nt\u0131lardan sadece ben etkilenmiyorum,\u201d dedi, \u201cherkes bu sars\u0131nt\u0131lardan etkileniyor. Biz asl\u0131nda, b\u00fcy\u00fck oldu\u011funu sanmay\u0131n, dar bir binada hep beraber ya\u015f\u0131yoruz ve birbirimizden y\u00fczbinlerce kilometre uza\u011f\u0131z&#8230;\u201d  <\/p>\n","protected":false},"excerpt":{"rendered":"<p>Thomas Bernhard k\u00fclliyat\u0131 i\u00e7inde \u00f6zel bir yeri olan, yazar\u0131n erken d\u00f6nem eserlerinden SARSINTI, heterojen say\u0131labilecek iki farkl\u0131 tonda anlat\u0131y\u0131 birle\u015ftiren, insan do\u011fas\u0131na ili\u015fkin karanl\u0131k, kurald\u0131\u015f\u0131 bir<span class=\"excerpt-hellip\"> [\u2026]<\/span><\/p>\n","protected":false},"featured_media":0,"template":"","meta":{"_monsterinsights_skip_tracking":false,"_monsterinsights_sitenote_active":false,"_monsterinsights_sitenote_note":"","_monsterinsights_sitenote_category":0},"product_brand":[],"product_cat":[18545,12291],"product_tag":[],"class_list":{"0":"post-712049","1":"product","2":"type-product","3":"status-publish","5":"product_cat-anlati","6":"product_cat-edebiyat","7":"pa_cilt-ciltsiz","8":"pa_tur-kitap","9":"pa_yayinevi-yapi-kredi-yayinlari","10":"pa_yazar-thomas-bernhard","12":"first","13":"instock","14":"sale","15":"shipping-taxable","16":"purchasable","17":"product-type-simple"},"_links":{"self":[{"href":"https:\/\/roveyayinevi.com.tr\/index.php\/wp-json\/wp\/v2\/product\/712049","targetHints":{"allow":["GET"]}}],"collection":[{"href":"https:\/\/roveyayinevi.com.tr\/index.php\/wp-json\/wp\/v2\/product"}],"about":[{"href":"https:\/\/roveyayinevi.com.tr\/index.php\/wp-json\/wp\/v2\/types\/product"}],"wp:attachment":[{"href":"https:\/\/roveyayinevi.com.tr\/index.php\/wp-json\/wp\/v2\/media?parent=712049"}],"wp:term":[{"taxonomy":"product_brand","embeddable":true,"href":"https:\/\/roveyayinevi.com.tr\/index.php\/wp-json\/wp\/v2\/product_brand?post=712049"},{"taxonomy":"product_cat","embeddable":true,"href":"https:\/\/roveyayinevi.com.tr\/index.php\/wp-json\/wp\/v2\/product_cat?post=712049"},{"taxonomy":"product_tag","embeddable":true,"href":"https:\/\/roveyayinevi.com.tr\/index.php\/wp-json\/wp\/v2\/product_tag?post=712049"}],"curies":[{"name":"wp","href":"https:\/\/api.w.org\/{rel}","templated":true}]}}