{"id":712048,"date":"2025-08-27T16:51:55","date_gmt":"2025-08-27T13:51:55","guid":{"rendered":"https:\/\/roveyayinevi.com.tr\/index.php\/urun\/cadinin-elektrikli-supurgesi\/"},"modified":"2026-04-16T02:20:37","modified_gmt":"2026-04-15T23:20:37","slug":"cadinin-elektrikli-supurgesi","status":"publish","type":"product","link":"https:\/\/roveyayinevi.com.tr\/index.php\/urun\/cadinin-elektrikli-supurgesi\/","title":{"rendered":"Cad\u0131n\u0131n Elektrikli S\u00fcp\u00fcrgesi"},"content":{"rendered":"<p>Fantastik edebiyat\u0131n efsanesi d\u00fcnyaca \u00fcnl\u00fc \u0130ngiliz yazar S\u00f6r Terry Pratchett\u2019tan, 10 ya\u015f\u0131n \u00fcst\u00fcndeki okurlar i\u00e7in ola\u011fan\u00fcst\u00fc komik bir \u00f6yk\u00fc derlemesi: Cad\u0131n\u0131n Elektrikli S\u00fcp\u00fcrgesi Okurlar\u0131n\u0131 bamba\u015fka d\u00fcnyalara u\u00e7uran, sihirle bulu\u015fturan, tuhaf yarat\u0131klarla tan\u0131\u015ft\u0131ran kitap, fantastik edebiyat\u0131n demirba\u015f temalar\u0131 \u00fczerine kaleme al\u0131nm\u0131\u015f on d\u00f6rt resimli \u00f6yk\u00fcden olu\u015fuyor.   41 kitapl\u0131k DiskD\u00fcnya serisi ile t\u00fcm d\u00fcnyada s\u0131k\u0131 bir hayran kitlesine sahip olan Terry Pratchett, bu sefer Cad\u0131n\u0131n Elektrikli S\u00fcp\u00fcrgesi\u2019yle k\u00fc\u00e7\u00fck okurlar\u0131n\u0131 kahkahalara bo\u011facak. Sihirbazlar aras\u0131nda ya\u015fanan amans\u0131z bir sava\u015f, tercihe g\u00f6re zeplinle ya da suyun dibindeki bir denizalt\u0131yla \u00e7\u0131k\u0131lan heyecan verici bir yolculuk, elektrikli s\u00fcp\u00fcrgesine binip u\u00e7an bir cad\u0131, Vah\u015fi Bat\u0131\u2019n\u0131n en h\u0131zl\u0131 cop kullan\u0131c\u0131s\u0131, y\u00fcr\u00fcyen ve konu\u015fan heykeller, asi bir kar\u0131nca ve hatta, devasa bir pasta. Hepsi ve \u00e7ok daha fazlas\u0131 Terry Pratchett&#8217;\u0131n kaleme ald\u0131\u011f\u0131, Mark Beech&#8217;in g\u00f6z al\u0131c\u0131 resimlerle donatt\u0131\u011f\u0131 bu harika kitapta bulu\u015fuyor!Terry Pratchett\u2019\u0131n, hen\u00fcz gen\u00e7 bir gazeteciyken yazd\u0131\u011f\u0131 \u00f6yk\u00fclerden derlenen Cad\u0131n\u0131n Elektrikli S\u00fcp\u00fcrgesi, yaratt\u0131\u011f\u0131 sihirli evren ile gen\u00e7-yeti\u015fkin t\u00fcm okurlar\u0131 can evinden vuruyor! <\/p>\n","protected":false},"excerpt":{"rendered":"<p>Fantastik edebiyat\u0131n efsanesi d\u00fcnyaca \u00fcnl\u00fc \u0130ngiliz yazar S\u00f6r Terry Pratchett\u2019tan, 10 ya\u015f\u0131n \u00fcst\u00fcndeki okurlar i\u00e7in ola\u011fan\u00fcst\u00fc komik bir \u00f6yk\u00fc derlemesi: Cad\u0131n\u0131n Elektrikli S\u00fcp\u00fcrgesi Okurlar\u0131n\u0131 bamba\u015fka d\u00fcnyalara<span class=\"excerpt-hellip\"> [\u2026]<\/span><\/p>\n","protected":false},"featured_media":0,"template":"","meta":{"_monsterinsights_skip_tracking":false,"_monsterinsights_sitenote_active":false,"_monsterinsights_sitenote_note":"","_monsterinsights_sitenote_category":0},"product_brand":[],"product_cat":[12291,14777],"product_tag":[],"class_list":{"0":"post-712048","1":"product","2":"type-product","3":"status-publish","5":"product_cat-edebiyat","6":"product_cat-fantastik","7":"pa_cilt-ciltsiz","8":"pa_tur-kitap","9":"pa_yayinevi-tudem-yayinlari","10":"pa_yazar-terry-pratchett","12":"first","13":"instock","14":"sale","15":"shipping-taxable","16":"purchasable","17":"product-type-simple"},"_links":{"self":[{"href":"https:\/\/roveyayinevi.com.tr\/index.php\/wp-json\/wp\/v2\/product\/712048","targetHints":{"allow":["GET"]}}],"collection":[{"href":"https:\/\/roveyayinevi.com.tr\/index.php\/wp-json\/wp\/v2\/product"}],"about":[{"href":"https:\/\/roveyayinevi.com.tr\/index.php\/wp-json\/wp\/v2\/types\/product"}],"wp:attachment":[{"href":"https:\/\/roveyayinevi.com.tr\/index.php\/wp-json\/wp\/v2\/media?parent=712048"}],"wp:term":[{"taxonomy":"product_brand","embeddable":true,"href":"https:\/\/roveyayinevi.com.tr\/index.php\/wp-json\/wp\/v2\/product_brand?post=712048"},{"taxonomy":"product_cat","embeddable":true,"href":"https:\/\/roveyayinevi.com.tr\/index.php\/wp-json\/wp\/v2\/product_cat?post=712048"},{"taxonomy":"product_tag","embeddable":true,"href":"https:\/\/roveyayinevi.com.tr\/index.php\/wp-json\/wp\/v2\/product_tag?post=712048"}],"curies":[{"name":"wp","href":"https:\/\/api.w.org\/{rel}","templated":true}]}}