{"id":712045,"date":"2025-08-27T16:51:53","date_gmt":"2025-08-27T13:51:53","guid":{"rendered":"https:\/\/roveyayinevi.com.tr\/index.php\/urun\/tapinak-sovalyelerinden-15-temmuza-kumpas-tarihi\/"},"modified":"2026-04-16T02:20:37","modified_gmt":"2026-04-15T23:20:37","slug":"tapinak-sovalyelerinden-15-temmuza-kumpas-tarihi","status":"publish","type":"product","link":"https:\/\/roveyayinevi.com.tr\/index.php\/urun\/tapinak-sovalyelerinden-15-temmuza-kumpas-tarihi\/","title":{"rendered":"Tap\u0131nak \u015e\u00f6valyeleri&#8217;nden 15 Temmuz\u2019a Kumpas Tarihi"},"content":{"rendered":"<p>Tarihin ilk siyasi suikast\u00e7\u0131s\u0131 Hasan Sabbah\u2019\u0131n ba\u015far\u0131s\u0131n\u0131n ard\u0131ndaki sebepler nelerdi?Karmat\u00eeler\u2019in, y\u00fczy\u0131llar sonra kom\u00fcnistlere ilham veren fikirlerinin kayna\u011f\u0131 neydi?Sultan II. Abd\u00fclhamid\u2019e d\u00fczenlenen suikast\u0131n arka plan\u0131nda nas\u0131l bir kumpas vard\u0131?Osmanl\u0131\u2019daki paralel devlet yap\u0131lanmas\u0131 nas\u0131l sonu\u00e7lanm\u0131\u015ft\u0131?Halask\u00e2r-\u0131 Zabitan darbesinden, FE*T\u00d6 darbesine de\u011fi\u015fen ne olmu\u015ftu?Cumhuriyet d\u00f6nemi darbelerinde medyan\u0131n rol\u00fc neydi?Tarih kadar eski olan devlet i\u00e7i illegal yap\u0131lanmalar, ortaya \u00e7\u0131kt\u0131klar\u0131 devletler i\u00e7in ba\u015fl\u0131ca problemlerden biri olmu\u015ftur. B\u00fcy\u00fck Sel\u00e7uklu Devleti\u2019ne kar\u015f\u0131 Ha\u015fha\u015filer ve Tap\u0131nak\u00e7\u0131lar, Osmanl\u0131\u2019da isyan ve bask\u0131nlar, T\u00fcrkiye Cumhuriyeti\u2019nde 1960, 1971, 1980 darbeleri ve son olarak 15 Temmuz darbe giri\u015fimi\u2026\u201cTarihi Sevdiren Adam\u201d Yavuz Bahad\u0131ro\u011flu, Tap\u0131nak \u015e\u00f6valyeleri\u2019nden 15 Temmuz\u2019a Kumpas Tarihi kitab\u0131yla, bu yap\u0131lanmalar\u0131n ard\u0131ndaki sebepleri irdeliyor. Kumpaslar\u0131n tarihsel sebepleri, perde arkas\u0131, toplumsal etkileri gibi pek \u00e7ok konuda merak edilen sorulara tarihsel perspektifte cevap veriyor. <\/p>\n","protected":false},"excerpt":{"rendered":"<p>Tarihin ilk siyasi suikast\u00e7\u0131s\u0131 Hasan Sabbah\u2019\u0131n ba\u015far\u0131s\u0131n\u0131n ard\u0131ndaki sebepler nelerdi?Karmat\u00eeler\u2019in, y\u00fczy\u0131llar sonra kom\u00fcnistlere ilham veren fikirlerinin kayna\u011f\u0131 neydi?Sultan II. Abd\u00fclhamid\u2019e d\u00fczenlenen suikast\u0131n arka plan\u0131nda nas\u0131l bir<span class=\"excerpt-hellip\"> [\u2026]<\/span><\/p>\n","protected":false},"featured_media":0,"template":"","meta":{"_monsterinsights_skip_tracking":false,"_monsterinsights_sitenote_active":false,"_monsterinsights_sitenote_note":"","_monsterinsights_sitenote_category":0},"product_brand":[],"product_cat":[13590,12337],"product_tag":[],"class_list":{"0":"post-712045","1":"product","2":"type-product","3":"status-publish","5":"product_cat-arastirma-inceleme-politika-siyaset","6":"product_cat-politika-siyaset","7":"pa_cilt-ciltsiz","8":"pa_tur-kitap","9":"pa_yayinevi-nesil-yayinlari","10":"pa_yazar-yavuz-bahadiroglu","12":"first","13":"instock","14":"sale","15":"shipping-taxable","16":"purchasable","17":"product-type-simple"},"_links":{"self":[{"href":"https:\/\/roveyayinevi.com.tr\/index.php\/wp-json\/wp\/v2\/product\/712045","targetHints":{"allow":["GET"]}}],"collection":[{"href":"https:\/\/roveyayinevi.com.tr\/index.php\/wp-json\/wp\/v2\/product"}],"about":[{"href":"https:\/\/roveyayinevi.com.tr\/index.php\/wp-json\/wp\/v2\/types\/product"}],"wp:attachment":[{"href":"https:\/\/roveyayinevi.com.tr\/index.php\/wp-json\/wp\/v2\/media?parent=712045"}],"wp:term":[{"taxonomy":"product_brand","embeddable":true,"href":"https:\/\/roveyayinevi.com.tr\/index.php\/wp-json\/wp\/v2\/product_brand?post=712045"},{"taxonomy":"product_cat","embeddable":true,"href":"https:\/\/roveyayinevi.com.tr\/index.php\/wp-json\/wp\/v2\/product_cat?post=712045"},{"taxonomy":"product_tag","embeddable":true,"href":"https:\/\/roveyayinevi.com.tr\/index.php\/wp-json\/wp\/v2\/product_tag?post=712045"}],"curies":[{"name":"wp","href":"https:\/\/api.w.org\/{rel}","templated":true}]}}