{"id":712043,"date":"2025-08-27T16:51:52","date_gmt":"2025-08-27T13:51:52","guid":{"rendered":"https:\/\/roveyayinevi.com.tr\/index.php\/urun\/insan-cesitliligi\/"},"modified":"2025-09-20T15:36:24","modified_gmt":"2025-09-20T12:36:24","slug":"insan-cesitliligi","status":"publish","type":"product","link":"https:\/\/roveyayinevi.com.tr\/index.php\/urun\/insan-cesitliligi\/","title":{"rendered":"\u0130nsan \u00c7e\u015fitlili\u011fi"},"content":{"rendered":"<p>V\u00fccut boyutlar\u0131m\u0131z, g\u00f6z rengimiz ve deri rengimiz gibi g\u00f6zle g\u00f6r\u00fcl\u00fcr \u00f6zelliklerimizin yan\u0131 s\u0131ra, \u00e7e\u015fitli hastal\u0131klara verdi\u011fimiz tepkiler pop\u00fclasyonlar aras\u0131nda \u00e7e\u015fitlilik g\u00f6sterir. \u0130nsanlar aras\u0131nda g\u00f6zlenen bu \u00e7e\u015fitlili\u011fin nedenleri biz antropologlar taraf\u0131ndan h\u00e2l\u00e2 a\u00e7\u0131klanmay\u0131 bekleyen sorular\u0131n ba\u015f\u0131nda gelmektedir. Bu kitap, ortaya \u00e7\u0131kan bu \u00e7e\u015fitlilikten sorumlu fakt\u00f6rlerin ne oldu\u011fu ve bu \u00e7e\u015fitlili\u011fin ne anlama geldi\u011fi \u00fczerinedir. \u0130nsanlar\u0131 \u0131rklara ay\u0131rarak s\u0131n\u0131fland\u0131rmak \u00e7ok mu gerekli? Antropoloji bilimi i\u00e7in Irk kavram\u0131 ne ifade ediyor? Neden postu olmayan tek primat t\u00fcr\u00fcy\u00fcz? Neden Afrikal\u0131lar ve Avrupal\u0131lar bu derece farkl\u0131 ten rengine sahiptir? \u0130nsan neden en yava\u015f b\u00fcy\u00fcyen memeli t\u00fcr\u00fcd\u00fcr? Baz\u0131 kan gruplar\u0131na sahip insanlar neden baz\u0131 hastal\u0131klara kar\u015f\u0131 daha diren\u00e7lidir? T\u0131p bilimi neden Darwinci evrime ihtiya\u00e7 duyar? Hamilelikte sabah bulant\u0131lar\u0131 neden evrimsel bir adaptasyon olarak kabul edilir? Teknoloji ve \u015fehir ya\u015fam\u0131 insan evrimini nas\u0131l etkiledi? <\/p>\n","protected":false},"excerpt":{"rendered":"<p>V\u00fccut boyutlar\u0131m\u0131z, g\u00f6z rengimiz ve deri rengimiz gibi g\u00f6zle g\u00f6r\u00fcl\u00fcr \u00f6zelliklerimizin yan\u0131 s\u0131ra, \u00e7e\u015fitli hastal\u0131klara verdi\u011fimiz tepkiler pop\u00fclasyonlar aras\u0131nda \u00e7e\u015fitlilik g\u00f6sterir. \u0130nsanlar aras\u0131nda g\u00f6zlenen bu \u00e7e\u015fitlili\u011fin<span class=\"excerpt-hellip\"> [\u2026]<\/span><\/p>\n","protected":false},"featured_media":0,"template":"","meta":{"_monsterinsights_skip_tracking":false,"_monsterinsights_sitenote_active":false,"_monsterinsights_sitenote_note":"","_monsterinsights_sitenote_category":0},"product_brand":[],"product_cat":[13005,13006],"product_tag":[],"class_list":{"0":"post-712043","1":"product","2":"type-product","3":"status-publish","5":"product_cat-bilim-muhendislik","6":"product_cat-populer-bilim","7":"pa_cilt-ciltsiz","8":"pa_tur-kitap","9":"pa_yayinevi-alfa-yayinlari","10":"pa_yazar-baris-ozener","12":"first","13":"instock","14":"sale","15":"shipping-taxable","16":"purchasable","17":"product-type-simple"},"_links":{"self":[{"href":"https:\/\/roveyayinevi.com.tr\/index.php\/wp-json\/wp\/v2\/product\/712043","targetHints":{"allow":["GET"]}}],"collection":[{"href":"https:\/\/roveyayinevi.com.tr\/index.php\/wp-json\/wp\/v2\/product"}],"about":[{"href":"https:\/\/roveyayinevi.com.tr\/index.php\/wp-json\/wp\/v2\/types\/product"}],"wp:attachment":[{"href":"https:\/\/roveyayinevi.com.tr\/index.php\/wp-json\/wp\/v2\/media?parent=712043"}],"wp:term":[{"taxonomy":"product_brand","embeddable":true,"href":"https:\/\/roveyayinevi.com.tr\/index.php\/wp-json\/wp\/v2\/product_brand?post=712043"},{"taxonomy":"product_cat","embeddable":true,"href":"https:\/\/roveyayinevi.com.tr\/index.php\/wp-json\/wp\/v2\/product_cat?post=712043"},{"taxonomy":"product_tag","embeddable":true,"href":"https:\/\/roveyayinevi.com.tr\/index.php\/wp-json\/wp\/v2\/product_tag?post=712043"}],"curies":[{"name":"wp","href":"https:\/\/api.w.org\/{rel}","templated":true}]}}