{"id":712042,"date":"2025-08-27T16:51:52","date_gmt":"2025-08-27T13:51:52","guid":{"rendered":"https:\/\/roveyayinevi.com.tr\/index.php\/urun\/100-soruda-turk-edebiyati\/"},"modified":"2026-04-16T02:20:37","modified_gmt":"2026-04-15T23:20:37","slug":"100-soruda-turk-edebiyati","status":"publish","type":"product","link":"https:\/\/roveyayinevi.com.tr\/index.php\/urun\/100-soruda-turk-edebiyati\/","title":{"rendered":"100 Soruda T\u00fcrk Edebiyat\u0131"},"content":{"rendered":"<p>\u201cSanat\u0131n amac\u0131, sanat \u00fcr\u00fcnleri yoluyla toplumsal hayatta duygu ve d\u00fc\u015f\u00fcnce, be\u011feni ve inan\u00e7, \u00fclk\u00fc ve co\u015fku birli\u011fi yaratarak toplumu ortak \u00f6l\u00e7\u00fclerde kayna\u015ft\u0131rmakt\u0131r. Sanat\u00e7\u0131n\u0131n \u00f6nc\u00fcl\u00fc\u011f\u00fcndeki bu toplumsal anlat\u0131ma, bireyler kendi k\u00fclt\u00fcr ve be\u011feni \u00f6l\u00e7\u00fcleri oran\u0131nda kat\u0131larak ortak sevgilerde birle\u015firler. Daha iyi, daha g\u00fczel, daha do\u011fru bir hayat ve insanl\u0131k \u00fclk\u00fcs\u00fcn\u00fcn payla\u015f\u0131lmas\u0131nda sanat ve \u00f6zellikle edebiyat en b\u00fcy\u00fck s\u00f6zc\u00fcl\u00fck g\u00f6revindedir. \u00c7\u00fcnk\u00fc \u00f6teki sanatlar\u0131n \u00e7o\u011fu gibi soyut \u00f6\u011felerle de\u011fil, toplumun duygu ve d\u00fc\u015f\u00fcnce hayat\u0131n\u0131n ortak ve ulusal \u2018dil\u2019i ile ortaya \u00e7\u0131kan edebiyat, en g\u00fc\u00e7l\u00fc ak\u0131mlar\u0131n yarat\u0131c\u0131s\u0131 olur.\u201dRauf Mutluay, soru cevap \u015feklinde haz\u0131rlad\u0131\u011f\u0131 100 Soruda T\u00fcrk Edebiyat\u0131 adl\u0131 bu \u00e7al\u0131\u015fmas\u0131nda basit ve anla\u015f\u0131l\u0131r cevaplarla Orta Asya\u2019dan g\u00fcn\u00fcm\u00fcze kadar T\u00fcrk edebiyat\u0131n\u0131 ele al\u0131yor. \u201cEdebiyat s\u00f6z\u00fcnden ne anla\u015f\u0131lmal\u0131d\u0131r?\u201d sorusundan yola \u00e7\u0131kan Mutluay, T\u00fcrk dili, tarihi ve edebiyat\u0131n\u0131n temel metinlerine ve problemlerine de\u011finiyor. D\u00f6nemler, yazarlar ve \u015fairler hakk\u0131nda bilgi verirken, dilimizdeki edebiyat s\u00f6z\u00fcn\u00fcn kayna\u011f\u0131, T\u00fcrk\u00e7enin yap\u0131 \u00f6zellikleri, tarihsel geli\u015fimi gibi pek \u00e7ok konuyu irdeliyor. 100 Soruda T\u00fcrk Edebiyat\u0131, edebiyat \u00f6\u011frencileri ve konuya ilgi duyan herkes i\u00e7in e\u015fsiz bir kaynak, yararl\u0131 bir ba\u015fvuru kitab\u0131 niteli\u011finde. <\/p>\n","protected":false},"excerpt":{"rendered":"<p>\u201cSanat\u0131n amac\u0131, sanat \u00fcr\u00fcnleri yoluyla toplumsal hayatta duygu ve d\u00fc\u015f\u00fcnce, be\u011feni ve inan\u00e7, \u00fclk\u00fc ve co\u015fku birli\u011fi yaratarak toplumu ortak \u00f6l\u00e7\u00fclerde kayna\u015ft\u0131rmakt\u0131r. Sanat\u00e7\u0131n\u0131n \u00f6nc\u00fcl\u00fc\u011f\u00fcndeki bu toplumsal<span class=\"excerpt-hellip\"> [\u2026]<\/span><\/p>\n","protected":false},"featured_media":0,"template":"","meta":{"_monsterinsights_skip_tracking":false,"_monsterinsights_sitenote_active":false,"_monsterinsights_sitenote_note":"","_monsterinsights_sitenote_category":0},"product_brand":[],"product_cat":[13548,12408],"product_tag":[],"class_list":{"0":"post-712042","1":"product","2":"type-product","3":"status-publish","5":"product_cat-kuram","6":"product_cat-sanat","7":"pa_cilt-ciltsiz","8":"pa_tur-kitap","9":"pa_yayinevi-ayrinti-yayinlari","10":"pa_yazar-rauf-mutluay","12":"first","13":"instock","14":"sale","15":"shipping-taxable","16":"purchasable","17":"product-type-simple"},"_links":{"self":[{"href":"https:\/\/roveyayinevi.com.tr\/index.php\/wp-json\/wp\/v2\/product\/712042","targetHints":{"allow":["GET"]}}],"collection":[{"href":"https:\/\/roveyayinevi.com.tr\/index.php\/wp-json\/wp\/v2\/product"}],"about":[{"href":"https:\/\/roveyayinevi.com.tr\/index.php\/wp-json\/wp\/v2\/types\/product"}],"wp:attachment":[{"href":"https:\/\/roveyayinevi.com.tr\/index.php\/wp-json\/wp\/v2\/media?parent=712042"}],"wp:term":[{"taxonomy":"product_brand","embeddable":true,"href":"https:\/\/roveyayinevi.com.tr\/index.php\/wp-json\/wp\/v2\/product_brand?post=712042"},{"taxonomy":"product_cat","embeddable":true,"href":"https:\/\/roveyayinevi.com.tr\/index.php\/wp-json\/wp\/v2\/product_cat?post=712042"},{"taxonomy":"product_tag","embeddable":true,"href":"https:\/\/roveyayinevi.com.tr\/index.php\/wp-json\/wp\/v2\/product_tag?post=712042"}],"curies":[{"name":"wp","href":"https:\/\/api.w.org\/{rel}","templated":true}]}}