{"id":712041,"date":"2025-08-27T16:51:51","date_gmt":"2025-08-27T13:51:51","guid":{"rendered":"https:\/\/roveyayinevi.com.tr\/index.php\/urun\/iranda-turklerin-bin-yili-siyasi-ve-sosyal-tarih\/"},"modified":"2026-04-16T02:20:37","modified_gmt":"2026-04-15T23:20:37","slug":"iranda-turklerin-bin-yili-siyasi-ve-sosyal-tarih","status":"publish","type":"product","link":"https:\/\/roveyayinevi.com.tr\/index.php\/urun\/iranda-turklerin-bin-yili-siyasi-ve-sosyal-tarih\/","title":{"rendered":"\u0130ran\u2019da T\u00fcrklerin Bin Y\u0131l\u0131 &#8211; Siyasi ve Sosyal Tarih"},"content":{"rendered":"<p>T\u00fcrk tarihi ve T\u00fcrk \u0131rk\u0131n\u0131n sosyal ve k\u00fclt\u00fcrel e\u011filimlerinin, eski zamanda en \u00e7ok etkilendi\u011fi ve etkiledi\u011fi co\u011frafya \u015f\u00fcphesiz ki Orta Asya, \u00c7in ve \u0130ran \u00fclkeleri ile bu topraklar \u00fczerinde ya\u015fayan milletlerdir. Bu iki \u00fclke insan\u0131n\u0131 iyi anlay\u0131p, sosyal ve k\u00fclt\u00fcrel hayatlar\u0131n\u0131 tetkik etmeden T\u00fcrk tarihi yazmak ve T\u00fcrk tarih sosyolojisi olu\u015fturmak hemen hemen m\u00fcmk\u00fcn de\u011fildir.Bu sebeple T\u00fcrkleri daha tarihlerinin ba\u015flang\u0131c\u0131ndan itibaren daima bat\u0131ya iten g\u00fcc\u00fcn ne oldu\u011funu, g\u00f6\u00e7ebelik ve hayvanlar\u0131na otlak bulmak gibi s\u0131radan sebeplerle izah etmek \u00e7ok tatmin edici de\u011fildir. Hatta \u00c7in Seddi\u2019nin T\u00fcrklerden korunmak i\u00e7in in\u015fa edildi\u011fi g\u00f6r\u00fc\u015f\u00fcne varmak da bizi do\u011fru sonu\u00e7lara g\u00f6t\u00fcrmez. Oysa \u0130ran\u2019da iki k\u00fclt\u00fcr\u00fcn bask\u0131s\u0131 alt\u0131nda T\u00fcrkmen k\u00fclt\u00fcr\u00fcn\u00fcn milletle\u015fme s\u00fcrecini olu\u015fturdu\u011funu anlamak ve tespitler yapmak, \u0130slam&#8217;\u0131n tek milletlikten \u00fc\u00e7 milletli\u011fe inki\u015faf\u0131n\u0131 da do\u011fru anlamam\u0131z\u0131 sa\u011flar.T\u00fcrkmen tarihinin Anadolu\u2019dan evvel Mavera\u00fcnnehir ile birlikte \u0130ran topraklar\u0131nda yerle\u015fik ve kal\u0131c\u0131 bir k\u00fclt\u00fcre d\u00f6n\u00fc\u015fmesi elbette meselenin ehemmiyetini art\u0131rmaktad\u0131r. G\u00f6kt\u00fcrkler devrinde O\u011fuz, \u0130sl\u00e2mi as\u0131rlardan itibaren de T\u00fcrkmen ad\u0131 ile siyas\u00eele\u015fip sistemle\u015fen T\u00fcrkmenli\u011fin b\u00fct\u00fcn m\u00fcesseseleri ile \u0130ran\u2019a ta\u015f\u0131narak buray\u0131 anayurt yapmas\u0131 \u00e7ok dikkat \u00e7ekicidir.Elbette konu \u00e7ok uzundur; bu nedenle bu kitapta ba\u015flang\u0131c\u0131ndan g\u00fcn\u00fcm\u00fcze kadar dokuz b\u00f6l\u00fcm \u00fczerinde siyas\u00ee ve sosyal tarih tek kal\u0131p \u00fczerinde \u00e7al\u0131\u015f\u0131lm\u0131\u015f, cemiyet-ekonomi-inan\u00e7lar-g\u00fcncel demografik bilgiler, b\u00fct\u00fcn b\u00f6l\u00fcmlere tek d\u00fczen olarak uygulanm\u0131\u015f, b\u00f6ylece hem bu devirlerin anla\u015f\u0131lmas\u0131 kolayla\u015ft\u0131r\u0131lm\u0131\u015f hem de hacmin \u00e7ok kabarmas\u0131n\u0131n \u00f6n\u00fcne ge\u00e7ilmi\u015ftir. Bin y\u0131ll\u0131k bu uzun d\u00f6nem dolay\u0131s\u0131yla bu co\u011frafyada \u00e2deta T\u00fcrk tarihi g\u00f6zler \u00f6n\u00fcne serilmi\u015ftir. Sentez kabiliyeti y\u00fcksek siyas\u00ee-sosyal-dini-iktisadi meseleler bilhassa dikkat \u00e7ekmek i\u00e7in enine boyuna \u00e7al\u0131\u015f\u0131lm\u0131\u015ft\u0131r. <\/p>\n","protected":false},"excerpt":{"rendered":"<p>T\u00fcrk tarihi ve T\u00fcrk \u0131rk\u0131n\u0131n sosyal ve k\u00fclt\u00fcrel e\u011filimlerinin, eski zamanda en \u00e7ok etkilendi\u011fi ve etkiledi\u011fi co\u011frafya \u015f\u00fcphesiz ki Orta Asya, \u00c7in ve \u0130ran \u00fclkeleri ile<span class=\"excerpt-hellip\"> [\u2026]<\/span><\/p>\n","protected":false},"featured_media":0,"template":"","meta":{"_monsterinsights_skip_tracking":false,"_monsterinsights_sitenote_active":false,"_monsterinsights_sitenote_note":"","_monsterinsights_sitenote_category":0},"product_brand":[],"product_cat":[12370,12304],"product_tag":[],"class_list":{"0":"post-712041","1":"product","2":"type-product","3":"status-publish","5":"product_cat-arastirma-inceleme","6":"product_cat-tarih","7":"pa_cilt-ciltsiz","8":"pa_tur-kitap","9":"pa_yayinevi-yeditepe-yayinevi","10":"pa_yazar-ali-bademci","12":"first","13":"instock","14":"sale","15":"shipping-taxable","16":"purchasable","17":"product-type-simple"},"_links":{"self":[{"href":"https:\/\/roveyayinevi.com.tr\/index.php\/wp-json\/wp\/v2\/product\/712041","targetHints":{"allow":["GET"]}}],"collection":[{"href":"https:\/\/roveyayinevi.com.tr\/index.php\/wp-json\/wp\/v2\/product"}],"about":[{"href":"https:\/\/roveyayinevi.com.tr\/index.php\/wp-json\/wp\/v2\/types\/product"}],"wp:attachment":[{"href":"https:\/\/roveyayinevi.com.tr\/index.php\/wp-json\/wp\/v2\/media?parent=712041"}],"wp:term":[{"taxonomy":"product_brand","embeddable":true,"href":"https:\/\/roveyayinevi.com.tr\/index.php\/wp-json\/wp\/v2\/product_brand?post=712041"},{"taxonomy":"product_cat","embeddable":true,"href":"https:\/\/roveyayinevi.com.tr\/index.php\/wp-json\/wp\/v2\/product_cat?post=712041"},{"taxonomy":"product_tag","embeddable":true,"href":"https:\/\/roveyayinevi.com.tr\/index.php\/wp-json\/wp\/v2\/product_tag?post=712041"}],"curies":[{"name":"wp","href":"https:\/\/api.w.org\/{rel}","templated":true}]}}