{"id":712039,"date":"2025-08-27T16:51:50","date_gmt":"2025-08-27T13:51:50","guid":{"rendered":"https:\/\/roveyayinevi.com.tr\/index.php\/urun\/bati-muziginde-form-ve-analiz\/"},"modified":"2026-04-16T02:20:37","modified_gmt":"2026-04-15T23:20:37","slug":"bati-muziginde-form-ve-analiz","status":"publish","type":"product","link":"https:\/\/roveyayinevi.com.tr\/index.php\/urun\/bati-muziginde-form-ve-analiz\/","title":{"rendered":"Bat\u0131 M\u00fczi\u011finde Form Ve Analiz"},"content":{"rendered":"<p>Bu kitapta, m\u00fczik \u00f6\u011frencilerini, m\u00fczisyenleri ve Bat\u0131 M\u00fczi\u011fi\u2019ne ilgi duyan b\u00fct\u00fcn m\u00fczikseverleri, standart m\u00fczik formlar\u0131yla\/bi\u00e7imleriyle tan\u0131\u015ft\u0131rmak ve ger\u00e7ek anlam\u0131yla m\u00fczik analizinin nas\u0131l yap\u0131laca\u011f\u0131n\u0131 \u00f6\u011fretecek teknik becerileri kazand\u0131rmak ama\u00e7lanm\u0131\u015ft\u0131r. Bu, bir m\u00fczik par\u00e7as\u0131n\u0131n \u00f6zelliklerine \u00f6nyarg\u0131s\u0131z yakla\u015fma ve saf\u00e7a s\u00f6ylenecek olursa m\u00fczi\u011fin yap\u0131s\u0131n\u0131 ke\u015ffetme becerisidir.   B\u00f6yle bir beceriyi geli\u015ftirmek i\u00e7in kitab\u0131n her b\u00f6l\u00fcm\u00fcnde belli aral\u0131klarla \u00e7ok say\u0131da \u00e7al\u0131\u015fma \u00f6nerilmi\u015ftir. Bu \u00e7al\u0131\u015fmalar\u0131n \u00e7o\u011fu Bat\u0131 M\u00fczi\u011fi repertuvar\u0131n\u0131n iyi bilinen ve kolay eri\u015filebilen par\u00e7alar\u0131ndan olu\u015fmakla birlikte \u00e7e\u015fitlilik olmas\u0131 i\u00e7in farkl\u0131 d\u00f6nem ve \u00fcsluplara ait \u00f6rnekler de mevcuttur. Bu \u00f6rnekleri kendi ba\u015f\u0131na \u00e7\u00f6zme giri\u015fimi \u00f6zellikle m\u00fczik \u00f6\u011frencilerine form bilgisi, m\u00fczik analizi vb. derslerde iyi bir rehber olacakt\u0131r.   Kitapta motif, c\u00fcmle, kadans, d\u00f6nem gibi m\u00fczik bi\u00e7iminin temel bile\u015fenleri a\u00e7\u0131klanm\u0131\u015f ve Orta\u00e7a\u011f d\u00fcz ezgilerinden 20. y\u00fczy\u0131lda kon\u00e7ertonun geli\u015fime dek geni\u015f bir zaman diliminden ikili, \u00fc\u00e7l\u00fc, tema ve \u00e7e\u015fitlemeler, rondo, sonat ve kon\u00e7erto gibi eser ve bi\u00e7ime yer verilmi\u015ftir.   Bu kitap m\u00fczik \u00f6\u011frencilerinin ve m\u00fczisyenlerin halihaz\u0131rda ellerinde bulunan eserler hakk\u0131nda daha \u00f6nce sormad\u0131klar\u0131 sorular\u0131 sormalar\u0131na ve bunlara cevap bulmalar\u0131na da katk\u0131 sa\u011flayacakt\u0131r. <\/p>\n","protected":false},"excerpt":{"rendered":"<p>Bu kitapta, m\u00fczik \u00f6\u011frencilerini, m\u00fczisyenleri ve Bat\u0131 M\u00fczi\u011fi\u2019ne ilgi duyan b\u00fct\u00fcn m\u00fczikseverleri, standart m\u00fczik formlar\u0131yla\/bi\u00e7imleriyle tan\u0131\u015ft\u0131rmak ve ger\u00e7ek anlam\u0131yla m\u00fczik analizinin nas\u0131l yap\u0131laca\u011f\u0131n\u0131 \u00f6\u011fretecek teknik becerileri<span class=\"excerpt-hellip\"> [\u2026]<\/span><\/p>\n","protected":false},"featured_media":0,"template":"","meta":{"_monsterinsights_skip_tracking":false,"_monsterinsights_sitenote_active":false,"_monsterinsights_sitenote_note":"","_monsterinsights_sitenote_category":0},"product_brand":[],"product_cat":[12274,12649],"product_tag":[],"class_list":{"0":"post-712039","1":"product","2":"type-product","3":"status-publish","5":"product_cat-cocuk-ve-genclik-kitaplari","6":"product_cat-hobi-muzik","7":"pa_cilt-ciltsiz","8":"pa_tur-kitap","9":"pa_yayinevi-muzik-egitimi-yayinlari","10":"pa_yazar-mesruh-savas","12":"first","13":"instock","14":"sale","15":"shipping-taxable","16":"purchasable","17":"product-type-simple"},"_links":{"self":[{"href":"https:\/\/roveyayinevi.com.tr\/index.php\/wp-json\/wp\/v2\/product\/712039","targetHints":{"allow":["GET"]}}],"collection":[{"href":"https:\/\/roveyayinevi.com.tr\/index.php\/wp-json\/wp\/v2\/product"}],"about":[{"href":"https:\/\/roveyayinevi.com.tr\/index.php\/wp-json\/wp\/v2\/types\/product"}],"wp:attachment":[{"href":"https:\/\/roveyayinevi.com.tr\/index.php\/wp-json\/wp\/v2\/media?parent=712039"}],"wp:term":[{"taxonomy":"product_brand","embeddable":true,"href":"https:\/\/roveyayinevi.com.tr\/index.php\/wp-json\/wp\/v2\/product_brand?post=712039"},{"taxonomy":"product_cat","embeddable":true,"href":"https:\/\/roveyayinevi.com.tr\/index.php\/wp-json\/wp\/v2\/product_cat?post=712039"},{"taxonomy":"product_tag","embeddable":true,"href":"https:\/\/roveyayinevi.com.tr\/index.php\/wp-json\/wp\/v2\/product_tag?post=712039"}],"curies":[{"name":"wp","href":"https:\/\/api.w.org\/{rel}","templated":true}]}}