{"id":712036,"date":"2025-08-27T16:51:42","date_gmt":"2025-08-27T13:51:42","guid":{"rendered":"https:\/\/roveyayinevi.com.tr\/index.php\/urun\/kuresel-bakisla-kutup-cagi-3-tarihi-ve-hukuki-perspektif-ekolojik-donusum\/"},"modified":"2026-04-16T02:20:37","modified_gmt":"2026-04-15T23:20:37","slug":"kuresel-bakisla-kutup-cagi-3-tarihi-ve-hukuki-perspektif-ekolojik-donusum","status":"publish","type":"product","link":"https:\/\/roveyayinevi.com.tr\/index.php\/urun\/kuresel-bakisla-kutup-cagi-3-tarihi-ve-hukuki-perspektif-ekolojik-donusum\/","title":{"rendered":"K\u00fcresel Bak\u0131\u015fla Kutup \u00c7a\u011f\u0131 3 Tarihi ve Hukuki Perspektif &#8211; Ekolojik D\u00f6n\u00fc\u015f\u00fcm"},"content":{"rendered":"<p>Alan\u0131nda uzman bilim insanlar\u0131n\u0131n yer ald\u0131\u011f\u0131 yay\u0131n serisinin, \u201cK\u00fcresel Bak\u0131\u015fla Kutup \u00c7a\u011f\u0131: Tarihi ve Hukuki Perspektif-Ekolojik D\u00f6n\u00fc\u015f\u00fcm\u201d adl\u0131 \u00fc\u00e7\u00fcnc\u00fc kitab\u0131nda; uluslararas\u0131, dinler aras\u0131 ve hatta k\u0131talararas\u0131 etkile\u015fimi ba\u015flatan ve bunlar\u0131 farkl\u0131 bir boyuta ta\u015f\u0131yan Ke\u015fifler \u00c7a\u011f\u0131\u2019n\u0131n birinci a\u015famas\u0131 ile Avrupal\u0131 toplumlar\u0131n \u00f6zellikle ekonomik, siyasi, k\u00fclt\u00fcrel ve teknolojik alanlarda b\u00fcy\u00fck hamleler yapmaya ba\u015flamalar\u0131 aras\u0131ndaki ba\u011flant\u0131 ortaya koyulmu\u015ftur. Co\u011frafi Ke\u015fifler \u00c7a\u011f\u0131\u2019n\u0131n ikinci a\u015famas\u0131 olarak g\u00f6r\u00fclen Y\u00fcksek Kuzey\u2019in ke\u015ffinin, yeni teknolojik geli\u015fmeler ve iklim de\u011fi\u015fikli\u011fi dedikkate al\u0131narak, ilk y\u0131llar\u0131ndan Birinci D\u00fcnya Sava\u015f\u0131 \u00f6ncesine kadar g\u00f6sterdi\u011fi geli\u015fimi ve bu geli\u015fimin Kuzey \u00fclkelerine yans\u0131yan ekonomik, siyasi ve bilimseletkileri analiz edilmi\u015ftir. Serinin bu kitab\u0131, kutup co\u011frafyalar\u0131n\u0131n uluslararas\u0131 hukuk ba\u011flam\u0131nda de\u011ferlendirilmesi yapm\u0131\u015ft\u0131r. G\u00fcn\u00fcm\u00fczde meydana gelen g\u00fcvenlik kavram\u0131ndaki de\u011fi\u015fimler, Antarktika \u00f6rne\u011fi \u00fczerinden incelenmi\u015ftir. <\/p>\n","protected":false},"excerpt":{"rendered":"<p>Alan\u0131nda uzman bilim insanlar\u0131n\u0131n yer ald\u0131\u011f\u0131 yay\u0131n serisinin, \u201cK\u00fcresel Bak\u0131\u015fla Kutup \u00c7a\u011f\u0131: Tarihi ve Hukuki Perspektif-Ekolojik D\u00f6n\u00fc\u015f\u00fcm\u201d adl\u0131 \u00fc\u00e7\u00fcnc\u00fc kitab\u0131nda; uluslararas\u0131, dinler aras\u0131 ve hatta k\u0131talararas\u0131<span class=\"excerpt-hellip\"> [\u2026]<\/span><\/p>\n","protected":false},"featured_media":0,"template":"","meta":{"_monsterinsights_skip_tracking":false,"_monsterinsights_sitenote_active":false,"_monsterinsights_sitenote_note":"","_monsterinsights_sitenote_category":0},"product_brand":[],"product_cat":[12312,12304],"product_tag":[],"class_list":{"0":"post-712036","1":"product","2":"type-product","3":"status-publish","5":"product_cat-diger","6":"product_cat-tarih","7":"pa_cilt-ciltsiz","8":"pa_tur-kitap","9":"pa_yayinevi-efil-yayinevi","10":"pa_yazar-kollektif","12":"first","13":"instock","14":"sale","15":"shipping-taxable","16":"purchasable","17":"product-type-simple"},"_links":{"self":[{"href":"https:\/\/roveyayinevi.com.tr\/index.php\/wp-json\/wp\/v2\/product\/712036","targetHints":{"allow":["GET"]}}],"collection":[{"href":"https:\/\/roveyayinevi.com.tr\/index.php\/wp-json\/wp\/v2\/product"}],"about":[{"href":"https:\/\/roveyayinevi.com.tr\/index.php\/wp-json\/wp\/v2\/types\/product"}],"wp:attachment":[{"href":"https:\/\/roveyayinevi.com.tr\/index.php\/wp-json\/wp\/v2\/media?parent=712036"}],"wp:term":[{"taxonomy":"product_brand","embeddable":true,"href":"https:\/\/roveyayinevi.com.tr\/index.php\/wp-json\/wp\/v2\/product_brand?post=712036"},{"taxonomy":"product_cat","embeddable":true,"href":"https:\/\/roveyayinevi.com.tr\/index.php\/wp-json\/wp\/v2\/product_cat?post=712036"},{"taxonomy":"product_tag","embeddable":true,"href":"https:\/\/roveyayinevi.com.tr\/index.php\/wp-json\/wp\/v2\/product_tag?post=712036"}],"curies":[{"name":"wp","href":"https:\/\/api.w.org\/{rel}","templated":true}]}}