{"id":712035,"date":"2025-08-27T16:51:42","date_gmt":"2025-08-27T13:51:42","guid":{"rendered":"https:\/\/roveyayinevi.com.tr\/index.php\/urun\/almanyada-yuksek-lisans-ve-doktora-egitimi-tip-ogrencileri-icin-rehber\/"},"modified":"2026-04-16T02:20:37","modified_gmt":"2026-04-15T23:20:37","slug":"almanyada-yuksek-lisans-ve-doktora-egitimi-tip-ogrencileri-icin-rehber","status":"publish","type":"product","link":"https:\/\/roveyayinevi.com.tr\/index.php\/urun\/almanyada-yuksek-lisans-ve-doktora-egitimi-tip-ogrencileri-icin-rehber\/","title":{"rendered":"Almanya&#8217;da Y\u00fcksek Lisans Ve Doktora E\u011fitimi &#8211; T\u0131p \u00d6\u011frencileri \u0130\u00e7in Rehber"},"content":{"rendered":"<p>\u0130\u00c7\u0130NDEK\u0130LER    \u0130thaf Te\u015fekk\u00fcr \u00d6ns\u00f6z \u0130\u00e7indekiler \u015eekiller Tablolar Giri\u015f Almanya Federal Cumhuriyeti\u2019ni Tan\u0131yal\u0131m Avrupa\u2019da Yeni Beyin G\u00f6\u00e7\u00fc Almanya\u2019daki Y\u00fcksek Lisans ve Doktora E\u011fitimine Genel Bak\u0131\u015f Almanya\u2019da Y\u00fcksek Lisans E\u011fitimi Alan Yabanc\u0131 \u00d6\u011frencilere Genel Bak\u0131\u015f Almanya\u2019da Doktora E\u011fitimi Alan Yabanc\u0131 \u00d6\u011frencilere Genel Bak\u0131\u015f Almanya\u2019da  \u00c7al\u0131\u015fan Yabanc\u0131 Akademisyenler Almanya\u2019n\u0131n En \u0130yi \u00dcniversiteleri S\u0131ralamas\u0131 Almanya\u2019daki Y\u00fcksek Lisans ve Doktora Programlar\u0131n\u0131 Arama Motorlar\u0131 Y\u00fcksek Lisans ve Doktora E\u011fitimi \u0130\u00e7in Burslar Almanya\u2019daki Ara\u015ft\u0131rma Kurulu\u015flar\u0131na Genel Bak\u0131\u015f Y\u00fcksek Lisans ve Doktora E\u011fitimi \u0130\u00e7in \u00dcniversitelere ve Ara\u015ft\u0131rma Enstit\u00fclerine Ba\u015fvuru TOEFL Almanya\u2019da Y\u00fcksek Lisans ve Doktora E\u011fitimi Almak \u0130\u00e7in Yol Haritas\u0131 Almanya\u2019da Y\u00fcksek Lisans E\u011fitimi Alanlar\u0131n T\u00fcrkiye\u2019de Denkli\u011fi Almanya\u2019da Doktora Unvan\u0131 Alanlar\u0131n T\u00fcrkiye\u2019de Denkli\u011fi <\/p>\n","protected":false},"excerpt":{"rendered":"<p>\u0130\u00c7\u0130NDEK\u0130LER \u0130thaf Te\u015fekk\u00fcr \u00d6ns\u00f6z \u0130\u00e7indekiler \u015eekiller Tablolar Giri\u015f Almanya Federal Cumhuriyeti\u2019ni Tan\u0131yal\u0131m Avrupa\u2019da Yeni Beyin G\u00f6\u00e7\u00fc Almanya\u2019daki Y\u00fcksek Lisans ve Doktora E\u011fitimine Genel Bak\u0131\u015f Almanya\u2019da Y\u00fcksek<span class=\"excerpt-hellip\"> [\u2026]<\/span><\/p>\n","protected":false},"featured_media":0,"template":"","meta":{"_monsterinsights_skip_tracking":false,"_monsterinsights_sitenote_active":false,"_monsterinsights_sitenote_note":"","_monsterinsights_sitenote_category":0},"product_brand":[],"product_cat":[12573,12566],"product_tag":[],"class_list":{"0":"post-712035","1":"product","2":"type-product","3":"status-publish","5":"product_cat-akademik-kitaplar","6":"product_cat-egitim","7":"pa_cilt-ciltsiz","8":"pa_tur-kitap","9":"pa_yayinevi-gazi-kitabevi","10":"pa_yazar-mehmet-eren-yuksel","12":"first","13":"instock","14":"sale","15":"shipping-taxable","16":"purchasable","17":"product-type-simple"},"_links":{"self":[{"href":"https:\/\/roveyayinevi.com.tr\/index.php\/wp-json\/wp\/v2\/product\/712035","targetHints":{"allow":["GET"]}}],"collection":[{"href":"https:\/\/roveyayinevi.com.tr\/index.php\/wp-json\/wp\/v2\/product"}],"about":[{"href":"https:\/\/roveyayinevi.com.tr\/index.php\/wp-json\/wp\/v2\/types\/product"}],"wp:attachment":[{"href":"https:\/\/roveyayinevi.com.tr\/index.php\/wp-json\/wp\/v2\/media?parent=712035"}],"wp:term":[{"taxonomy":"product_brand","embeddable":true,"href":"https:\/\/roveyayinevi.com.tr\/index.php\/wp-json\/wp\/v2\/product_brand?post=712035"},{"taxonomy":"product_cat","embeddable":true,"href":"https:\/\/roveyayinevi.com.tr\/index.php\/wp-json\/wp\/v2\/product_cat?post=712035"},{"taxonomy":"product_tag","embeddable":true,"href":"https:\/\/roveyayinevi.com.tr\/index.php\/wp-json\/wp\/v2\/product_tag?post=712035"}],"curies":[{"name":"wp","href":"https:\/\/api.w.org\/{rel}","templated":true}]}}