{"id":712030,"date":"2025-08-27T16:51:39","date_gmt":"2025-08-27T13:51:39","guid":{"rendered":"https:\/\/roveyayinevi.com.tr\/index.php\/urun\/cikolata-fabrikasi\/"},"modified":"2026-04-16T02:20:37","modified_gmt":"2026-04-15T23:20:37","slug":"cikolata-fabrikasi","status":"publish","type":"product","link":"https:\/\/roveyayinevi.com.tr\/index.php\/urun\/cikolata-fabrikasi\/","title":{"rendered":"\u00c7ikolata Fabrikas\u0131"},"content":{"rendered":"<p>\u0130kiz karde\u015fler Lily ile Oz onlara eski bir ev miras kald\u0131\u011f\u0131n\u0131 \u00f6\u011frendiklerinde ne d\u00fc\u015f\u00fcneceklerini bilememi\u015flerdi. Eski semtlerinden ve arkada\u015flar\u0131ndan ayr\u0131lmak can s\u0131k\u0131c\u0131yd\u0131. \u00dcstelik yeni evde \u00e7ok tuhaf \u015feyler oluyordu. Ba\u015flarda Lily duvar k\u00e2\u011f\u0131tlar\u0131ndaki konu\u015fan \u00e7i\u00e7ekleri r\u00fcyas\u0131nda g\u00f6rd\u00fc\u011f\u00fcn\u00fc sand\u0131; ancak kilerde, konu\u015fan bir kediyle tan\u0131\u015f\u0131nca evin ger\u00e7ekten de garip oldu\u011funu kabul etmek zorunda kald\u0131. Kedi, ikizlere aile tarihleriyle ilgili \u015fa\u015f\u0131rt\u0131c\u0131 \u015feyler anlatt\u0131 ve onlar\u0131n da do\u011fa\u00fcst\u00fc yetenekleri oldu\u011funu s\u00f6yledi. Ayr\u0131ca bu kedi devletin gizli bir biriminde \u00e7al\u0131\u015f\u0131yordu ve \u00e7ocuklar\u0131 zorlu g\u00f6revler bekliyordu. \ufffc<\/p>\n","protected":false},"excerpt":{"rendered":"<p>\u0130kiz karde\u015fler Lily ile Oz onlara eski bir ev miras kald\u0131\u011f\u0131n\u0131 \u00f6\u011frendiklerinde ne d\u00fc\u015f\u00fcneceklerini bilememi\u015flerdi. Eski semtlerinden ve arkada\u015flar\u0131ndan ayr\u0131lmak can s\u0131k\u0131c\u0131yd\u0131. \u00dcstelik yeni evde \u00e7ok<span class=\"excerpt-hellip\"> [\u2026]<\/span><\/p>\n","protected":false},"featured_media":0,"template":"","meta":{"_monsterinsights_skip_tracking":false,"_monsterinsights_sitenote_active":false,"_monsterinsights_sitenote_note":"","_monsterinsights_sitenote_category":0},"product_brand":[],"product_cat":[12274,12284],"product_tag":[],"class_list":{"0":"post-712030","1":"product","2":"type-product","3":"status-publish","5":"product_cat-cocuk-ve-genclik-kitaplari","6":"product_cat-hikayeler","7":"pa_cilt-ciltsiz","8":"pa_tur-kitap","9":"pa_yayinevi-is-bankasi-kultur-yayinlari","10":"pa_yazar-kate-saunders","12":"first","13":"instock","14":"sale","15":"shipping-taxable","16":"purchasable","17":"product-type-simple"},"_links":{"self":[{"href":"https:\/\/roveyayinevi.com.tr\/index.php\/wp-json\/wp\/v2\/product\/712030","targetHints":{"allow":["GET"]}}],"collection":[{"href":"https:\/\/roveyayinevi.com.tr\/index.php\/wp-json\/wp\/v2\/product"}],"about":[{"href":"https:\/\/roveyayinevi.com.tr\/index.php\/wp-json\/wp\/v2\/types\/product"}],"wp:attachment":[{"href":"https:\/\/roveyayinevi.com.tr\/index.php\/wp-json\/wp\/v2\/media?parent=712030"}],"wp:term":[{"taxonomy":"product_brand","embeddable":true,"href":"https:\/\/roveyayinevi.com.tr\/index.php\/wp-json\/wp\/v2\/product_brand?post=712030"},{"taxonomy":"product_cat","embeddable":true,"href":"https:\/\/roveyayinevi.com.tr\/index.php\/wp-json\/wp\/v2\/product_cat?post=712030"},{"taxonomy":"product_tag","embeddable":true,"href":"https:\/\/roveyayinevi.com.tr\/index.php\/wp-json\/wp\/v2\/product_tag?post=712030"}],"curies":[{"name":"wp","href":"https:\/\/api.w.org\/{rel}","templated":true}]}}