{"id":712029,"date":"2025-08-27T16:51:38","date_gmt":"2025-08-27T13:51:38","guid":{"rendered":"https:\/\/roveyayinevi.com.tr\/index.php\/urun\/caglar-makarna-pisiriyor-ilk-okuma-kitabim\/"},"modified":"2026-04-12T02:24:49","modified_gmt":"2026-04-11T23:24:49","slug":"caglar-makarna-pisiriyor-ilk-okuma-kitabim","status":"publish","type":"product","link":"https:\/\/roveyayinevi.com.tr\/index.php\/urun\/caglar-makarna-pisiriyor-ilk-okuma-kitabim\/","title":{"rendered":"\u00c7a\u011flar Makarna Pi\u015firiyor &#8211; \u0130lk Okuma Kitab\u0131m"},"content":{"rendered":"<p>O g\u00fcn ak\u015fam yeme\u011fini \u00c7a\u011flar, abisi F\u0131rat ve en yak\u0131n arkada\u015f\u0131 Pelin haz\u0131rlayacakt\u0131. Bir an \u00f6nce i\u015fe koyulmalar\u0131 gerekiyordu! \u00c7\u00fcnk\u00fc domates soslu makarna yapmak san\u0131ld\u0131\u011f\u0131 kadar kolay de\u011fildi! Neyse ki \u00c7a\u011flar\u2019\u0131n babas\u0131 da onlara yard\u0131m edecekti. Ak\u015fam \u2018\u00c7a\u011flar soslu\u2019 makarna sofraya kondu\u011funda herkesin fikri ayn\u0131 oldu: \u201c\u00c7ok lezzetli!\u201d \ufffcTan\u0131t\u0131m Metni<\/p>\n","protected":false},"excerpt":{"rendered":"<p>O g\u00fcn ak\u015fam yeme\u011fini \u00c7a\u011flar, abisi F\u0131rat ve en yak\u0131n arkada\u015f\u0131 Pelin haz\u0131rlayacakt\u0131. Bir an \u00f6nce i\u015fe koyulmalar\u0131 gerekiyordu! \u00c7\u00fcnk\u00fc domates soslu makarna yapmak san\u0131ld\u0131\u011f\u0131 kadar<span class=\"excerpt-hellip\"> [\u2026]<\/span><\/p>\n","protected":false},"featured_media":0,"template":"","meta":{"_monsterinsights_skip_tracking":false,"_monsterinsights_sitenote_active":false,"_monsterinsights_sitenote_note":"","_monsterinsights_sitenote_category":0},"product_brand":[],"product_cat":[12274,12284],"product_tag":[],"class_list":{"0":"post-712029","1":"product","2":"type-product","3":"status-publish","5":"product_cat-cocuk-ve-genclik-kitaplari","6":"product_cat-hikayeler","7":"pa_cilt-ciltsiz","8":"pa_tur-kitap","9":"pa_yayinevi-is-bankasi-kultur-yayinlari","10":"pa_yazar-christian-tielmann","12":"first","13":"instock","14":"sale","15":"shipping-taxable","16":"purchasable","17":"product-type-simple"},"_links":{"self":[{"href":"https:\/\/roveyayinevi.com.tr\/index.php\/wp-json\/wp\/v2\/product\/712029","targetHints":{"allow":["GET"]}}],"collection":[{"href":"https:\/\/roveyayinevi.com.tr\/index.php\/wp-json\/wp\/v2\/product"}],"about":[{"href":"https:\/\/roveyayinevi.com.tr\/index.php\/wp-json\/wp\/v2\/types\/product"}],"wp:attachment":[{"href":"https:\/\/roveyayinevi.com.tr\/index.php\/wp-json\/wp\/v2\/media?parent=712029"}],"wp:term":[{"taxonomy":"product_brand","embeddable":true,"href":"https:\/\/roveyayinevi.com.tr\/index.php\/wp-json\/wp\/v2\/product_brand?post=712029"},{"taxonomy":"product_cat","embeddable":true,"href":"https:\/\/roveyayinevi.com.tr\/index.php\/wp-json\/wp\/v2\/product_cat?post=712029"},{"taxonomy":"product_tag","embeddable":true,"href":"https:\/\/roveyayinevi.com.tr\/index.php\/wp-json\/wp\/v2\/product_tag?post=712029"}],"curies":[{"name":"wp","href":"https:\/\/api.w.org\/{rel}","templated":true}]}}