{"id":712028,"date":"2025-08-27T16:51:38","date_gmt":"2025-08-27T13:51:38","guid":{"rendered":"https:\/\/roveyayinevi.com.tr\/index.php\/urun\/gece-vardiyasi-2\/"},"modified":"2026-04-16T02:20:37","modified_gmt":"2026-04-15T23:20:37","slug":"gece-vardiyasi-2","status":"publish","type":"product","link":"https:\/\/roveyayinevi.com.tr\/index.php\/urun\/gece-vardiyasi-2\/","title":{"rendered":"Gece Vardiyas\u0131"},"content":{"rendered":"<p>B\u00dcY\u00dcK CAN DED\u0130 K\u0130:   Kovalamay\u0131n beni yata\u011fa Hi\u00e7 uykum yok Daha l\u00e2f\u0131n\u0131za kar\u0131\u015faca\u011f\u0131m Ortal\u0131\u011f\u0131 da\u011f\u0131taca\u011f\u0131m Televizyonu kapataca\u011f\u0131m Ay\u00e7i\u00e7e\u011fi resmi yapaca\u011f\u0131m daha Ba\u015fparma\u011f\u0131ma \u015fiir okuyaca\u011f\u0131m Isl\u0131k \u00e7alaca\u011f\u0131m Daha \u00e7ok i\u015fim var Gecenizi karartaca\u011f\u0131m K\u00fctahya vazonuzu k\u0131raca\u011f\u0131m Vakitsiz yat\u0131rmay\u0131n beni Daha \u00e7ok erken   <\/p>\n","protected":false},"excerpt":{"rendered":"<p>B\u00dcY\u00dcK CAN DED\u0130 K\u0130: Kovalamay\u0131n beni yata\u011fa Hi\u00e7 uykum yok Daha l\u00e2f\u0131n\u0131za kar\u0131\u015faca\u011f\u0131m Ortal\u0131\u011f\u0131 da\u011f\u0131taca\u011f\u0131m Televizyonu kapataca\u011f\u0131m Ay\u00e7i\u00e7e\u011fi resmi yapaca\u011f\u0131m daha Ba\u015fparma\u011f\u0131ma \u015fiir okuyaca\u011f\u0131m Isl\u0131k \u00e7alaca\u011f\u0131m<span class=\"excerpt-hellip\"> [\u2026]<\/span><\/p>\n","protected":false},"featured_media":0,"template":"","meta":{"_monsterinsights_skip_tracking":false,"_monsterinsights_sitenote_active":false,"_monsterinsights_sitenote_note":"","_monsterinsights_sitenote_category":0},"product_brand":[],"product_cat":[12291,12509],"product_tag":[],"class_list":{"0":"post-712028","1":"product","2":"type-product","3":"status-publish","5":"product_cat-edebiyat","6":"product_cat-siir","7":"pa_cilt-ciltsiz","8":"pa_tur-kitap","9":"pa_yayinevi-is-bankasi-kultur-yayinlari","10":"pa_yazar-can-yucel","12":"first","13":"instock","14":"sale","15":"shipping-taxable","16":"purchasable","17":"product-type-simple"},"_links":{"self":[{"href":"https:\/\/roveyayinevi.com.tr\/index.php\/wp-json\/wp\/v2\/product\/712028","targetHints":{"allow":["GET"]}}],"collection":[{"href":"https:\/\/roveyayinevi.com.tr\/index.php\/wp-json\/wp\/v2\/product"}],"about":[{"href":"https:\/\/roveyayinevi.com.tr\/index.php\/wp-json\/wp\/v2\/types\/product"}],"wp:attachment":[{"href":"https:\/\/roveyayinevi.com.tr\/index.php\/wp-json\/wp\/v2\/media?parent=712028"}],"wp:term":[{"taxonomy":"product_brand","embeddable":true,"href":"https:\/\/roveyayinevi.com.tr\/index.php\/wp-json\/wp\/v2\/product_brand?post=712028"},{"taxonomy":"product_cat","embeddable":true,"href":"https:\/\/roveyayinevi.com.tr\/index.php\/wp-json\/wp\/v2\/product_cat?post=712028"},{"taxonomy":"product_tag","embeddable":true,"href":"https:\/\/roveyayinevi.com.tr\/index.php\/wp-json\/wp\/v2\/product_tag?post=712028"}],"curies":[{"name":"wp","href":"https:\/\/api.w.org\/{rel}","templated":true}]}}