{"id":712025,"date":"2025-08-27T16:51:36","date_gmt":"2025-08-27T13:51:36","guid":{"rendered":"https:\/\/roveyayinevi.com.tr\/index.php\/urun\/frank-einstein-ve-elektrik-kumandasi-2\/"},"modified":"2026-04-16T02:20:37","modified_gmt":"2026-04-15T23:20:37","slug":"frank-einstein-ve-elektrik-kumandasi-2","status":"publish","type":"product","link":"https:\/\/roveyayinevi.com.tr\/index.php\/urun\/frank-einstein-ve-elektrik-kumandasi-2\/","title":{"rendered":"Frank Einstein ve Elektrik Kumandas\u0131 &#8211; 2"},"content":{"rendered":"<p>\u201cSaftirik Greg\u2019in G\u00fcnl\u00fc\u011f\u00fc\u201d serisinin yazar\u0131 Jeff Kinney\u2019nin \u00e7ocuklara tavsiyesi!  K\u00fc\u00e7\u00fck okuyuculara bilimi sevdiren kitaplar!  22 farkl\u0131 dilde yay\u0131nland\u0131!  -2015 Royal Society Young People\u2019s Kitap \u00d6d\u00fcl\u00fc- Frank Einstein (A) bir dahi \u00e7ocuk ve mucit. Klink (B) kendi kendine olu\u015fmu\u015f bir yapay zek\u00e2 varl\u0131\u011f\u0131. Klank (C) daha \u00e7ok kendi kendine olu\u015fmu\u015f bir neredeyse yapay zek\u00e2 varl\u0131\u011f\u0131. Birlikte b\u00fct\u00fcn kasaba i\u00e7in \u00e7ok yararl\u0131 olacak Elektrik Kumandas\u0131\u2019n\u0131 yarat\u0131yorlar. Ancak Frank\u2019in s\u0131n\u0131f arkada\u015f\u0131 ve en b\u00fcy\u00fck rakibi T. Edison, yard\u0131mc\u0131s\u0131 Bay \u015eempanze ile her \u015feyi mahvediyor! \u201cBilimin bu kadar e\u011flenceli olabilece\u011fini hi\u00e7 d\u00fc\u015f\u00fcnmemi\u015ftim&#8230; Frank Einstein\u2019\u0131 okuyana kadar. \u00c7ocuklar \u00e7ok g\u00fclecek!\u201d Jeff Kinney, Saftirik Greg\u2019in G\u00fcnl\u00fc\u011f\u00fc serisinin yazar\u0131 \u201cSevgili Einstein, l\u00fctfen zaman makinesini icat et ve kitaplar\u0131n\u0131 1978 y\u0131l\u0131na, bana g\u00f6nder. Yan\u0131nda bir de kaykay olsun l\u00fctfen. -Tommy\u201d -Tom Angleberger, Origami Yoda \u201c\u00c7ocuklar Frank Einstein\u2019a bay\u0131lacak.\u201d -Eoin Colfer, Artemis Fowl <\/p>\n","protected":false},"excerpt":{"rendered":"<p>\u201cSaftirik Greg\u2019in G\u00fcnl\u00fc\u011f\u00fc\u201d serisinin yazar\u0131 Jeff Kinney\u2019nin \u00e7ocuklara tavsiyesi! K\u00fc\u00e7\u00fck okuyuculara bilimi sevdiren kitaplar! 22 farkl\u0131 dilde yay\u0131nland\u0131! -2015 Royal Society Young People\u2019s Kitap \u00d6d\u00fcl\u00fc- Frank<span class=\"excerpt-hellip\"> [\u2026]<\/span><\/p>\n","protected":false},"featured_media":0,"template":"","meta":{"_monsterinsights_skip_tracking":false,"_monsterinsights_sitenote_active":false,"_monsterinsights_sitenote_note":"","_monsterinsights_sitenote_category":0},"product_brand":[],"product_cat":[12275,12274],"product_tag":[],"class_list":{"0":"post-712025","1":"product","2":"type-product","3":"status-publish","5":"product_cat-6-12-yas-kitaplari","6":"product_cat-cocuk-ve-genclik-kitaplari","7":"pa_cilt-ciltli","8":"pa_tur-kitap","9":"pa_yayinevi-epsilon-yayinlari","10":"pa_yazar-jon-scieszka","12":"first","13":"instock","14":"sale","15":"shipping-taxable","16":"purchasable","17":"product-type-simple"},"_links":{"self":[{"href":"https:\/\/roveyayinevi.com.tr\/index.php\/wp-json\/wp\/v2\/product\/712025","targetHints":{"allow":["GET"]}}],"collection":[{"href":"https:\/\/roveyayinevi.com.tr\/index.php\/wp-json\/wp\/v2\/product"}],"about":[{"href":"https:\/\/roveyayinevi.com.tr\/index.php\/wp-json\/wp\/v2\/types\/product"}],"wp:attachment":[{"href":"https:\/\/roveyayinevi.com.tr\/index.php\/wp-json\/wp\/v2\/media?parent=712025"}],"wp:term":[{"taxonomy":"product_brand","embeddable":true,"href":"https:\/\/roveyayinevi.com.tr\/index.php\/wp-json\/wp\/v2\/product_brand?post=712025"},{"taxonomy":"product_cat","embeddable":true,"href":"https:\/\/roveyayinevi.com.tr\/index.php\/wp-json\/wp\/v2\/product_cat?post=712025"},{"taxonomy":"product_tag","embeddable":true,"href":"https:\/\/roveyayinevi.com.tr\/index.php\/wp-json\/wp\/v2\/product_tag?post=712025"}],"curies":[{"name":"wp","href":"https:\/\/api.w.org\/{rel}","templated":true}]}}