{"id":712024,"date":"2025-08-27T16:51:35","date_gmt":"2025-08-27T13:51:35","guid":{"rendered":"https:\/\/roveyayinevi.com.tr\/index.php\/urun\/ynin-tarifleri\/"},"modified":"2026-04-16T02:20:37","modified_gmt":"2026-04-15T23:20:37","slug":"ynin-tarifleri","status":"publish","type":"product","link":"https:\/\/roveyayinevi.com.tr\/index.php\/urun\/ynin-tarifleri\/","title":{"rendered":"Y&#8217;nin Tarifleri"},"content":{"rendered":"<p>Y\u2019nin can\u0131 bazen ger\u00e7ekten \u00e7ok s\u0131k\u0131l\u0131yordu. \u00d6zellikle de \u015fu hi\u00e7 ho\u015flanmad\u0131\u011f\u0131 aile bulu\u015fmalar\u0131ndan sonra. \u00c7\u00fcnk\u00fc ba\u015far\u0131lar\u0131yla \u00f6ve \u00f6ve bitirilemeyen kuzenlerinin yan\u0131nda sus pus beklemek zorunda kal\u0131yordu, hem de saatlerce! Y kuzenleri gibi de\u011fildi ki, herhalde sadece, \u201cd\u00fcnyan\u0131n en i\u015fe yaramaz \u00e7ocu\u011fu\u201d madalyas\u0131n\u0131 kazanabilirdi. Bu y\u00fczden de anne ve babas\u0131n\u0131n Y hakk\u0131nda anlatacak hi\u00e7bir \u015feyi olmuyordu. En az\u0131ndan Y b\u00f6yle d\u00fc\u015f\u00fcn\u00fcyordu. Belki de tek yapmas\u0131 gereken kendi yetene\u011fini ke\u015ffetmekti. <\/p>\n","protected":false},"excerpt":{"rendered":"<p>Y\u2019nin can\u0131 bazen ger\u00e7ekten \u00e7ok s\u0131k\u0131l\u0131yordu. \u00d6zellikle de \u015fu hi\u00e7 ho\u015flanmad\u0131\u011f\u0131 aile bulu\u015fmalar\u0131ndan sonra. \u00c7\u00fcnk\u00fc ba\u015far\u0131lar\u0131yla \u00f6ve \u00f6ve bitirilemeyen kuzenlerinin yan\u0131nda sus pus beklemek zorunda kal\u0131yordu,<span class=\"excerpt-hellip\"> [\u2026]<\/span><\/p>\n","protected":false},"featured_media":0,"template":"","meta":{"_monsterinsights_skip_tracking":false,"_monsterinsights_sitenote_active":false,"_monsterinsights_sitenote_note":"","_monsterinsights_sitenote_category":0},"product_brand":[],"product_cat":[12275,12274],"product_tag":[],"class_list":{"0":"post-712024","1":"product","2":"type-product","3":"status-publish","5":"product_cat-6-12-yas-kitaplari","6":"product_cat-cocuk-ve-genclik-kitaplari","7":"pa_cilt-ciltsiz","8":"pa_tur-kitap","9":"pa_yayinevi-kirmizi-kedi-yayinevi","10":"pa_yazar-nazli-deniz-guler","12":"first","13":"instock","14":"sale","15":"shipping-taxable","16":"purchasable","17":"product-type-simple"},"_links":{"self":[{"href":"https:\/\/roveyayinevi.com.tr\/index.php\/wp-json\/wp\/v2\/product\/712024","targetHints":{"allow":["GET"]}}],"collection":[{"href":"https:\/\/roveyayinevi.com.tr\/index.php\/wp-json\/wp\/v2\/product"}],"about":[{"href":"https:\/\/roveyayinevi.com.tr\/index.php\/wp-json\/wp\/v2\/types\/product"}],"wp:attachment":[{"href":"https:\/\/roveyayinevi.com.tr\/index.php\/wp-json\/wp\/v2\/media?parent=712024"}],"wp:term":[{"taxonomy":"product_brand","embeddable":true,"href":"https:\/\/roveyayinevi.com.tr\/index.php\/wp-json\/wp\/v2\/product_brand?post=712024"},{"taxonomy":"product_cat","embeddable":true,"href":"https:\/\/roveyayinevi.com.tr\/index.php\/wp-json\/wp\/v2\/product_cat?post=712024"},{"taxonomy":"product_tag","embeddable":true,"href":"https:\/\/roveyayinevi.com.tr\/index.php\/wp-json\/wp\/v2\/product_tag?post=712024"}],"curies":[{"name":"wp","href":"https:\/\/api.w.org\/{rel}","templated":true}]}}