{"id":712021,"date":"2025-08-27T16:51:33","date_gmt":"2025-08-27T13:51:33","guid":{"rendered":"https:\/\/roveyayinevi.com.tr\/index.php\/urun\/orman-kitabi-ciltli\/"},"modified":"2026-04-16T02:20:37","modified_gmt":"2026-04-15T23:20:37","slug":"orman-kitabi-ciltli","status":"publish","type":"product","link":"https:\/\/roveyayinevi.com.tr\/index.php\/urun\/orman-kitabi-ciltli\/","title":{"rendered":"Orman Kitab\u0131 (Ciltli)"},"content":{"rendered":"<p>\u0130nsan ve hayvan aras\u0131ndaki dostluk \u00fczerine klasik bir hik\u00e2ye. Mowgli, Shere Khan adl\u0131 k\u00f6t\u00fc bir kaplan\u0131n pen\u00e7elerinden kurtulduktan sonra, bir kurt s\u00fcr\u00fcs\u00fc taraf\u0131ndan evlatl\u0131k al\u0131n\u0131r ve kendine yeni bir ev bulur. Fakat orman hakk\u0131nda hi\u00e7bir bilgisi olmayan Mowgli\u2019nin \u00f6\u011frenmesi gereken \u00e7ok \u015fey vard\u0131. Yard\u0131m\u0131na ise iyi kalpli Ay\u0131 Baloo ve Panter Bhageera yeti\u015fecek ve Mowgli\u2019ye orman\u0131n kanunlar\u0131n\u0131 \u00f6\u011fretecekti. Rikki-Tikki-Tavi adl\u0131 bir firavun faresinin maceralar\u0131, K\u00fc\u00e7\u00fck Toomai ve fillerin gizli dans\u0131 ile Beyaz Fok Kotick, Mowgli\u2019nin hayvan arkada\u015flar\u0131yla \u00e7\u0131kaca\u011f\u0131 s\u0131rad\u0131\u015f\u0131 yolculu\u011fun birer par\u00e7as\u0131 olacakt\u0131. <\/p>\n","protected":false},"excerpt":{"rendered":"<p>\u0130nsan ve hayvan aras\u0131ndaki dostluk \u00fczerine klasik bir hik\u00e2ye. Mowgli, Shere Khan adl\u0131 k\u00f6t\u00fc bir kaplan\u0131n pen\u00e7elerinden kurtulduktan sonra, bir kurt s\u00fcr\u00fcs\u00fc taraf\u0131ndan evlatl\u0131k al\u0131n\u0131r ve<span class=\"excerpt-hellip\"> [\u2026]<\/span><\/p>\n","protected":false},"featured_media":0,"template":"","meta":{"_monsterinsights_skip_tracking":false,"_monsterinsights_sitenote_active":false,"_monsterinsights_sitenote_note":"","_monsterinsights_sitenote_category":0},"product_brand":[],"product_cat":[12274,12467],"product_tag":[],"class_list":{"0":"post-712021","1":"product","2":"type-product","3":"status-publish","5":"product_cat-cocuk-ve-genclik-kitaplari","6":"product_cat-dunya-klasikleri","7":"pa_cilt-ciltli","8":"pa_tur-kitap","9":"pa_yayinevi-yabanci-yayinevi","10":"pa_yazar-rudyard-kipling","12":"first","13":"instock","14":"sale","15":"shipping-taxable","16":"purchasable","17":"product-type-simple"},"_links":{"self":[{"href":"https:\/\/roveyayinevi.com.tr\/index.php\/wp-json\/wp\/v2\/product\/712021","targetHints":{"allow":["GET"]}}],"collection":[{"href":"https:\/\/roveyayinevi.com.tr\/index.php\/wp-json\/wp\/v2\/product"}],"about":[{"href":"https:\/\/roveyayinevi.com.tr\/index.php\/wp-json\/wp\/v2\/types\/product"}],"wp:attachment":[{"href":"https:\/\/roveyayinevi.com.tr\/index.php\/wp-json\/wp\/v2\/media?parent=712021"}],"wp:term":[{"taxonomy":"product_brand","embeddable":true,"href":"https:\/\/roveyayinevi.com.tr\/index.php\/wp-json\/wp\/v2\/product_brand?post=712021"},{"taxonomy":"product_cat","embeddable":true,"href":"https:\/\/roveyayinevi.com.tr\/index.php\/wp-json\/wp\/v2\/product_cat?post=712021"},{"taxonomy":"product_tag","embeddable":true,"href":"https:\/\/roveyayinevi.com.tr\/index.php\/wp-json\/wp\/v2\/product_tag?post=712021"}],"curies":[{"name":"wp","href":"https:\/\/api.w.org\/{rel}","templated":true}]}}