{"id":712020,"date":"2025-08-27T16:51:33","date_gmt":"2025-08-27T13:51:33","guid":{"rendered":"https:\/\/roveyayinevi.com.tr\/index.php\/urun\/gulmek-icimizde\/"},"modified":"2026-04-16T02:20:37","modified_gmt":"2026-04-15T23:20:37","slug":"gulmek-icimizde","status":"publish","type":"product","link":"https:\/\/roveyayinevi.com.tr\/index.php\/urun\/gulmek-icimizde\/","title":{"rendered":"G\u00fclmek \u0130\u00e7imizde"},"content":{"rendered":"<p>Ne\u015fenin de kederin de a\u011flaman\u0131n da g\u00fclmenin de hayata dairoldu\u011funu ustaca anlatan bir kitap: G\u00fclmek \u0130\u00e7imizde.Anne ve babas\u0131n\u0131 bir kazada yitiren sekiz ya\u015f\u0131ndaki Meret,annesinin teyzesi Bayan Hafelbein\u2019\u0131n yan\u0131nda ya\u015famaktad\u0131r.Bayan Hafelbein, \u00e7ocu\u011fu hayata haz\u0131rlamak i\u00e7in b\u00fcy\u00fck \u00e7abasarf eder. D\u00fcnyay\u0131, insan\u0131, hayat\u0131 merak eden Meret, hayatlaba\u015fa \u00e7\u0131kmay\u0131 da \u00f6\u011frenmi\u015ftir. Fakat Meret\u2019in hi\u00e7 arkada\u015f\u0131 yoktur,Bayan Hafelbein\u2019\u0131n te\u015fvikiyle arkada\u015f edinme giri\u015fimlerindebulunur.Meret, g\u00fclmek gibi a\u011flaman\u0131n da insana ili\u015fkin oldu\u011funu,arkada\u015fl\u0131\u011f\u0131n \u00f6nemini s\u0131n\u0131f arkada\u015f\u0131 sulug\u00f6z Annabelle\u2019yi dahayak\u0131ndan tan\u0131d\u0131ktan sonra anlar. <\/p>\n","protected":false},"excerpt":{"rendered":"<p>Ne\u015fenin de kederin de a\u011flaman\u0131n da g\u00fclmenin de hayata dairoldu\u011funu ustaca anlatan bir kitap: G\u00fclmek \u0130\u00e7imizde.Anne ve babas\u0131n\u0131 bir kazada yitiren sekiz ya\u015f\u0131ndaki Meret,annesinin teyzesi Bayan<span class=\"excerpt-hellip\"> [\u2026]<\/span><\/p>\n","protected":false},"featured_media":0,"template":"","meta":{"_monsterinsights_skip_tracking":false,"_monsterinsights_sitenote_active":false,"_monsterinsights_sitenote_note":"","_monsterinsights_sitenote_category":0},"product_brand":[],"product_cat":[12274,12518],"product_tag":[],"class_list":{"0":"post-712020","1":"product","2":"type-product","3":"status-publish","5":"product_cat-cocuk-ve-genclik-kitaplari","6":"product_cat-okul-oncesi-kitaplar","7":"pa_cilt-ciltsiz","8":"pa_tur-kitap","9":"pa_yayinevi-hep-kitap","10":"pa_yazar-petra-fietzek","12":"first","13":"instock","14":"sale","15":"shipping-taxable","16":"purchasable","17":"product-type-simple"},"_links":{"self":[{"href":"https:\/\/roveyayinevi.com.tr\/index.php\/wp-json\/wp\/v2\/product\/712020","targetHints":{"allow":["GET"]}}],"collection":[{"href":"https:\/\/roveyayinevi.com.tr\/index.php\/wp-json\/wp\/v2\/product"}],"about":[{"href":"https:\/\/roveyayinevi.com.tr\/index.php\/wp-json\/wp\/v2\/types\/product"}],"wp:attachment":[{"href":"https:\/\/roveyayinevi.com.tr\/index.php\/wp-json\/wp\/v2\/media?parent=712020"}],"wp:term":[{"taxonomy":"product_brand","embeddable":true,"href":"https:\/\/roveyayinevi.com.tr\/index.php\/wp-json\/wp\/v2\/product_brand?post=712020"},{"taxonomy":"product_cat","embeddable":true,"href":"https:\/\/roveyayinevi.com.tr\/index.php\/wp-json\/wp\/v2\/product_cat?post=712020"},{"taxonomy":"product_tag","embeddable":true,"href":"https:\/\/roveyayinevi.com.tr\/index.php\/wp-json\/wp\/v2\/product_tag?post=712020"}],"curies":[{"name":"wp","href":"https:\/\/api.w.org\/{rel}","templated":true}]}}