{"id":712019,"date":"2025-08-27T16:51:32","date_gmt":"2025-08-27T13:51:32","guid":{"rendered":"https:\/\/roveyayinevi.com.tr\/index.php\/urun\/yeryuzu-muzesi\/"},"modified":"2026-04-16T02:20:37","modified_gmt":"2026-04-15T23:20:37","slug":"yeryuzu-muzesi","status":"publish","type":"product","link":"https:\/\/roveyayinevi.com.tr\/index.php\/urun\/yeryuzu-muzesi\/","title":{"rendered":"Yery\u00fcz\u00fc M\u00fczesi"},"content":{"rendered":"<p>\u201cBilimkurgu Kul\u00fcb\u00fc\u2019n\u00fcn, T\u00fcrkiyeli yazarlar\u0131n bilimkurgu \u00f6yk\u00fclerinden olu\u015fan bir antoloji haz\u0131rl\u0131yor olmas\u0131na \u00e7ok sevindim. Bu zor zamanlarda t\u00fcm yazarlar, yarat\u0131c\u0131l\u0131k ilkesine ba\u011fl\u0131 ya\u015fayan di\u011fer yazarlardan ve bu yazarlara, finansal beklentilerin zincirlerinden kurtulmalar\u0131 konusunda destek veren yay\u0131nevlerinden g\u00fc\u00e7 al\u0131rlar. Her birimiz, d\u00fcnyan\u0131n d\u00f6rt bir yan\u0131nda, b\u00fcy\u00fck bir karanl\u0131kta yolumuzu bulmaya \u00e7al\u0131\u015f\u0131yoruz diyebilirim. B\u00f6yle eserler en ihtiya\u00e7 duydu\u011fumuz vakitlerde yak\u0131lan, etraf\u0131m\u0131zdakileri ve gitmemiz gereken yolu ayd\u0131nlatan lambalard\u0131r. Bu lambalar\u0131n yak\u0131t\u0131 da hayal g\u00fcc\u00fcd\u00fcr. T\u00fcrkiyeli okurlar\u0131m, dostlar\u0131m ve yolda\u015f yazarlar, bu \u0131\u015f\u0131\u011f\u0131n yanmas\u0131na vesile oldu\u011funuz i\u00e7in size te\u015fekk\u00fcr\u00fc bor\u00e7 bilirim.\u201d Ursula K. Le Guin <\/p>\n","protected":false},"excerpt":{"rendered":"<p>\u201cBilimkurgu Kul\u00fcb\u00fc\u2019n\u00fcn, T\u00fcrkiyeli yazarlar\u0131n bilimkurgu \u00f6yk\u00fclerinden olu\u015fan bir antoloji haz\u0131rl\u0131yor olmas\u0131na \u00e7ok sevindim. Bu zor zamanlarda t\u00fcm yazarlar, yarat\u0131c\u0131l\u0131k ilkesine ba\u011fl\u0131 ya\u015fayan di\u011fer yazarlardan ve bu<span class=\"excerpt-hellip\"> [\u2026]<\/span><\/p>\n","protected":false},"featured_media":0,"template":"","meta":{"_monsterinsights_skip_tracking":false,"_monsterinsights_sitenote_active":false,"_monsterinsights_sitenote_note":"","_monsterinsights_sitenote_category":0},"product_brand":[],"product_cat":[12540,12291],"product_tag":[],"class_list":{"0":"post-712019","1":"product","2":"type-product","3":"status-publish","5":"product_cat-bilim-kurgu","6":"product_cat-edebiyat","7":"pa_cilt-ciltsiz","8":"pa_tur-kitap","9":"pa_yayinevi-ithaki-yayinlari","10":"pa_yazar-kollektif","12":"first","13":"instock","14":"sale","15":"shipping-taxable","16":"purchasable","17":"product-type-simple"},"_links":{"self":[{"href":"https:\/\/roveyayinevi.com.tr\/index.php\/wp-json\/wp\/v2\/product\/712019","targetHints":{"allow":["GET"]}}],"collection":[{"href":"https:\/\/roveyayinevi.com.tr\/index.php\/wp-json\/wp\/v2\/product"}],"about":[{"href":"https:\/\/roveyayinevi.com.tr\/index.php\/wp-json\/wp\/v2\/types\/product"}],"wp:attachment":[{"href":"https:\/\/roveyayinevi.com.tr\/index.php\/wp-json\/wp\/v2\/media?parent=712019"}],"wp:term":[{"taxonomy":"product_brand","embeddable":true,"href":"https:\/\/roveyayinevi.com.tr\/index.php\/wp-json\/wp\/v2\/product_brand?post=712019"},{"taxonomy":"product_cat","embeddable":true,"href":"https:\/\/roveyayinevi.com.tr\/index.php\/wp-json\/wp\/v2\/product_cat?post=712019"},{"taxonomy":"product_tag","embeddable":true,"href":"https:\/\/roveyayinevi.com.tr\/index.php\/wp-json\/wp\/v2\/product_tag?post=712019"}],"curies":[{"name":"wp","href":"https:\/\/api.w.org\/{rel}","templated":true}]}}