{"id":712018,"date":"2025-08-27T16:51:32","date_gmt":"2025-08-27T13:51:32","guid":{"rendered":"https:\/\/roveyayinevi.com.tr\/index.php\/urun\/sinemanin-temelleri-teknolojik-bulustan-sanata\/"},"modified":"2026-04-16T02:20:37","modified_gmt":"2026-04-15T23:20:37","slug":"sinemanin-temelleri-teknolojik-bulustan-sanata","status":"publish","type":"product","link":"https:\/\/roveyayinevi.com.tr\/index.php\/urun\/sinemanin-temelleri-teknolojik-bulustan-sanata\/","title":{"rendered":"Sineman\u0131n Temelleri \u2013 Teknolojik Bulu\u015ftan Sanata"},"content":{"rendered":"<p>Sineman\u0131n Temelleri\u2019nde y\u00f6netmen ve senarist R\u0131za K\u0131ra\u00e7 sineman\u0131n do\u011fu\u015fundan bug\u00fcne kadar ge\u00e7en s\u00fcredeki de\u011fi\u015fimini ele al\u0131yor ve film yap\u0131m\u0131n\u0131n inceliklerini okura ak\u0131c\u0131 bir dille anlat\u0131yor: On \u00fc\u00e7 b\u00f6l\u00fcme ayr\u0131lan kitap film kurgusu, g\u00f6r\u00fcnt\u00fc y\u00f6netimi, oyuncu ile mek\u00e2n se\u00e7imi ve film ele\u015ftirmenli\u011fi gibi sinema bile\u015fenlerini masaya yat\u0131r\u0131yor. Hem T\u00fcrkiye ile d\u00fcnya sinemas\u0131n\u0131n geli\u015fimini hem de film yap\u0131m\u0131n\u0131n ayr\u0131nt\u0131lar\u0131n\u0131 \u00f6\u011frenmek isteyenler i\u00e7in Sineman\u0131n Temelleri bir ba\u015fucu kitab\u0131. Tayfun Pirselimo\u011flu\u2019nun sunumuyla. \u201cE\u011fer bir \u015fey yaz\u0131labiliyor veya d\u00fc\u015f\u00fcn\u00fclebiliyorsa, filme \u00e7ekilebilir.\u201d \u2013Stanley Kubrick \u201cSinema, duygular\u0131, d\u00fc\u015fleri ve i\u00e7g\u00fcd\u00fc d\u00fcnyalar\u0131n\u0131 anlatmak i\u00e7in en iyi ara\u00e7t\u0131r.\u201d \u2013Luis Bunuel <\/p>\n","protected":false},"excerpt":{"rendered":"<p>Sineman\u0131n Temelleri\u2019nde y\u00f6netmen ve senarist R\u0131za K\u0131ra\u00e7 sineman\u0131n do\u011fu\u015fundan bug\u00fcne kadar ge\u00e7en s\u00fcredeki de\u011fi\u015fimini ele al\u0131yor ve film yap\u0131m\u0131n\u0131n inceliklerini okura ak\u0131c\u0131 bir dille anlat\u0131yor: On<span class=\"excerpt-hellip\"> [\u2026]<\/span><\/p>\n","protected":false},"featured_media":0,"template":"","meta":{"_monsterinsights_skip_tracking":false,"_monsterinsights_sitenote_active":false,"_monsterinsights_sitenote_note":"","_monsterinsights_sitenote_category":0},"product_brand":[],"product_cat":[12409,12408],"product_tag":[],"class_list":{"0":"post-712018","1":"product","2":"type-product","3":"status-publish","5":"product_cat-fotograf-sinema-tiyatro","6":"product_cat-sanat","7":"pa_cilt-ciltsiz","8":"pa_tur-kitap","9":"pa_yayinevi-ithaki-yayinlari","10":"pa_yazar-riza-kirac","12":"first","13":"instock","14":"sale","15":"shipping-taxable","16":"purchasable","17":"product-type-simple"},"_links":{"self":[{"href":"https:\/\/roveyayinevi.com.tr\/index.php\/wp-json\/wp\/v2\/product\/712018","targetHints":{"allow":["GET"]}}],"collection":[{"href":"https:\/\/roveyayinevi.com.tr\/index.php\/wp-json\/wp\/v2\/product"}],"about":[{"href":"https:\/\/roveyayinevi.com.tr\/index.php\/wp-json\/wp\/v2\/types\/product"}],"wp:attachment":[{"href":"https:\/\/roveyayinevi.com.tr\/index.php\/wp-json\/wp\/v2\/media?parent=712018"}],"wp:term":[{"taxonomy":"product_brand","embeddable":true,"href":"https:\/\/roveyayinevi.com.tr\/index.php\/wp-json\/wp\/v2\/product_brand?post=712018"},{"taxonomy":"product_cat","embeddable":true,"href":"https:\/\/roveyayinevi.com.tr\/index.php\/wp-json\/wp\/v2\/product_cat?post=712018"},{"taxonomy":"product_tag","embeddable":true,"href":"https:\/\/roveyayinevi.com.tr\/index.php\/wp-json\/wp\/v2\/product_tag?post=712018"}],"curies":[{"name":"wp","href":"https:\/\/api.w.org\/{rel}","templated":true}]}}