{"id":712017,"date":"2025-08-27T16:51:31","date_gmt":"2025-08-27T13:51:31","guid":{"rendered":"https:\/\/roveyayinevi.com.tr\/index.php\/urun\/ustun-zekali-cocuga-yardim-okulda-ve-hayatta-basarili-olmasi-icin-ne-yapmali\/"},"modified":"2026-04-16T02:20:37","modified_gmt":"2026-04-15T23:20:37","slug":"ustun-zekali-cocuga-yardim-okulda-ve-hayatta-basarili-olmasi-icin-ne-yapmali","status":"publish","type":"product","link":"https:\/\/roveyayinevi.com.tr\/index.php\/urun\/ustun-zekali-cocuga-yardim-okulda-ve-hayatta-basarili-olmasi-icin-ne-yapmali\/","title":{"rendered":"\u00dcst\u00fcn Zekal\u0131 \u00c7ocu\u011fa Yard\u0131m Okulda ve Hayatta Ba\u015far\u0131l\u0131 Olmas\u0131 \u0130\u00e7in Ne Yapmal\u0131?"},"content":{"rendered":"<p>\u00dcst\u00fcn zek\u00e2l\u0131 \u00e7ocuklar, \u00e7o\u011fu zaman bir p\u0131r\u0131lt\u0131 halesiyle birlikte d\u00fc\u015f\u00fcn\u00fcl\u00fcyor ve ba\u015far\u0131l\u0131 olmak i\u00e7in fazla \u00e7aba g\u00f6stermesi gerekmeyen, do\u011fu\u015ftan \u015fansl\u0131 ki\u015filer gibi alg\u0131lan\u0131yor. Oysa b\u00fcy\u00fck zenginlik potansiyeli ta\u015f\u0131sa da \u201cfazla zeka\u201dlar\u0131, bu \u00e7ocuklar i\u00e7in kolayl\u0131kla bir y\u00fcke d\u00f6n\u00fc\u015febiliyor.Peki erken geli\u015fmi\u015fli\u011fiyle \u00e7evresindekileri b\u00fcy\u00fcleyebildi\u011fi gibi kendine \u00f6zg\u00fc d\u00fc\u015f\u00fcnme bi\u00e7imiyle s\u0131k s\u0131k tepkiye de yol a\u00e7an, anla\u015f\u0131lmayan ve d\u0131\u015flanan \u00fcst\u00fcn zek\u00e2l\u0131 \u00e7ocuk kimdir?Onu di\u011fer \u00e7ocuklardan nas\u0131l ay\u0131rt edebiliriz?Ki\u015fili\u011finin temel \u00f6zellikleri nelerdir?D\u00fc\u015f\u00fcnce tarz\u0131n\u0131 anlamak i\u00e7in ne yapmal\u0131y\u0131z?Duygusal geli\u015fiminde ona nas\u0131l yard\u0131mc\u0131 olabiliriz?E\u011fitiminde neye dikkat etmeli, nas\u0131l bir okul tercihinde bulunmal\u0131y\u0131z?\u201cErken geli\u015fmi\u015fli\u011finden\u201d ya da \u201c\u00fcst\u00fcn zek\u00e2s\u0131ndan\u201d ona nas\u0131l bahsetmeliyiz?G\u00fcndelik ya\u015fam\u0131n\u0131 nas\u0131l d\u00fczenlemeliyiz?Kendini ger\u00e7ekle\u015ftirmesine ve muazzam yeteneklerinden yararlanmas\u0131na nas\u0131l yard\u0131m edebiliriz?\u00dcst\u00fcn zekal\u0131lar konusunda tan\u0131nm\u0131\u015f bir uzman olan klinik psikolog Jeanne Siaud-Facchin, \u00dcst\u00fcn Zek\u00e2l\u0131 \u00c7ocu\u011fa Yard\u0131m\u2019da bu \u00e7ok \u00f6zel ve hassas \u00e7ocuklar\u0131n alg\u0131 d\u00fcnyas\u0131n\u0131 incelikleriyle tan\u0131t\u0131rken, ebeveynlereve e\u011fitmenlere g\u00fcndelik hayatta nas\u0131l hareket edeceklerine dair pratik tavsiyelerde bulunuyor.<\/p>\n","protected":false},"excerpt":{"rendered":"<p>\u00dcst\u00fcn zek\u00e2l\u0131 \u00e7ocuklar, \u00e7o\u011fu zaman bir p\u0131r\u0131lt\u0131 halesiyle birlikte d\u00fc\u015f\u00fcn\u00fcl\u00fcyor ve ba\u015far\u0131l\u0131 olmak i\u00e7in fazla \u00e7aba g\u00f6stermesi gerekmeyen, do\u011fu\u015ftan \u015fansl\u0131 ki\u015filer gibi alg\u0131lan\u0131yor. Oysa b\u00fcy\u00fck zenginlik<span class=\"excerpt-hellip\"> [\u2026]<\/span><\/p>\n","protected":false},"featured_media":0,"template":"","meta":{"_monsterinsights_skip_tracking":false,"_monsterinsights_sitenote_active":false,"_monsterinsights_sitenote_note":"","_monsterinsights_sitenote_category":0},"product_brand":[],"product_cat":[12831,12324],"product_tag":[],"class_list":{"0":"post-712017","1":"product","2":"type-product","3":"status-publish","5":"product_cat-aile-ve-cocuk","6":"product_cat-sosyoloji","7":"pa_cilt-ciltsiz","8":"pa_tur-kitap","9":"pa_yayinevi-iletisim-yayinlari","10":"pa_yazar-jeanne-siaud-facchin","12":"first","13":"instock","14":"sale","15":"shipping-taxable","16":"purchasable","17":"product-type-simple"},"_links":{"self":[{"href":"https:\/\/roveyayinevi.com.tr\/index.php\/wp-json\/wp\/v2\/product\/712017","targetHints":{"allow":["GET"]}}],"collection":[{"href":"https:\/\/roveyayinevi.com.tr\/index.php\/wp-json\/wp\/v2\/product"}],"about":[{"href":"https:\/\/roveyayinevi.com.tr\/index.php\/wp-json\/wp\/v2\/types\/product"}],"wp:attachment":[{"href":"https:\/\/roveyayinevi.com.tr\/index.php\/wp-json\/wp\/v2\/media?parent=712017"}],"wp:term":[{"taxonomy":"product_brand","embeddable":true,"href":"https:\/\/roveyayinevi.com.tr\/index.php\/wp-json\/wp\/v2\/product_brand?post=712017"},{"taxonomy":"product_cat","embeddable":true,"href":"https:\/\/roveyayinevi.com.tr\/index.php\/wp-json\/wp\/v2\/product_cat?post=712017"},{"taxonomy":"product_tag","embeddable":true,"href":"https:\/\/roveyayinevi.com.tr\/index.php\/wp-json\/wp\/v2\/product_tag?post=712017"}],"curies":[{"name":"wp","href":"https:\/\/api.w.org\/{rel}","templated":true}]}}