{"id":712015,"date":"2025-08-27T16:51:30","date_gmt":"2025-08-27T13:51:30","guid":{"rendered":"https:\/\/roveyayinevi.com.tr\/index.php\/urun\/cocuklar-icin-bes-sevgi-dili\/"},"modified":"2026-04-16T02:20:37","modified_gmt":"2026-04-15T23:20:37","slug":"cocuklar-icin-bes-sevgi-dili","status":"publish","type":"product","link":"https:\/\/roveyayinevi.com.tr\/index.php\/urun\/cocuklar-icin-bes-sevgi-dili\/","title":{"rendered":"\u00c7ocuklar \u0130\u00e7in Be\u015f Sevgi Dili"},"content":{"rendered":"<p>\u00c7ocu\u011funuz sevildi\u011fini hissediyor mu?\u00c7ocu\u011funuz bazen dikkatinizi \u00e7ekmek i\u00e7in \u00e7\u0131rp\u0131n\u0131rken neden ba\u015fka zamanlarda sizi tamamen yok say\u0131yor? Neden bir g\u00fcn sevgi ve minnet doluyken ba\u015fka bir g\u00fcn b\u00fcsb\u00fct\u00fcn kay\u0131ts\u0131z g\u00f6r\u00fcn\u00fcyor? Tav\u0131r. Davran\u0131\u015f. Geli\u015fim. Her \u015fey sizin \u00e7ocu\u011funuzla aran\u0131zda kurulan ili\u015fkiye ba\u011fl\u0131. \u00c7ocuklar sevildiklerini hissettiklerinde en iyisini yapmaya \u00e7al\u0131\u015f\u0131rlar. Fakat \u00e7ocu\u011funuzun sevildi\u011fini ger\u00e7ekten hissetti\u011finden nas\u0131l emin olabilirsiniz?Her \u00e7ocu\u011fun sevgi dili farkl\u0131d\u0131r ve sizin sevgi diliniz \u00e7ocu\u011funuzunkiyle taban tabana z\u0131t olabilir. \u00c7ocu\u011funuzun bask\u0131n sevgi dilini ke\u015ffedin ve onun duygular\u0131nda ve davran\u0131\u015f\u0131nda yans\u0131mas\u0131n\u0131 g\u00f6rebilece\u011finiz ko\u015fulsuz sevgi, sayg\u0131, minnet ve sorumluluk hislerini etkin bir \u015fekilde aktarabilmek i\u00e7in neler yapabilece\u011finizi \u00f6\u011frenin.Be\u015f Sevgi Dili ile d\u00fcnya \u00e7ap\u0131nda tan\u0131nan Dr. Gary Chapman milyonlarca \u00e7ifte birbirlerinin sevgi dillerini \u00f6\u011frenerek nas\u0131l daha g\u00fc\u00e7l\u00fc, daha tatmin edici ili\u015fkiler geli\u015ftirecekleri konusunda yard\u0131m etti. \u015eimdi de, t\u0131pk\u0131 yeti\u015fkinler gibi \u00e7ocuklar\u0131n da be\u015f farkl\u0131 sevgi dilini konu\u015ftu\u011funu \u00f6\u011freterek aileler i\u00e7in paha bi\u00e7ilemez bir k\u0131lavuz sunuyor.\u201cEbeveynlerin kitapl\u0131klar\u0131nda mutlaka bulunmas\u0131 gereken bir kitap. Birbirinden \u00e7ok farkl\u0131 ihtiya\u00e7lar\u0131 olan \u00e7ocuklar\u0131mla bu kitap sayesinde harika ili\u015fkiler kurmay\u0131 ba\u015fard\u0131m.\u201dEmilie Ahren <\/p>\n","protected":false},"excerpt":{"rendered":"<p>\u00c7ocu\u011funuz sevildi\u011fini hissediyor mu?\u00c7ocu\u011funuz bazen dikkatinizi \u00e7ekmek i\u00e7in \u00e7\u0131rp\u0131n\u0131rken neden ba\u015fka zamanlarda sizi tamamen yok say\u0131yor? Neden bir g\u00fcn sevgi ve minnet doluyken ba\u015fka bir g\u00fcn<span class=\"excerpt-hellip\"> [\u2026]<\/span><\/p>\n","protected":false},"featured_media":0,"template":"","meta":{"_monsterinsights_skip_tracking":false,"_monsterinsights_sitenote_active":false,"_monsterinsights_sitenote_note":"","_monsterinsights_sitenote_category":0},"product_brand":[],"product_cat":[12831,12324],"product_tag":[],"class_list":{"0":"post-712015","1":"product","2":"type-product","3":"status-publish","5":"product_cat-aile-ve-cocuk","6":"product_cat-sosyoloji","7":"pa_cilt-ciltsiz","8":"pa_tur-kitap","9":"pa_yayinevi-koridor-yayincilik","10":"pa_yazar-gary-chapman-ross-campbell","12":"first","13":"instock","14":"sale","15":"shipping-taxable","16":"purchasable","17":"product-type-simple"},"_links":{"self":[{"href":"https:\/\/roveyayinevi.com.tr\/index.php\/wp-json\/wp\/v2\/product\/712015","targetHints":{"allow":["GET"]}}],"collection":[{"href":"https:\/\/roveyayinevi.com.tr\/index.php\/wp-json\/wp\/v2\/product"}],"about":[{"href":"https:\/\/roveyayinevi.com.tr\/index.php\/wp-json\/wp\/v2\/types\/product"}],"wp:attachment":[{"href":"https:\/\/roveyayinevi.com.tr\/index.php\/wp-json\/wp\/v2\/media?parent=712015"}],"wp:term":[{"taxonomy":"product_brand","embeddable":true,"href":"https:\/\/roveyayinevi.com.tr\/index.php\/wp-json\/wp\/v2\/product_brand?post=712015"},{"taxonomy":"product_cat","embeddable":true,"href":"https:\/\/roveyayinevi.com.tr\/index.php\/wp-json\/wp\/v2\/product_cat?post=712015"},{"taxonomy":"product_tag","embeddable":true,"href":"https:\/\/roveyayinevi.com.tr\/index.php\/wp-json\/wp\/v2\/product_tag?post=712015"}],"curies":[{"name":"wp","href":"https:\/\/api.w.org\/{rel}","templated":true}]}}