{"id":712013,"date":"2025-08-27T16:51:29","date_gmt":"2025-08-27T13:51:29","guid":{"rendered":"https:\/\/roveyayinevi.com.tr\/index.php\/urun\/dedemin-mezarini-ariyorum-ve-bu-nobet-zor-nobet\/"},"modified":"2026-03-13T02:21:39","modified_gmt":"2026-03-12T23:21:39","slug":"dedemin-mezarini-ariyorum-ve-bu-nobet-zor-nobet","status":"publish","type":"product","link":"https:\/\/roveyayinevi.com.tr\/index.php\/urun\/dedemin-mezarini-ariyorum-ve-bu-nobet-zor-nobet\/","title":{"rendered":"Dedemin Mezar\u0131n\u0131 Ar\u0131yorum ve Bu N\u00f6bet Zor N\u00f6bet"},"content":{"rendered":"<p>\u00c7anakkale Sava\u015flar\u0131, Bat\u0131l\u0131 emperyalist ittifak\u0131n\u0131n mazlum halklar\u0131n kan\u0131n\u0131 ak\u0131tt\u0131\u011f\u0131 sava\u015flard\u0131r. \ufffcTan\u0131t\u0131m Metni<\/p>\n","protected":false},"excerpt":{"rendered":"<p>\u00c7anakkale Sava\u015flar\u0131, Bat\u0131l\u0131 emperyalist ittifak\u0131n\u0131n mazlum halklar\u0131n kan\u0131n\u0131 ak\u0131tt\u0131\u011f\u0131 sava\u015flard\u0131r. \ufffcTan\u0131t\u0131m Metni<\/p>\n","protected":false},"featured_media":0,"template":"","meta":{"_monsterinsights_skip_tracking":false,"_monsterinsights_sitenote_active":false,"_monsterinsights_sitenote_note":"","_monsterinsights_sitenote_category":0},"product_brand":[],"product_cat":[12291,14272],"product_tag":[],"class_list":{"0":"post-712013","1":"product","2":"type-product","3":"status-publish","5":"product_cat-edebiyat","6":"product_cat-tiyatro","7":"pa_cilt-ciltsiz","8":"pa_tur-kitap","9":"pa_yayinevi-kirmizi-cati-yayinlari","10":"pa_yazar-saban-karakaya","12":"first","13":"instock","14":"sale","15":"shipping-taxable","16":"purchasable","17":"product-type-simple"},"_links":{"self":[{"href":"https:\/\/roveyayinevi.com.tr\/index.php\/wp-json\/wp\/v2\/product\/712013","targetHints":{"allow":["GET"]}}],"collection":[{"href":"https:\/\/roveyayinevi.com.tr\/index.php\/wp-json\/wp\/v2\/product"}],"about":[{"href":"https:\/\/roveyayinevi.com.tr\/index.php\/wp-json\/wp\/v2\/types\/product"}],"wp:attachment":[{"href":"https:\/\/roveyayinevi.com.tr\/index.php\/wp-json\/wp\/v2\/media?parent=712013"}],"wp:term":[{"taxonomy":"product_brand","embeddable":true,"href":"https:\/\/roveyayinevi.com.tr\/index.php\/wp-json\/wp\/v2\/product_brand?post=712013"},{"taxonomy":"product_cat","embeddable":true,"href":"https:\/\/roveyayinevi.com.tr\/index.php\/wp-json\/wp\/v2\/product_cat?post=712013"},{"taxonomy":"product_tag","embeddable":true,"href":"https:\/\/roveyayinevi.com.tr\/index.php\/wp-json\/wp\/v2\/product_tag?post=712013"}],"curies":[{"name":"wp","href":"https:\/\/api.w.org\/{rel}","templated":true}]}}