{"id":712012,"date":"2025-08-27T16:51:29","date_gmt":"2025-08-27T13:51:29","guid":{"rendered":"https:\/\/roveyayinevi.com.tr\/index.php\/urun\/yikilma-sakin\/"},"modified":"2026-04-16T02:20:37","modified_gmt":"2026-04-15T23:20:37","slug":"yikilma-sakin","status":"publish","type":"product","link":"https:\/\/roveyayinevi.com.tr\/index.php\/urun\/yikilma-sakin\/","title":{"rendered":"Y\u0131k\u0131lma Sak\u0131n"},"content":{"rendered":"<p>G\u00f6kmen\u2019i anlatmak hem \u00e7ok zor, hem de \u00e7ok kolay!Zor, \u00e7\u00fcnk\u00fc sayfalar dolusu g\u00fczel \u015feyler yazmay\u0131 gerektiren \u00f6zellikleri var!Kolay, \u00e7\u00fcnk\u00fc bardaktaki su kadar dupduru ve tertemiz. Y\u00fcre\u011fimde arkada\u015ftan, dosttan \u00f6te bir yere sahip. O benim yi\u011fit karde\u015fim!A\u011f\u0131r bedel \u00f6demeyi g\u00f6ze alarak, okurlar\u0131n\u0131 ve seyircilerini hi\u00e7 aldatmayan, bundan b\u00f6yle de hi\u00e7 aldatmayacak olan G\u00f6kmen\u2019i tan\u0131m\u0131\u015f olmaktan gurur duyuyorum. Bu mesle\u011fe girmek isteyen adaylar\u0131n ve gen\u00e7 gazetecilerin onu \u00f6rnek almalar\u0131n\u0131 diliyorum. \u0130yi ki vars\u0131n, iyi ki mesle\u011fimizi evrensel ilkelere s\u0131k\u0131 s\u0131k\u0131ya ba\u011fl\u0131 kalarak yap\u0131yorsun sevgili G\u00f6kmen.Kalemin t\u00fckenmesin d\u00fcr\u00fcst karde\u015fim\u2026- U\u011fur D\u00fcndarAtat\u00fcrk\u00e7\u00fc. Yurtsever. Kalemini satm\u0131yor&#8230; Evrensel meslek ilkelerine ba\u011fl\u0131.Kad\u0131n haklar\u0131na&#8230; Bilim\u2019e sanat\u2019a do\u011fa\u2019ya hayvan\u2019a sayg\u0131l\u0131. Vicdanl\u0131.Ho\u015fg\u00f6r\u00fcl\u00fc. G\u00fclery\u00fczl\u00fc. K\u0131rm\u0131z\u0131y\u0131 bo\u015fver&#8230; \u00d6mr\u00fc boyunca sar\u0131 \u0131\u015f\u0131kta bile ge\u00e7medi.Akp d\u00f6neminde sava\u015f a\u00e7\u0131lan t\u00fcm sayg\u0131n kavramlar\u0131n s\u00f6zl\u00fck kar\u015f\u0131l\u0131\u011f\u0131d\u0131r G\u00f6kmen.- Y\u0131lmaz \u00d6zdil\u0130nsan kolay olunmaz&#8230; Felaketlerle didik didik edilmeniz gerekir.Cezaevine \u00e7e\u015fitli kimliklerinizle girersiniz; \u201cgazeteci\u201d, \u201cbaba\u201d, \u201c\u0130zmirli\u201d gibi. Cezaevinden \u201cinsan\u201d kimli\u011finizle \u00e7\u0131kman\u0131z i\u00e7in ruhunuzda soyluluk olmas\u0131 gerekir. O zaman korku sizi yenemez; k\u00f6t\u00fcl\u00fck cesaretinizi a\u015f\u0131nd\u0131ramaz; ac\u0131 sizi y\u0131kamaz. T\u0131pk\u0131 G\u00f6kmen Ulu gibi&#8230; Cezaevinden s\u00f6nmeyen \u0131\u015f\u0131\u011f\u0131n\u0131zla \u00e7\u0131kars\u0131n\u0131z.- Soner Yal\u00e7\u0131n <\/p>\n","protected":false},"excerpt":{"rendered":"<p>G\u00f6kmen\u2019i anlatmak hem \u00e7ok zor, hem de \u00e7ok kolay!Zor, \u00e7\u00fcnk\u00fc sayfalar dolusu g\u00fczel \u015feyler yazmay\u0131 gerektiren \u00f6zellikleri var!Kolay, \u00e7\u00fcnk\u00fc bardaktaki su kadar dupduru ve tertemiz. Y\u00fcre\u011fimde<span class=\"excerpt-hellip\"> [\u2026]<\/span><\/p>\n","protected":false},"featured_media":0,"template":"","meta":{"_monsterinsights_skip_tracking":false,"_monsterinsights_sitenote_active":false,"_monsterinsights_sitenote_note":"","_monsterinsights_sitenote_category":0},"product_brand":[],"product_cat":[31194,12337],"product_tag":[],"class_list":{"0":"post-712012","1":"product","2":"type-product","3":"status-publish","5":"product_cat-guncel-siyaset","6":"product_cat-politika-siyaset","7":"pa_cilt-ciltsiz","8":"pa_tur-kitap","9":"pa_yayinevi-kirmizi-kedi-yayinevi","10":"pa_yazar-gokmen-ulu","12":"first","13":"instock","14":"sale","15":"shipping-taxable","16":"purchasable","17":"product-type-simple"},"_links":{"self":[{"href":"https:\/\/roveyayinevi.com.tr\/index.php\/wp-json\/wp\/v2\/product\/712012","targetHints":{"allow":["GET"]}}],"collection":[{"href":"https:\/\/roveyayinevi.com.tr\/index.php\/wp-json\/wp\/v2\/product"}],"about":[{"href":"https:\/\/roveyayinevi.com.tr\/index.php\/wp-json\/wp\/v2\/types\/product"}],"wp:attachment":[{"href":"https:\/\/roveyayinevi.com.tr\/index.php\/wp-json\/wp\/v2\/media?parent=712012"}],"wp:term":[{"taxonomy":"product_brand","embeddable":true,"href":"https:\/\/roveyayinevi.com.tr\/index.php\/wp-json\/wp\/v2\/product_brand?post=712012"},{"taxonomy":"product_cat","embeddable":true,"href":"https:\/\/roveyayinevi.com.tr\/index.php\/wp-json\/wp\/v2\/product_cat?post=712012"},{"taxonomy":"product_tag","embeddable":true,"href":"https:\/\/roveyayinevi.com.tr\/index.php\/wp-json\/wp\/v2\/product_tag?post=712012"}],"curies":[{"name":"wp","href":"https:\/\/api.w.org\/{rel}","templated":true}]}}