{"id":712011,"date":"2025-08-27T16:51:28","date_gmt":"2025-08-27T13:51:28","guid":{"rendered":"https:\/\/roveyayinevi.com.tr\/index.php\/urun\/canavar-pesinde-serisi-52-vahsi-kurt-gumus\/"},"modified":"2026-04-13T02:25:48","modified_gmt":"2026-04-12T23:25:48","slug":"canavar-pesinde-serisi-52-vahsi-kurt-gumus","status":"publish","type":"product","link":"https:\/\/roveyayinevi.com.tr\/index.php\/urun\/canavar-pesinde-serisi-52-vahsi-kurt-gumus\/","title":{"rendered":"Canavar Pe\u015finde Serisi 52 &#8211; Vah\u015fi Kurt G\u00fcm\u00fc\u015f"},"content":{"rendered":"<p>Malvel, k\u00f6t\u00fcl\u00fckte s\u0131n\u0131r tan\u0131m\u0131yor!Bu kez de Elenna\u2019n\u0131n sad\u0131k kurdu G\u00fcm\u00fc\u015f\u2019\u00fc canavara d\u00f6n\u00fc\u015ft\u00fcrd\u00fc!Tom ve Elenna sad\u0131k dostlar\u0131n\u0131 kurtarabilecekler mi? Yoksa onu sonsuza kadar kay\u0131p m\u0131 edecekler? <\/p>\n","protected":false},"excerpt":{"rendered":"<p>Malvel, k\u00f6t\u00fcl\u00fckte s\u0131n\u0131r tan\u0131m\u0131yor!Bu kez de Elenna\u2019n\u0131n sad\u0131k kurdu G\u00fcm\u00fc\u015f\u2019\u00fc canavara d\u00f6n\u00fc\u015ft\u00fcrd\u00fc!Tom ve Elenna sad\u0131k dostlar\u0131n\u0131 kurtarabilecekler mi? Yoksa onu sonsuza kadar kay\u0131p m\u0131 edecekler?<\/p>\n","protected":false},"featured_media":0,"template":"","meta":{"_monsterinsights_skip_tracking":false,"_monsterinsights_sitenote_active":false,"_monsterinsights_sitenote_note":"","_monsterinsights_sitenote_category":0},"product_brand":[],"product_cat":[12274,12284],"product_tag":[],"class_list":{"0":"post-712011","1":"product","2":"type-product","3":"status-publish","5":"product_cat-cocuk-ve-genclik-kitaplari","6":"product_cat-hikayeler","7":"pa_cilt-ciltsiz","8":"pa_tur-kitap","9":"pa_yayinevi-beyaz-balina-yayinlari","10":"pa_yazar-adam-blade","12":"first","13":"instock","14":"sale","15":"shipping-taxable","16":"purchasable","17":"product-type-simple"},"_links":{"self":[{"href":"https:\/\/roveyayinevi.com.tr\/index.php\/wp-json\/wp\/v2\/product\/712011","targetHints":{"allow":["GET"]}}],"collection":[{"href":"https:\/\/roveyayinevi.com.tr\/index.php\/wp-json\/wp\/v2\/product"}],"about":[{"href":"https:\/\/roveyayinevi.com.tr\/index.php\/wp-json\/wp\/v2\/types\/product"}],"wp:attachment":[{"href":"https:\/\/roveyayinevi.com.tr\/index.php\/wp-json\/wp\/v2\/media?parent=712011"}],"wp:term":[{"taxonomy":"product_brand","embeddable":true,"href":"https:\/\/roveyayinevi.com.tr\/index.php\/wp-json\/wp\/v2\/product_brand?post=712011"},{"taxonomy":"product_cat","embeddable":true,"href":"https:\/\/roveyayinevi.com.tr\/index.php\/wp-json\/wp\/v2\/product_cat?post=712011"},{"taxonomy":"product_tag","embeddable":true,"href":"https:\/\/roveyayinevi.com.tr\/index.php\/wp-json\/wp\/v2\/product_tag?post=712011"}],"curies":[{"name":"wp","href":"https:\/\/api.w.org\/{rel}","templated":true}]}}