{"id":712010,"date":"2025-08-27T16:51:28","date_gmt":"2025-08-27T13:51:28","guid":{"rendered":"https:\/\/roveyayinevi.com.tr\/index.php\/urun\/canavar-pesinde-serisi-51-kanatli-katil-koraka\/"},"modified":"2026-04-13T02:25:48","modified_gmt":"2026-04-12T23:25:48","slug":"canavar-pesinde-serisi-51-kanatli-katil-koraka","status":"publish","type":"product","link":"https:\/\/roveyayinevi.com.tr\/index.php\/urun\/canavar-pesinde-serisi-51-kanatli-katil-koraka\/","title":{"rendered":"Canavar Pe\u015finde Serisi 51 &#8211; Kanatl\u0131 Katil Koraka"},"content":{"rendered":"<p>Kora, kendi h\u00e2linde bir \u00e7obanken, k\u00f6t\u00fc cad\u0131 Petra taraf\u0131ndan canavara d\u00f6n\u00fc\u015ft\u00fcr\u00fcld\u00fc!O, art\u0131k Kanatl\u0131 Katil Koraka olmu\u015ftu.Tom, Malvel\u2019in Ebedi Ate\u015f\u2019e ula\u015fmas\u0131n\u0131 engellemek i\u00e7in \u00f6nce Koraka\u2019y\u0131 yenmek zorunda. Bunu ba\u015farabilecek mi?<\/p>\n","protected":false},"excerpt":{"rendered":"<p>Kora, kendi h\u00e2linde bir \u00e7obanken, k\u00f6t\u00fc cad\u0131 Petra taraf\u0131ndan canavara d\u00f6n\u00fc\u015ft\u00fcr\u00fcld\u00fc!O, art\u0131k Kanatl\u0131 Katil Koraka olmu\u015ftu.Tom, Malvel\u2019in Ebedi Ate\u015f\u2019e ula\u015fmas\u0131n\u0131 engellemek i\u00e7in \u00f6nce Koraka\u2019y\u0131 yenmek zorunda.<span class=\"excerpt-hellip\"> [\u2026]<\/span><\/p>\n","protected":false},"featured_media":0,"template":"","meta":{"_monsterinsights_skip_tracking":false,"_monsterinsights_sitenote_active":false,"_monsterinsights_sitenote_note":"","_monsterinsights_sitenote_category":0},"product_brand":[],"product_cat":[12274,12284],"product_tag":[],"class_list":{"0":"post-712010","1":"product","2":"type-product","3":"status-publish","5":"product_cat-cocuk-ve-genclik-kitaplari","6":"product_cat-hikayeler","7":"pa_cilt-ciltsiz","8":"pa_tur-kitap","9":"pa_yayinevi-beyaz-balina-yayinlari","10":"pa_yazar-adam-blade","12":"first","13":"instock","14":"sale","15":"shipping-taxable","16":"purchasable","17":"product-type-simple"},"_links":{"self":[{"href":"https:\/\/roveyayinevi.com.tr\/index.php\/wp-json\/wp\/v2\/product\/712010","targetHints":{"allow":["GET"]}}],"collection":[{"href":"https:\/\/roveyayinevi.com.tr\/index.php\/wp-json\/wp\/v2\/product"}],"about":[{"href":"https:\/\/roveyayinevi.com.tr\/index.php\/wp-json\/wp\/v2\/types\/product"}],"wp:attachment":[{"href":"https:\/\/roveyayinevi.com.tr\/index.php\/wp-json\/wp\/v2\/media?parent=712010"}],"wp:term":[{"taxonomy":"product_brand","embeddable":true,"href":"https:\/\/roveyayinevi.com.tr\/index.php\/wp-json\/wp\/v2\/product_brand?post=712010"},{"taxonomy":"product_cat","embeddable":true,"href":"https:\/\/roveyayinevi.com.tr\/index.php\/wp-json\/wp\/v2\/product_cat?post=712010"},{"taxonomy":"product_tag","embeddable":true,"href":"https:\/\/roveyayinevi.com.tr\/index.php\/wp-json\/wp\/v2\/product_tag?post=712010"}],"curies":[{"name":"wp","href":"https:\/\/api.w.org\/{rel}","templated":true}]}}