{"id":712008,"date":"2025-08-27T16:51:27","date_gmt":"2025-08-27T13:51:27","guid":{"rendered":"https:\/\/roveyayinevi.com.tr\/index.php\/urun\/dusman-okullar-2-yapboz-ciltli\/"},"modified":"2026-04-13T02:25:48","modified_gmt":"2026-04-12T23:25:48","slug":"dusman-okullar-2-yapboz-ciltli","status":"publish","type":"product","link":"https:\/\/roveyayinevi.com.tr\/index.php\/urun\/dusman-okullar-2-yapboz-ciltli\/","title":{"rendered":"D\u00fc\u015fman Okullar &#8211; 2 Yapboz (Ciltli)"},"content":{"rendered":"<p>Sadece birka\u00e7 dakika i\u00e7inde, hayat\u0131m\u0131z hi\u00e7 beklemedi\u011fimiz bir noktaya ula\u015fabilir. K\u0131sac\u0131k bir zaman dilimi, koca bir \u00f6mr\u00fc etkileyebilir. Ufac\u0131k bir an yeter t\u00fcm dengeleri bozmak i\u00e7in.   Hi\u00e7 beklemedi\u011fi birinin kalbini ona a\u00e7mas\u0131yla, bu anlardan birine yakalanan Defne&#8217;nin hayat\u0131, tahmin edemeyece\u011fi bir y\u00f6nde ilerlemeye ba\u015flar. Mant\u0131\u011f\u0131, kalbinin sesini bast\u0131rmak istercesine ba\u011f\u0131r\u0131rken, Defne&#8217;nin hayat\u0131 i\u00e7inden \u00e7\u0131k\u0131lmaz bir labirente d\u00f6n\u00fc\u015f\u00fcr.   \u00d6te yandan \u00c7a\u011fatay taraf\u0131ndan hayat\u0131 kurtar\u0131lan Su, Fatih&#8217;i akl\u0131ndan \u00e7\u0131karamayan Elif, S\u0131la ile benzer y\u00f6nleri oldu\u011funu fark eden Bora ve \u0130rem&#8217;i her ge\u00e7en g\u00fcn biraz daha ke\u015ffeden Arda i\u00e7in de ya\u015fan\u0131lanlar hi\u00e7 kolay de\u011fildir.   Hayatlar\u0131 beklemedikleri bir y\u00f6nde geli\u015fen bu insanlar\u0131n tek s\u0131\u011f\u0131na\u011f\u0131, y\u00fcreklerindeki eksikli\u011fi bir yapbozun par\u00e7as\u0131 misali dolduran dostlar\u0131d\u0131r. <\/p>\n","protected":false},"excerpt":{"rendered":"<p>Sadece birka\u00e7 dakika i\u00e7inde, hayat\u0131m\u0131z hi\u00e7 beklemedi\u011fimiz bir noktaya ula\u015fabilir. K\u0131sac\u0131k bir zaman dilimi, koca bir \u00f6mr\u00fc etkileyebilir. Ufac\u0131k bir an yeter t\u00fcm dengeleri bozmak i\u00e7in.<span class=\"excerpt-hellip\"> [\u2026]<\/span><\/p>\n","protected":false},"featured_media":0,"template":"","meta":{"_monsterinsights_skip_tracking":false,"_monsterinsights_sitenote_active":false,"_monsterinsights_sitenote_note":"","_monsterinsights_sitenote_category":0},"product_brand":[],"product_cat":[12291,12711],"product_tag":[],"class_list":{"0":"post-712008","1":"product","2":"type-product","3":"status-publish","5":"product_cat-edebiyat","6":"product_cat-roman-oyku","7":"pa_cilt-ciltsiz","8":"pa_tur-kitap","9":"pa_yayinevi-ephesus-yayinlari","10":"pa_yazar-dilara-keskin","12":"first","13":"instock","14":"sale","15":"shipping-taxable","16":"purchasable","17":"product-type-simple"},"_links":{"self":[{"href":"https:\/\/roveyayinevi.com.tr\/index.php\/wp-json\/wp\/v2\/product\/712008","targetHints":{"allow":["GET"]}}],"collection":[{"href":"https:\/\/roveyayinevi.com.tr\/index.php\/wp-json\/wp\/v2\/product"}],"about":[{"href":"https:\/\/roveyayinevi.com.tr\/index.php\/wp-json\/wp\/v2\/types\/product"}],"wp:attachment":[{"href":"https:\/\/roveyayinevi.com.tr\/index.php\/wp-json\/wp\/v2\/media?parent=712008"}],"wp:term":[{"taxonomy":"product_brand","embeddable":true,"href":"https:\/\/roveyayinevi.com.tr\/index.php\/wp-json\/wp\/v2\/product_brand?post=712008"},{"taxonomy":"product_cat","embeddable":true,"href":"https:\/\/roveyayinevi.com.tr\/index.php\/wp-json\/wp\/v2\/product_cat?post=712008"},{"taxonomy":"product_tag","embeddable":true,"href":"https:\/\/roveyayinevi.com.tr\/index.php\/wp-json\/wp\/v2\/product_tag?post=712008"}],"curies":[{"name":"wp","href":"https:\/\/api.w.org\/{rel}","templated":true}]}}