{"id":712007,"date":"2025-08-27T16:51:26","date_gmt":"2025-08-27T13:51:26","guid":{"rendered":"https:\/\/roveyayinevi.com.tr\/index.php\/urun\/efruz-bey-4\/"},"modified":"2026-04-16T02:20:36","modified_gmt":"2026-04-15T23:20:36","slug":"efruz-bey-4","status":"publish","type":"product","link":"https:\/\/roveyayinevi.com.tr\/index.php\/urun\/efruz-bey-4\/","title":{"rendered":"Efruz Bey"},"content":{"rendered":"<p>Prof.Dr. Naz\u0131m Hikmet Polat taraf\u0131ndan haz\u0131rlanan \u00d6t\u00fcken\u2019in \u00d6mer Seyfettin K\u00fclliyat\u0131; yazar\u0131n sa\u011fl\u0131\u011f\u0131nda yay\u0131mlad\u0131\u011f\u0131 kitaplar esas al\u0131narak ayn\u0131 \u00e7er\u00e7evedeki di\u011fer metinlerin ilgili eserlere eklenmesiyle meydana getirilmi\u015ftir. \u00d6mer Seyfettin\u2019in anlatma esas\u0131na ba\u011fl\u0131 be\u015f kitab\u0131 aras\u0131nda roman say\u0131labilecek tek eser Efruz Bey\u2019dir. Efruz Bey roman\u0131ndaki b\u00f6l\u00fcmler, II. Me\u015frutiyet D\u00f6nemi siyaset ve k\u00fclt\u00fcr hayat\u0131 etraf\u0131nda \u015fekillenmi\u015f metinlerdir. Bu metinlerin baz\u0131lar\u0131nda ayd\u0131n yabanc\u0131la\u015fmas\u0131, baz\u0131lar\u0131nda ise \u00e7e\u015fitli \u015fahsiyet zaaflar\u0131 i\u015flenir. Efruz Bey\u2019in s\u0131k\u00e7a de\u011fi\u015febilen bir \u015farlatan tipi olarak \u00e7izilmesi, yazara, hicvedece\u011fi insanlara oklar\u0131n\u0131 kolayca f\u0131rlatma f\u0131rsat\u0131 vermi\u015ftir. Efruz Bey herhangi bir hik\u00e2yede herhangi bir insan\u0131 de\u011fil, yabanc\u0131la\u015fan ayd\u0131n\u0131m\u0131z\u0131 temsil etmektedir ve yazar, bu \u00e7er\u00e7evedeki hik\u00e2yeleriyle II. Me\u015frutiyet D\u00f6nemi\u2019nin siyas\u00ee, sosyal ve k\u00fclt\u00fcrel manzaras\u0131n\u0131 \u00e7izmeye \u00e7al\u0131\u015fm\u0131\u015ft\u0131r. \u00d6mer Seyfettin\u2019in hik\u00e2yeye girmeden \u00f6nce koydu\u011fu a\u00e7\u0131klay\u0131c\u0131 notun son c\u00fcmlesi \u00e7ok anlaml\u0131d\u0131r: Herkes seni -bizzat kendi kadar- tan\u0131r, Efruzcu\u011fum, bug\u00fcn hi\u00e7 kimse sana yabanc\u0131 de\u011fildir; \u00e7\u00fcnk\u00fc sen \u201chepimiz\u201d de\u011filsen bile, \u201chepimizden bir par\u00e7a\u201ds\u0131n&#8230; \ufffcTan\u0131t\u0131m Metni<\/p>\n","protected":false},"excerpt":{"rendered":"<p>Prof.Dr. Naz\u0131m Hikmet Polat taraf\u0131ndan haz\u0131rlanan \u00d6t\u00fcken\u2019in \u00d6mer Seyfettin K\u00fclliyat\u0131; yazar\u0131n sa\u011fl\u0131\u011f\u0131nda yay\u0131mlad\u0131\u011f\u0131 kitaplar esas al\u0131narak ayn\u0131 \u00e7er\u00e7evedeki di\u011fer metinlerin ilgili eserlere eklenmesiyle meydana getirilmi\u015ftir. \u00d6mer<span class=\"excerpt-hellip\"> [\u2026]<\/span><\/p>\n","protected":false},"featured_media":0,"template":"","meta":{"_monsterinsights_skip_tracking":false,"_monsterinsights_sitenote_active":false,"_monsterinsights_sitenote_note":"","_monsterinsights_sitenote_category":0},"product_brand":[],"product_cat":[12291,13872],"product_tag":[],"class_list":{"0":"post-712007","1":"product","2":"type-product","3":"status-publish","5":"product_cat-edebiyat","6":"product_cat-klasikler","7":"pa_cilt-ciltsiz","8":"pa_tur-kitap","9":"pa_yayinevi-otuken-nesriyat","10":"pa_yazar-omer-seyfettin","12":"first","13":"instock","14":"sale","15":"shipping-taxable","16":"purchasable","17":"product-type-simple"},"_links":{"self":[{"href":"https:\/\/roveyayinevi.com.tr\/index.php\/wp-json\/wp\/v2\/product\/712007","targetHints":{"allow":["GET"]}}],"collection":[{"href":"https:\/\/roveyayinevi.com.tr\/index.php\/wp-json\/wp\/v2\/product"}],"about":[{"href":"https:\/\/roveyayinevi.com.tr\/index.php\/wp-json\/wp\/v2\/types\/product"}],"wp:attachment":[{"href":"https:\/\/roveyayinevi.com.tr\/index.php\/wp-json\/wp\/v2\/media?parent=712007"}],"wp:term":[{"taxonomy":"product_brand","embeddable":true,"href":"https:\/\/roveyayinevi.com.tr\/index.php\/wp-json\/wp\/v2\/product_brand?post=712007"},{"taxonomy":"product_cat","embeddable":true,"href":"https:\/\/roveyayinevi.com.tr\/index.php\/wp-json\/wp\/v2\/product_cat?post=712007"},{"taxonomy":"product_tag","embeddable":true,"href":"https:\/\/roveyayinevi.com.tr\/index.php\/wp-json\/wp\/v2\/product_tag?post=712007"}],"curies":[{"name":"wp","href":"https:\/\/api.w.org\/{rel}","templated":true}]}}