{"id":712006,"date":"2025-08-27T16:51:25","date_gmt":"2025-08-27T13:51:25","guid":{"rendered":"https:\/\/roveyayinevi.com.tr\/index.php\/urun\/solfej-1-2\/"},"modified":"2026-04-16T02:20:36","modified_gmt":"2026-04-15T23:20:36","slug":"solfej-1-2","status":"publish","type":"product","link":"https:\/\/roveyayinevi.com.tr\/index.php\/urun\/solfej-1-2\/","title":{"rendered":"Solfej-1"},"content":{"rendered":"<p>T\u00fcrk Halk M\u00fczi\u011fi, kulaktan kula\u011fa aktar\u0131larak ge\u00e7mi\u015ften g\u00fcn\u00fcm\u00fcze kadar varl\u0131\u011f\u0131n\u0131 s\u00fcrd\u00fcrm\u00fc\u015ft\u00fcr. Bu aktar\u0131m s\u00fcrecinde ba\u011flama da, usta-\u00e7\u0131rak ili\u015fkisi i\u00e7erisinde \u00f6\u011fretilmi\u015ftir. \u0130leti\u015fimin ve toplumsal de\u011fi\u015fimin yava\u015f olmas\u0131, yap\u0131lan aktar\u0131m\u0131n d\u0131\u015f k\u00fclt\u00fcrlerden etkilenmesini de b\u00fcy\u00fck \u00f6l\u00e7\u00fcde \u00f6nlemi\u015ftir. G\u00fcn\u00fcm\u00fczde teknolojinin geli\u015fmesi, kitle ileti\u015fim ara\u00e7lar\u0131n\u0131n ya\u015fam\u0131m\u0131z\u0131n her alan\u0131na girmesi, k\u00fclt\u00fcrler aras\u0131 etkile\u015fimi ve k\u00fclt\u00fcrlerin birbiri \u00fczerine bask\u0131s\u0131n\u0131 art\u0131rm\u0131\u015ft\u0131r. Bu s\u00fcre\u00e7te T\u00fcrk Halk M\u00fczi\u011fimizi \u00e7e\u015fitli d\u0131\u015f etkilerden koruyarak gelecek ku\u015faklara aktarman\u0131n en sa\u011fl\u0131kl\u0131 yolu, bu konu ile ilgili yaz\u0131l\u0131 kaynaklar\u0131 geli\u015ftirmektir. Bu kitapta; solfej e\u011fitimi basitten ba\u015flay\u0131p zora do\u011fru, bir s\u0131ra halinde verilmi\u015ftir. \u0130lk b\u00f6l\u00fcmlerde m\u00fczikle ilgili tan\u0131mlar, solfej e\u011fitimi s\u00fcrecinde bilinmesi gereken kavramlar yer almaktad\u0131r. \u0130kinci b\u00f6l\u00fcmde ise; ana usuller, birle\u015fik usuller, karma usuller birbiri ard\u0131na s\u0131ralanm\u0131\u015ft\u0131r. Bu s\u0131ralama, \u00f6\u011frencinin konuyu \u00e7abuk kavrayabilece\u011fi bir d\u00fczen i\u00e7inde verilmi\u015ftir. Kitab\u0131n son b\u00f6l\u00fcm\u00fc ise, de\u011fi\u015fik usul ve makamlardan olu\u015fan eserleri i\u00e7ermektedir. <\/p>\n","protected":false},"excerpt":{"rendered":"<p>T\u00fcrk Halk M\u00fczi\u011fi, kulaktan kula\u011fa aktar\u0131larak ge\u00e7mi\u015ften g\u00fcn\u00fcm\u00fcze kadar varl\u0131\u011f\u0131n\u0131 s\u00fcrd\u00fcrm\u00fc\u015ft\u00fcr. Bu aktar\u0131m s\u00fcrecinde ba\u011flama da, usta-\u00e7\u0131rak ili\u015fkisi i\u00e7erisinde \u00f6\u011fretilmi\u015ftir. \u0130leti\u015fimin ve toplumsal de\u011fi\u015fimin yava\u015f olmas\u0131,<span class=\"excerpt-hellip\"> [\u2026]<\/span><\/p>\n","protected":false},"featured_media":0,"template":"","meta":{"_monsterinsights_skip_tracking":false,"_monsterinsights_sitenote_active":false,"_monsterinsights_sitenote_note":"","_monsterinsights_sitenote_category":0},"product_brand":[],"product_cat":[12274,12649],"product_tag":[],"class_list":{"0":"post-712006","1":"product","2":"type-product","3":"status-publish","5":"product_cat-cocuk-ve-genclik-kitaplari","6":"product_cat-hobi-muzik","7":"pa_cilt-ciltsiz","8":"pa_tur-kitap","9":"pa_yayinevi-otuken-nesriyat","10":"pa_yazar-bulent-kilicaslan","12":"first","13":"instock","14":"sale","15":"shipping-taxable","16":"purchasable","17":"product-type-simple"},"_links":{"self":[{"href":"https:\/\/roveyayinevi.com.tr\/index.php\/wp-json\/wp\/v2\/product\/712006","targetHints":{"allow":["GET"]}}],"collection":[{"href":"https:\/\/roveyayinevi.com.tr\/index.php\/wp-json\/wp\/v2\/product"}],"about":[{"href":"https:\/\/roveyayinevi.com.tr\/index.php\/wp-json\/wp\/v2\/types\/product"}],"wp:attachment":[{"href":"https:\/\/roveyayinevi.com.tr\/index.php\/wp-json\/wp\/v2\/media?parent=712006"}],"wp:term":[{"taxonomy":"product_brand","embeddable":true,"href":"https:\/\/roveyayinevi.com.tr\/index.php\/wp-json\/wp\/v2\/product_brand?post=712006"},{"taxonomy":"product_cat","embeddable":true,"href":"https:\/\/roveyayinevi.com.tr\/index.php\/wp-json\/wp\/v2\/product_cat?post=712006"},{"taxonomy":"product_tag","embeddable":true,"href":"https:\/\/roveyayinevi.com.tr\/index.php\/wp-json\/wp\/v2\/product_tag?post=712006"}],"curies":[{"name":"wp","href":"https:\/\/api.w.org\/{rel}","templated":true}]}}