{"id":712005,"date":"2025-08-27T16:51:25","date_gmt":"2025-08-27T13:51:25","guid":{"rendered":"https:\/\/roveyayinevi.com.tr\/index.php\/urun\/bakmadiginiz-bir-yer-kalmisti\/"},"modified":"2026-04-16T02:20:36","modified_gmt":"2026-04-15T23:20:36","slug":"bakmadiginiz-bir-yer-kalmisti","status":"publish","type":"product","link":"https:\/\/roveyayinevi.com.tr\/index.php\/urun\/bakmadiginiz-bir-yer-kalmisti\/","title":{"rendered":"Bakmad\u0131\u011f\u0131n\u0131z Bir Yer Kalm\u0131\u015ft\u0131"},"content":{"rendered":"<p>\u201c\u0130\u00e7 sava\u015f b\u00fct\u00fcn di\u011fer sava\u015flar\u0131n da mant\u0131\u011f\u0131n\u0131n en net g\u00f6r\u00fcnd\u00fc\u011f\u00fc yerdir. Kom\u015funu vur. En yak\u0131n\u0131n\u0131. Belki de bu y\u00fczden i\u015fte i\u00e7 sava\u015ftan ge\u00e7mi\u015f toplumlar d\u00fcnya \u00fczerinde yap\u0131lm\u0131\u015f b\u00fct\u00fcn sava\u015flar\u0131n su\u00e7unu da \u00fcstlenmi\u015f gibidir. Bu y\u00fczden utan\u0131rlar i\u00e7 sava\u015f ma\u011fdurlar\u0131. \u0130\u015fte tam da bu utan\u00e7, caddelerdeki, sokaklardaki ya da \u015fimdi bu kafede y\u00fczlerdeki bu utan\u00e7 ifadesi, demin kald\u0131r\u0131mda seyretti\u011fin o dinamizmi m\u00fcstehcen hale getiriyor. \u00d6l\u00fcmc\u00fcl bir m\u00fcstehcenlik sergiliyor Beyrut \u015fimdi.\u201d \u0130ster \u00fclkelerin i\u00e7inden ge\u00e7ti\u011fi i\u00e7 sava\u015flar olsun, ister bireylerin kendi i\u00e7inde ya\u015fad\u0131\u011f\u0131 ve ya\u015fatt\u0131\u011f\u0131 i\u00e7 sava\u015flar, Bakmad\u0131\u011f\u0131n\u0131z Bir Yer Kalm\u0131\u015ft\u0131\u2019daki \u00f6yk\u00fclerin gizli izle\u011fi. M\u00fcdahale edememi\u015fli\u011fin, ya da \u00f6nlemeye yetememi\u015fli\u011fin d\u00fcnyaya iradesiyle bakan insana y\u00fckledi\u011fi o a\u011f\u0131r y\u00fck\u00fc anlat\u0131yor Ahmet Tulgar \u00f6yk\u00fclerinde.  Her zamanki titiz dili, hep eksilterek \u015feffafla\u015ft\u0131ran anlat\u0131m\u0131yla. <\/p>\n","protected":false},"excerpt":{"rendered":"<p>\u201c\u0130\u00e7 sava\u015f b\u00fct\u00fcn di\u011fer sava\u015flar\u0131n da mant\u0131\u011f\u0131n\u0131n en net g\u00f6r\u00fcnd\u00fc\u011f\u00fc yerdir. Kom\u015funu vur. En yak\u0131n\u0131n\u0131. Belki de bu y\u00fczden i\u015fte i\u00e7 sava\u015ftan ge\u00e7mi\u015f toplumlar d\u00fcnya \u00fczerinde<span class=\"excerpt-hellip\"> [\u2026]<\/span><\/p>\n","protected":false},"featured_media":0,"template":"","meta":{"_monsterinsights_skip_tracking":false,"_monsterinsights_sitenote_active":false,"_monsterinsights_sitenote_note":"","_monsterinsights_sitenote_category":0},"product_brand":[],"product_cat":[12291,12711],"product_tag":[],"class_list":{"0":"post-712005","1":"product","2":"type-product","3":"status-publish","5":"product_cat-edebiyat","6":"product_cat-roman-oyku","7":"pa_cilt-ciltsiz","8":"pa_tur-kitap","9":"pa_yayinevi-can-yayinlari","10":"pa_yazar-ahmet-tulgar","12":"first","13":"instock","14":"sale","15":"shipping-taxable","16":"purchasable","17":"product-type-simple"},"_links":{"self":[{"href":"https:\/\/roveyayinevi.com.tr\/index.php\/wp-json\/wp\/v2\/product\/712005","targetHints":{"allow":["GET"]}}],"collection":[{"href":"https:\/\/roveyayinevi.com.tr\/index.php\/wp-json\/wp\/v2\/product"}],"about":[{"href":"https:\/\/roveyayinevi.com.tr\/index.php\/wp-json\/wp\/v2\/types\/product"}],"wp:attachment":[{"href":"https:\/\/roveyayinevi.com.tr\/index.php\/wp-json\/wp\/v2\/media?parent=712005"}],"wp:term":[{"taxonomy":"product_brand","embeddable":true,"href":"https:\/\/roveyayinevi.com.tr\/index.php\/wp-json\/wp\/v2\/product_brand?post=712005"},{"taxonomy":"product_cat","embeddable":true,"href":"https:\/\/roveyayinevi.com.tr\/index.php\/wp-json\/wp\/v2\/product_cat?post=712005"},{"taxonomy":"product_tag","embeddable":true,"href":"https:\/\/roveyayinevi.com.tr\/index.php\/wp-json\/wp\/v2\/product_tag?post=712005"}],"curies":[{"name":"wp","href":"https:\/\/api.w.org\/{rel}","templated":true}]}}