{"id":712003,"date":"2025-08-27T16:51:24","date_gmt":"2025-08-27T13:51:24","guid":{"rendered":"https:\/\/roveyayinevi.com.tr\/index.php\/urun\/benim-adim-galileo-galilei\/"},"modified":"2026-04-16T02:20:36","modified_gmt":"2026-04-15T23:20:36","slug":"benim-adim-galileo-galilei","status":"publish","type":"product","link":"https:\/\/roveyayinevi.com.tr\/index.php\/urun\/benim-adim-galileo-galilei\/","title":{"rendered":"Benim Ad\u0131m&#8230; Galileo Gal\u0131lei"},"content":{"rendered":"<p>\u201cModern fizi\u011fin kurucusuyum. \u00c7al\u0131\u015fmalar\u0131m fizik, maddebilimi ve astronominin geli\u015fmesine katk\u0131da bulundu.Teleskobum sayesinde ke\u015ffettiklerim, Evren ve insan\u0131nKainat&#8217;taki yeri hakk\u0131nda yap\u0131lan bu\u0308tu\u0308n \u00e7al\u0131\u015fmalara ilhamkayna\u011f\u0131 oldu.&#8221; <\/p>\n","protected":false},"excerpt":{"rendered":"<p>\u201cModern fizi\u011fin kurucusuyum. \u00c7al\u0131\u015fmalar\u0131m fizik, maddebilimi ve astronominin geli\u015fmesine katk\u0131da bulundu.Teleskobum sayesinde ke\u015ffettiklerim, Evren ve insan\u0131nKainat&#8217;taki yeri hakk\u0131nda yap\u0131lan bu\u0308tu\u0308n \u00e7al\u0131\u015fmalara ilhamkayna\u011f\u0131 oldu.&#8221;<\/p>\n","protected":false},"featured_media":0,"template":"","meta":{"_monsterinsights_skip_tracking":false,"_monsterinsights_sitenote_active":false,"_monsterinsights_sitenote_note":"","_monsterinsights_sitenote_category":0},"product_brand":[],"product_cat":[12275,12274],"product_tag":[],"class_list":{"0":"post-712003","1":"product","2":"type-product","3":"status-publish","5":"product_cat-6-12-yas-kitaplari","6":"product_cat-cocuk-ve-genclik-kitaplari","7":"pa_cilt-ciltsiz","8":"pa_tur-kitap","9":"pa_yayinevi-altin-kitaplar-cocuk-kitaplari","10":"pa_yazar-guilherme-de-almeida-jorge-miguel","12":"first","13":"instock","14":"sale","15":"shipping-taxable","16":"purchasable","17":"product-type-simple"},"_links":{"self":[{"href":"https:\/\/roveyayinevi.com.tr\/index.php\/wp-json\/wp\/v2\/product\/712003","targetHints":{"allow":["GET"]}}],"collection":[{"href":"https:\/\/roveyayinevi.com.tr\/index.php\/wp-json\/wp\/v2\/product"}],"about":[{"href":"https:\/\/roveyayinevi.com.tr\/index.php\/wp-json\/wp\/v2\/types\/product"}],"wp:attachment":[{"href":"https:\/\/roveyayinevi.com.tr\/index.php\/wp-json\/wp\/v2\/media?parent=712003"}],"wp:term":[{"taxonomy":"product_brand","embeddable":true,"href":"https:\/\/roveyayinevi.com.tr\/index.php\/wp-json\/wp\/v2\/product_brand?post=712003"},{"taxonomy":"product_cat","embeddable":true,"href":"https:\/\/roveyayinevi.com.tr\/index.php\/wp-json\/wp\/v2\/product_cat?post=712003"},{"taxonomy":"product_tag","embeddable":true,"href":"https:\/\/roveyayinevi.com.tr\/index.php\/wp-json\/wp\/v2\/product_tag?post=712003"}],"curies":[{"name":"wp","href":"https:\/\/api.w.org\/{rel}","templated":true}]}}