{"id":712001,"date":"2025-08-27T16:51:23","date_gmt":"2025-08-27T13:51:23","guid":{"rendered":"https:\/\/roveyayinevi.com.tr\/index.php\/urun\/atillanin-kargisi\/"},"modified":"2026-04-16T02:20:36","modified_gmt":"2026-04-15T23:20:36","slug":"atillanin-kargisi","status":"publish","type":"product","link":"https:\/\/roveyayinevi.com.tr\/index.php\/urun\/atillanin-kargisi\/","title":{"rendered":"Atilla&#8217;n\u0131n Karg\u0131s\u0131"},"content":{"rendered":"<p>Hasan Erdem, Do\u011fu Avrupa&#8217;da h\u00e2kimiyet kuran ve Avrupa&#8217;n\u0131n neredeyse tamam\u0131n\u0131 n\u00fcfuzu alt\u0131na alan T\u00fcrklerin b\u00fcy\u00fck ba\u015fbu\u011fu Atilla&#8217;y\u0131 ve onun korkusuz Hun sava\u015f\u00e7\u0131lar\u0131n\u0131 ele ald\u0131\u011f\u0131 Atilla\u2019n\u0131n Kalkan\u0131 kitab\u0131n\u0131n ard\u0131ndan, bu defa Atilla serisinin ikincisi olan Atilla\u2019n\u0131n Karg\u0131s\u0131 kitab\u0131yla okuyucunun kar\u015f\u0131s\u0131na \u00e7\u0131k\u0131yor. \u201cAtilla\u2019n\u0131n Karg\u0131s\u0131\u201d roman\u0131, Hunlar\u0131n ikinci Balkan Seferi\u2019nden sonra Do\u011fu Romal\u0131lar taraf\u0131ndan Atilla\u2019ya d\u00fczenlenen ba\u015far\u0131s\u0131z suikast\u0131 ve dev Hun sava\u015f\u00e7\u0131s\u0131 Suptar ile onun evlatl\u0131\u011f\u0131 Ottigin\u2019i merkeze almakta. Kabul salonuna hakim taht\u0131n\u0131n \u00fczerinde azametle oturan ve Hun el\u00e7ilerini buz gibi bak\u0131\u015flar\u0131yla s\u00fczen Do\u011fu Roma \u0130mparatoru Theodosios\u2019un y\u00fcz\u00fcne dimdik bakan gurur ve \u00f6zg\u00fcven dolu Hun el\u00e7isi Esla do\u011fruca s\u00f6ze girdi: \u201cMajesteleri \u015fimdi s\u00f6yleyeceklerim benim de\u011fil, kudretli Ka\u011fan\u0131m Atilla\u2019n\u0131n s\u00f6zleridir,\u201d dedikten sonra ka\u015flar\u0131n\u0131 \u00e7at\u0131p, son derece sert bir ses tonuyla konu\u015fmas\u0131n\u0131 s\u00fcrd\u00fcrd\u00fc. &#8211; Theodosios, Atilla gibi, asil bir baban\u0131n o\u011fludur. Atilla, babas\u0131 Muncuk Han\u2019dan ald\u0131\u011f\u0131 asaleti her zaman korumu\u015f, fakat Theodosios, Atilla\u2019n\u0131n hara\u00e7g\u00fcz\u00e2r\u0131 olmakla k\u00f6le durumuna d\u00fc\u015fm\u00fc\u015ft\u00fcr. Theodosios k\u00f6lelik haysiyetini de koruyamam\u0131\u015ft\u0131r, \u00e7\u00fcnk\u00fc efendisinin can\u0131na k\u0131ymak istemi\u015ftir. <\/p>\n","protected":false},"excerpt":{"rendered":"<p>Hasan Erdem, Do\u011fu Avrupa&#8217;da h\u00e2kimiyet kuran ve Avrupa&#8217;n\u0131n neredeyse tamam\u0131n\u0131 n\u00fcfuzu alt\u0131na alan T\u00fcrklerin b\u00fcy\u00fck ba\u015fbu\u011fu Atilla&#8217;y\u0131 ve onun korkusuz Hun sava\u015f\u00e7\u0131lar\u0131n\u0131 ele ald\u0131\u011f\u0131 Atilla\u2019n\u0131n Kalkan\u0131<span class=\"excerpt-hellip\"> [\u2026]<\/span><\/p>\n","protected":false},"featured_media":0,"template":"","meta":{"_monsterinsights_skip_tracking":false,"_monsterinsights_sitenote_active":false,"_monsterinsights_sitenote_note":"","_monsterinsights_sitenote_category":0},"product_brand":[],"product_cat":[12291,12745],"product_tag":[],"class_list":{"0":"post-712001","1":"product","2":"type-product","3":"status-publish","5":"product_cat-edebiyat","6":"product_cat-tarihi-roman","7":"pa_cilt-ciltsiz","8":"pa_tur-kitap","9":"pa_yayinevi-otuken-nesriyat","10":"pa_yazar-hasan-erdem","12":"first","13":"instock","14":"sale","15":"shipping-taxable","16":"purchasable","17":"product-type-simple"},"_links":{"self":[{"href":"https:\/\/roveyayinevi.com.tr\/index.php\/wp-json\/wp\/v2\/product\/712001","targetHints":{"allow":["GET"]}}],"collection":[{"href":"https:\/\/roveyayinevi.com.tr\/index.php\/wp-json\/wp\/v2\/product"}],"about":[{"href":"https:\/\/roveyayinevi.com.tr\/index.php\/wp-json\/wp\/v2\/types\/product"}],"wp:attachment":[{"href":"https:\/\/roveyayinevi.com.tr\/index.php\/wp-json\/wp\/v2\/media?parent=712001"}],"wp:term":[{"taxonomy":"product_brand","embeddable":true,"href":"https:\/\/roveyayinevi.com.tr\/index.php\/wp-json\/wp\/v2\/product_brand?post=712001"},{"taxonomy":"product_cat","embeddable":true,"href":"https:\/\/roveyayinevi.com.tr\/index.php\/wp-json\/wp\/v2\/product_cat?post=712001"},{"taxonomy":"product_tag","embeddable":true,"href":"https:\/\/roveyayinevi.com.tr\/index.php\/wp-json\/wp\/v2\/product_tag?post=712001"}],"curies":[{"name":"wp","href":"https:\/\/api.w.org\/{rel}","templated":true}]}}