{"id":712000,"date":"2025-08-27T16:51:22","date_gmt":"2025-08-27T13:51:22","guid":{"rendered":"https:\/\/roveyayinevi.com.tr\/index.php\/urun\/kardesim-bulunmaz-hint-kumasi\/"},"modified":"2026-04-16T02:20:36","modified_gmt":"2026-04-15T23:20:36","slug":"kardesim-bulunmaz-hint-kumasi","status":"publish","type":"product","link":"https:\/\/roveyayinevi.com.tr\/index.php\/urun\/kardesim-bulunmaz-hint-kumasi\/","title":{"rendered":"Karde\u015fim Bulunmaz Hint Kuma\u015f\u0131"},"content":{"rendered":"<p>Alman \u00e7ocuk edebiyat\u0131n\u0131n y\u00fckselen de\u011feri Salah Naoura\u2019dan \u201cMutlu olmak i\u00e7in neye ihtiyac\u0131m\u0131z var?\u201d sorusunun yan\u0131t\u0131n\u0131 veren yeni roman: Karde\u015fim Bulunmaz Hint Kuma\u015f\u013110 ya\u015f ve \u00fczeri \u00e7ocuklar\u0131n, aile ili\u015fkileri, karde\u015f sevgisi, kariyer h\u0131rs\u0131, hayal g\u00fcc\u00fc ve mutlulu\u011fun s\u0131rlar\u0131 \u00fczerine okuyabilecekleri en e\u011flenceli ve samimi kitaplardan biri! \u00c7ocuklar, do\u011fu\u015ftan de\u011fil sonradan karde\u015f olan Anton ve Dilip&#8217;in hik\u00e2yesinden \u00e7ok \u015fey \u00f6\u011frenecek.\u00c7ekirdek ailesiyle m\u00fctevaz\u0131 bir ya\u015fam s\u00fcren dokuz ya\u015f\u0131ndaki Anton\u2019un hayat\u0131 kendisiyle ayn\u0131 ya\u015fta; \u00fcstelik ta Hindistan\u2019dan gelen yeni erkek karde\u015fi Dilip ile ba\u015ftan a\u015fa\u011f\u0131 de\u011fi\u015fir. Dilip, \u00f6\u011fretmenlerine g\u00f6re bir d\u00e2hi, ev ahalisine g\u00f6re ise biraz tuhaft\u0131r. Dilip&#8217;in eve gelmesiyle ba\u015flayan hareketli s\u00fcre\u00e7, babalar\u0131n\u0131n bir yukar\u0131 bir a\u015fa\u011f\u0131 giden kariyer \u00e7izgisi ile doruk noktas\u0131na ula\u015f\u0131r. Aile fertlerini eski mutlu g\u00fcnlerine geri d\u00f6nd\u00fcrme i\u015fi tabii ki Anton ve Dilip\u2019e kalacakt\u0131r&#8230; \u0130mdat! \u00c7\u0131kar\u0131n Beni Buradan ve \u0130mdat! B\u00fcy\u00fckanne Geri D\u00f6n\u00fcyor kitaplar\u0131n\u0131n sevilen yazar\u0131 Salah Naoura\u2019dan aile ili\u015fkileri, karde\u015f sevgisi, matematik ve futbol (!) \u00fczerine keyifle okunacak bir roman. <\/p>\n","protected":false},"excerpt":{"rendered":"<p>Alman \u00e7ocuk edebiyat\u0131n\u0131n y\u00fckselen de\u011feri Salah Naoura\u2019dan \u201cMutlu olmak i\u00e7in neye ihtiyac\u0131m\u0131z var?\u201d sorusunun yan\u0131t\u0131n\u0131 veren yeni roman: Karde\u015fim Bulunmaz Hint Kuma\u015f\u013110 ya\u015f ve \u00fczeri \u00e7ocuklar\u0131n,<span class=\"excerpt-hellip\"> [\u2026]<\/span><\/p>\n","protected":false},"featured_media":0,"template":"","meta":{"_monsterinsights_skip_tracking":false,"_monsterinsights_sitenote_active":false,"_monsterinsights_sitenote_note":"","_monsterinsights_sitenote_category":0},"product_brand":[],"product_cat":[12275,12274],"product_tag":[],"class_list":{"0":"post-712000","1":"product","2":"type-product","3":"status-publish","5":"product_cat-6-12-yas-kitaplari","6":"product_cat-cocuk-ve-genclik-kitaplari","7":"pa_cilt-ciltsiz","8":"pa_tur-kitap","9":"pa_yayinevi-tudem-yayinlari","10":"pa_yazar-salah-naoura","12":"first","13":"instock","14":"sale","15":"shipping-taxable","16":"purchasable","17":"product-type-simple"},"_links":{"self":[{"href":"https:\/\/roveyayinevi.com.tr\/index.php\/wp-json\/wp\/v2\/product\/712000","targetHints":{"allow":["GET"]}}],"collection":[{"href":"https:\/\/roveyayinevi.com.tr\/index.php\/wp-json\/wp\/v2\/product"}],"about":[{"href":"https:\/\/roveyayinevi.com.tr\/index.php\/wp-json\/wp\/v2\/types\/product"}],"wp:attachment":[{"href":"https:\/\/roveyayinevi.com.tr\/index.php\/wp-json\/wp\/v2\/media?parent=712000"}],"wp:term":[{"taxonomy":"product_brand","embeddable":true,"href":"https:\/\/roveyayinevi.com.tr\/index.php\/wp-json\/wp\/v2\/product_brand?post=712000"},{"taxonomy":"product_cat","embeddable":true,"href":"https:\/\/roveyayinevi.com.tr\/index.php\/wp-json\/wp\/v2\/product_cat?post=712000"},{"taxonomy":"product_tag","embeddable":true,"href":"https:\/\/roveyayinevi.com.tr\/index.php\/wp-json\/wp\/v2\/product_tag?post=712000"}],"curies":[{"name":"wp","href":"https:\/\/api.w.org\/{rel}","templated":true}]}}