{"id":711997,"date":"2025-08-27T16:51:21","date_gmt":"2025-08-27T13:51:21","guid":{"rendered":"https:\/\/roveyayinevi.com.tr\/index.php\/urun\/gizli-anlarin-yolcusu-midi-boy\/"},"modified":"2025-08-27T16:51:21","modified_gmt":"2025-08-27T13:51:21","slug":"gizli-anlarin-yolcusu-midi-boy","status":"publish","type":"product","link":"https:\/\/roveyayinevi.com.tr\/index.php\/urun\/gizli-anlarin-yolcusu-midi-boy\/","title":{"rendered":"Gizli Anlar\u0131n Yolcusu (Midi Boy)"},"content":{"rendered":"<p>Uzun zamand\u0131r \u00e7\u0131kmad\u0131\u011f\u0131 yollarda kaybolanlar\u0131n hik\u00e2yesi&#8230;Ay\u015fe Kulin yeni roman\u0131nda a\u015fk\u0131n de\u011fi\u015ftirdi\u011fi ve bir daha hi\u00e7 ayn\u0131 olmayacak hayatlar\u0131 anlat\u0131yor\u2026\u00c7a\u011fda\u015f edebiyat\u0131m\u0131z\u0131n en sevilen yazarlar\u0131ndan Ay\u015fe Kulin, Gizli Anlar\u0131n Yolcusuile bir kez daha okurlar\u0131n\u0131 \u015fa\u015f\u0131rt\u0131c\u0131 ger\u00e7eklerle y\u00fczle\u015fmeye zorluyor. Bu kitap yerle\u015fik ve d\u00fczenli hayatlar\u0131m\u0131z\u0131n nas\u0131l da pamuk ipli\u011fine ba\u011fl\u0131 oldu\u011funu, bir anda y\u0131k\u0131l\u0131p gidebilece\u011fini g\u00f6steriyor bize&#8230;Ac\u0131 bir kaza&#8230; Bir anda a\u011f\u0131zdan ka\u00e7an bir s\u00f6z&#8230; Ans\u0131z\u0131n yay\u0131nevine gelen bir dosya&#8230;Birbirine dolanm\u0131\u015f e\u015farplar&#8230; B\u00fct\u00fcn bunlar, ayk\u0131r\u0131 bir a\u015fk\u0131n ba\u015f\u0131n\u0131 ve sonunu belirlemeye yeter mi?Gizli  Anlar\u0131n Yolcusu, pek \u00e7o\u011fumuzun anlamakta zorland\u0131\u011f\u0131, yarg\u0131lamakta \u0131srar etti\u011fi bir a\u015fk\u0131n roman\u0131. Ay\u015fe Kulin her zamanki ustal\u0131\u011f\u0131yla yakla\u015fmaya korkulan bir konunun \u00fcst\u00fcne giderek tabular\u0131 y\u0131kmay\u0131 deniyor.Bu romanda sadece a\u015fk\u0131 de\u011fil, toplumun zorlad\u0131\u011f\u0131 hayatlar\u0131, harcanm\u0131\u015f \u00e7ocukluklar\u0131, kendi i\u00e7indeki s\u0131rlarla en yak\u0131nlar\u0131n\u0131 yaralayan ailelerin \u00f6yk\u00fclerini soluk kesen bir tempoyla okuyacaks\u0131n\u0131z. <\/p>\n","protected":false},"excerpt":{"rendered":"<p>Uzun zamand\u0131r \u00e7\u0131kmad\u0131\u011f\u0131 yollarda kaybolanlar\u0131n hik\u00e2yesi&#8230;Ay\u015fe Kulin yeni roman\u0131nda a\u015fk\u0131n de\u011fi\u015ftirdi\u011fi ve bir daha hi\u00e7 ayn\u0131 olmayacak hayatlar\u0131 anlat\u0131yor\u2026\u00c7a\u011fda\u015f edebiyat\u0131m\u0131z\u0131n en sevilen yazarlar\u0131ndan Ay\u015fe Kulin, Gizli<span class=\"excerpt-hellip\"> [\u2026]<\/span><\/p>\n","protected":false},"featured_media":0,"template":"","meta":{"_monsterinsights_skip_tracking":false,"_monsterinsights_sitenote_active":false,"_monsterinsights_sitenote_note":"","_monsterinsights_sitenote_category":0},"product_brand":[],"product_cat":[12291,12711],"product_tag":[],"class_list":{"0":"post-711997","1":"product","2":"type-product","3":"status-publish","5":"product_cat-edebiyat","6":"product_cat-roman-oyku","7":"pa_cilt-ciltsiz","8":"pa_tur-kitap","9":"pa_yayinevi-everest-yayinlari","10":"pa_yazar-ayse-kulin","12":"first","13":"instock","14":"sale","15":"shipping-taxable","16":"purchasable","17":"product-type-simple"},"_links":{"self":[{"href":"https:\/\/roveyayinevi.com.tr\/index.php\/wp-json\/wp\/v2\/product\/711997","targetHints":{"allow":["GET"]}}],"collection":[{"href":"https:\/\/roveyayinevi.com.tr\/index.php\/wp-json\/wp\/v2\/product"}],"about":[{"href":"https:\/\/roveyayinevi.com.tr\/index.php\/wp-json\/wp\/v2\/types\/product"}],"wp:attachment":[{"href":"https:\/\/roveyayinevi.com.tr\/index.php\/wp-json\/wp\/v2\/media?parent=711997"}],"wp:term":[{"taxonomy":"product_brand","embeddable":true,"href":"https:\/\/roveyayinevi.com.tr\/index.php\/wp-json\/wp\/v2\/product_brand?post=711997"},{"taxonomy":"product_cat","embeddable":true,"href":"https:\/\/roveyayinevi.com.tr\/index.php\/wp-json\/wp\/v2\/product_cat?post=711997"},{"taxonomy":"product_tag","embeddable":true,"href":"https:\/\/roveyayinevi.com.tr\/index.php\/wp-json\/wp\/v2\/product_tag?post=711997"}],"curies":[{"name":"wp","href":"https:\/\/api.w.org\/{rel}","templated":true}]}}