{"id":711994,"date":"2025-08-27T16:51:19","date_gmt":"2025-08-27T13:51:19","guid":{"rendered":"https:\/\/roveyayinevi.com.tr\/index.php\/urun\/huznun-baskenti-kudus\/"},"modified":"2026-04-16T02:20:36","modified_gmt":"2026-04-15T23:20:36","slug":"huznun-baskenti-kudus","status":"publish","type":"product","link":"https:\/\/roveyayinevi.com.tr\/index.php\/urun\/huznun-baskenti-kudus\/","title":{"rendered":"H\u00fczn\u00fcn Ba\u015fkenti Kud\u00fcs"},"content":{"rendered":"<p>ABD neden Kud\u00fcs\u2019\u00fc \u0130srail\u2019in ba\u015fkenti olarak tan\u0131d\u0131? Kud\u00fcs\u2019\u00fcn \u0130srail taraf\u0131ndan ba\u015fkent ilan edilmesine Arap devletleri ve H\u0131ristiyan \u00e2lemi neden sessiz kal\u0131yor? Kud\u00fcs neden payla\u015f\u0131lam\u0131yor? Kud\u00fcs\u2019\u00fcn co\u011frafi ve stratejik \u00f6nemi nedir? Mescid-i Aksa ne zaman \u201cHarem\u201d ilan edildi? Emeviler neden Kud\u00fcs\u2019e \u00f6nem verdiler? H\u00fcrrem Sultan\u2019\u0131n Kud\u00fcs sevgisi nereden kaynaklan\u0131yor? Kud\u00fcs\u2019te ilk T\u00fcrk izleri ne zaman g\u00f6r\u00fcld\u00fc? Hz. Yusuf  ile T\u00fcrklerin gizemli ili\u015fkisi nedir? Kud\u00fcs\u2019e ilk mabedi kim yapt\u0131? Hz. \u0130brahim ve Kud\u00fcs aras\u0131ndaki ba\u011f&#8230; Hz. \u0130sa Kud\u00fcs i\u00e7in beddua etti mi? Filistinliler Arap m\u0131d\u0131r? Kud\u00fcs neden b\u00fct\u00fcn peygamberlerin dura\u011f\u0131 oldu? Hz. Muhammed Mira\u00e7 i\u00e7in Kud\u00fcs\u2019e geldi\u011finde Mescid-i Aksa var m\u0131yd\u0131? Kud\u00fcs\u2019\u00fc kutsal yapan olaylar nelerdir? Persler ile Yahudilerin as\u0131rlardan beri s\u00fcren dayan\u0131\u015fmas\u0131n\u0131n s\u0131rr\u0131&#8230; \u00dc\u00e7 kutsal dine g\u00f6re Kud\u00fcs\u2019\u00fcn \u00f6nemi nedir? <\/p>\n","protected":false},"excerpt":{"rendered":"<p>ABD neden Kud\u00fcs\u2019\u00fc \u0130srail\u2019in ba\u015fkenti olarak tan\u0131d\u0131? Kud\u00fcs\u2019\u00fcn \u0130srail taraf\u0131ndan ba\u015fkent ilan edilmesine Arap devletleri ve H\u0131ristiyan \u00e2lemi neden sessiz kal\u0131yor? Kud\u00fcs neden payla\u015f\u0131lam\u0131yor? Kud\u00fcs\u2019\u00fcn co\u011frafi<span class=\"excerpt-hellip\"> [\u2026]<\/span><\/p>\n","protected":false},"featured_media":0,"template":"","meta":{"_monsterinsights_skip_tracking":false,"_monsterinsights_sitenote_active":false,"_monsterinsights_sitenote_note":"","_monsterinsights_sitenote_category":0},"product_brand":[],"product_cat":[12370,12304],"product_tag":[],"class_list":{"0":"post-711994","1":"product","2":"type-product","3":"status-publish","5":"product_cat-arastirma-inceleme","6":"product_cat-tarih","7":"pa_cilt-ciltsiz","8":"pa_tur-kitap","9":"pa_yayinevi-destek-yayinlari","10":"pa_yazar-erol-cali","12":"first","13":"instock","14":"sale","15":"shipping-taxable","16":"purchasable","17":"product-type-simple"},"_links":{"self":[{"href":"https:\/\/roveyayinevi.com.tr\/index.php\/wp-json\/wp\/v2\/product\/711994","targetHints":{"allow":["GET"]}}],"collection":[{"href":"https:\/\/roveyayinevi.com.tr\/index.php\/wp-json\/wp\/v2\/product"}],"about":[{"href":"https:\/\/roveyayinevi.com.tr\/index.php\/wp-json\/wp\/v2\/types\/product"}],"wp:attachment":[{"href":"https:\/\/roveyayinevi.com.tr\/index.php\/wp-json\/wp\/v2\/media?parent=711994"}],"wp:term":[{"taxonomy":"product_brand","embeddable":true,"href":"https:\/\/roveyayinevi.com.tr\/index.php\/wp-json\/wp\/v2\/product_brand?post=711994"},{"taxonomy":"product_cat","embeddable":true,"href":"https:\/\/roveyayinevi.com.tr\/index.php\/wp-json\/wp\/v2\/product_cat?post=711994"},{"taxonomy":"product_tag","embeddable":true,"href":"https:\/\/roveyayinevi.com.tr\/index.php\/wp-json\/wp\/v2\/product_tag?post=711994"}],"curies":[{"name":"wp","href":"https:\/\/api.w.org\/{rel}","templated":true}]}}