{"id":711992,"date":"2025-08-27T16:51:18","date_gmt":"2025-08-27T13:51:18","guid":{"rendered":"https:\/\/roveyayinevi.com.tr\/index.php\/urun\/gelecegi-yonetmek-degisim-basari-gelecek\/"},"modified":"2026-04-16T02:20:36","modified_gmt":"2026-04-15T23:20:36","slug":"gelecegi-yonetmek-degisim-basari-gelecek","status":"publish","type":"product","link":"https:\/\/roveyayinevi.com.tr\/index.php\/urun\/gelecegi-yonetmek-degisim-basari-gelecek\/","title":{"rendered":"Gelece\u011fi Y\u00f6netmek (De\u011fi\u015fim-Ba\u015far\u0131-Gelecek)"},"content":{"rendered":"<p>Zaman zaman herkes gelece\u011fin belirsiz oldu\u011funu d\u00fc\u015f\u00fcnebilir. Asl\u0131nda b\u00f6yle bir durumda \u00f6n\u00fcm\u00fczde sadece iki se\u00e7enek vard\u0131r; ya bekleyip g\u00f6r\u00fcrs\u00fcn\u00fcz ya da gelece\u011fi \u015fekillendirmek i\u00e7in harekete ge\u00e7ersiniz. Yani, de\u011fi\u015fime dahil olmadan olu\u015fmas\u0131n\u0131 bekleyip, sonradan ge\u00e7 kalm\u0131\u015f bir tepki verirsiniz ya da ba\u015ftan kontrol\u00fc ele al\u0131p de\u011fi\u015fimi y\u00f6nlendirirsiniz. \u0130\u015fte, okuyaca\u011f\u0131n\u0131z bu kitap ikinci se\u00e7enekle, \u00f6nceden ad\u0131m atmakla ilgili. Kurumlarda geli\u015fimin ve de\u011fi\u015fimin ka\u00e7\u0131n\u0131lmaz bir ger\u00e7ek oldu\u011funu hepimiz biliyoruz. Bu ger\u00e7e\u011fi kabullenmeyenler veya g\u00f6remeyenler ya kontrols\u00fcz b\u00fcy\u00fcyorlar ya da rekabette geri kal\u0131p k\u00fc\u00e7\u00fcl\u00fcyor ve sonunda da yok oluyorlar. E\u011fer de\u011fi\u015fimin ve geli\u015fimin engellenemeyece\u011fini ba\u015ftan kabul ederseniz, kurumunuzda yap\u0131lacak t\u00fcm projelerde, de\u011fi\u015fimi y\u00f6nlendirebilme becerilerinin geli\u015fmesine odaklanabilirsiniz.Ahmet \u015eerif \u0130zg\u00f6ren\u2019in, Elma Yay\u0131nevinden \u00e7\u0131kan son kitab\u0131 Gelece\u011fi Y\u00f6netmek, raflardaki yerini ald\u0131. Ya\u015fanm\u0131\u015f \u00f6rneklerin yer ald\u0131\u011f\u0131 kitapta \u0130zg\u00f6ren, i\u015f d\u00fcnyas\u0131na sesleniyor ve \u015firketlerin gelecek rotas\u0131n\u0131 \u201cDe\u011fi\u015fim-Ba\u015far\u0131-Gelecek\u201d \u00fc\u00e7geninde anlat\u0131yor, ipu\u00e7lar\u0131 veriyor.Keyifli okumalar. <\/p>\n","protected":false},"excerpt":{"rendered":"<p>Zaman zaman herkes gelece\u011fin belirsiz oldu\u011funu d\u00fc\u015f\u00fcnebilir. Asl\u0131nda b\u00f6yle bir durumda \u00f6n\u00fcm\u00fczde sadece iki se\u00e7enek vard\u0131r; ya bekleyip g\u00f6r\u00fcrs\u00fcn\u00fcz ya da gelece\u011fi \u015fekillendirmek i\u00e7in harekete ge\u00e7ersiniz.<span class=\"excerpt-hellip\"> [\u2026]<\/span><\/p>\n","protected":false},"featured_media":0,"template":"","meta":{"_monsterinsights_skip_tracking":false,"_monsterinsights_sitenote_active":false,"_monsterinsights_sitenote_note":"","_monsterinsights_sitenote_category":0},"product_brand":[],"product_cat":[13043,17647],"product_tag":[],"class_list":{"0":"post-711992","1":"product","2":"type-product","3":"status-publish","5":"product_cat-ekonomi","6":"product_cat-is-dunyasi","7":"pa_cilt-ciltsiz","8":"pa_tur-kitap","9":"pa_yayinevi-elma-yayinevi","10":"pa_yazar-ahmet-serif-izgoren","12":"first","13":"instock","14":"sale","15":"shipping-taxable","16":"purchasable","17":"product-type-simple"},"_links":{"self":[{"href":"https:\/\/roveyayinevi.com.tr\/index.php\/wp-json\/wp\/v2\/product\/711992","targetHints":{"allow":["GET"]}}],"collection":[{"href":"https:\/\/roveyayinevi.com.tr\/index.php\/wp-json\/wp\/v2\/product"}],"about":[{"href":"https:\/\/roveyayinevi.com.tr\/index.php\/wp-json\/wp\/v2\/types\/product"}],"wp:attachment":[{"href":"https:\/\/roveyayinevi.com.tr\/index.php\/wp-json\/wp\/v2\/media?parent=711992"}],"wp:term":[{"taxonomy":"product_brand","embeddable":true,"href":"https:\/\/roveyayinevi.com.tr\/index.php\/wp-json\/wp\/v2\/product_brand?post=711992"},{"taxonomy":"product_cat","embeddable":true,"href":"https:\/\/roveyayinevi.com.tr\/index.php\/wp-json\/wp\/v2\/product_cat?post=711992"},{"taxonomy":"product_tag","embeddable":true,"href":"https:\/\/roveyayinevi.com.tr\/index.php\/wp-json\/wp\/v2\/product_tag?post=711992"}],"curies":[{"name":"wp","href":"https:\/\/api.w.org\/{rel}","templated":true}]}}