{"id":711991,"date":"2025-08-27T16:51:18","date_gmt":"2025-08-27T13:51:18","guid":{"rendered":"https:\/\/roveyayinevi.com.tr\/index.php\/urun\/bu-kadinci-yalnizlik\/"},"modified":"2026-04-16T02:20:36","modified_gmt":"2026-04-15T23:20:36","slug":"bu-kadinci-yalnizlik","status":"publish","type":"product","link":"https:\/\/roveyayinevi.com.tr\/index.php\/urun\/bu-kadinci-yalnizlik\/","title":{"rendered":"Bu Kad\u0131nc\u0131 Yaln\u0131zl\u0131k"},"content":{"rendered":"<p>Ge\u00e7 m\u00fcdahale edilen bir yang\u0131n\u0131n ortas\u0131nda kalm\u0131\u015f birini d\u00fc\u015f\u00fcn&#8230; Enkaz alt\u0131ndan g\u00fcnler sonra \u00e7\u0131kar\u0131lan birini&#8230; Y\u00fczme bilmiyorken, en derin sulara b\u0131rak\u0131lm\u0131\u015f birini d\u00fc\u015f\u00fcn. Ve anla \u015fimdi beni, hisset ne haldeyim. Gelirsen, en fazla \u00f6l\u00fcm\u00fc g\u00f6r\u00fcrs\u00fcn&#8230; <\/p>\n","protected":false},"excerpt":{"rendered":"<p>Ge\u00e7 m\u00fcdahale edilen bir yang\u0131n\u0131n ortas\u0131nda kalm\u0131\u015f birini d\u00fc\u015f\u00fcn&#8230; Enkaz alt\u0131ndan g\u00fcnler sonra \u00e7\u0131kar\u0131lan birini&#8230; Y\u00fczme bilmiyorken, en derin sulara b\u0131rak\u0131lm\u0131\u015f birini d\u00fc\u015f\u00fcn. Ve anla \u015fimdi<span class=\"excerpt-hellip\"> [\u2026]<\/span><\/p>\n","protected":false},"featured_media":0,"template":"","meta":{"_monsterinsights_skip_tracking":false,"_monsterinsights_sitenote_active":false,"_monsterinsights_sitenote_note":"","_monsterinsights_sitenote_category":0},"product_brand":[],"product_cat":[12777,12291],"product_tag":[],"class_list":{"0":"post-711991","1":"product","2":"type-product","3":"status-publish","5":"product_cat-deneme","6":"product_cat-edebiyat","7":"pa_cilt-ciltsiz","8":"pa_tur-kitap","9":"pa_yayinevi-dokuz-yayinlari","10":"pa_yazar-emre-gokce","12":"first","13":"instock","14":"sale","15":"shipping-taxable","16":"purchasable","17":"product-type-simple"},"_links":{"self":[{"href":"https:\/\/roveyayinevi.com.tr\/index.php\/wp-json\/wp\/v2\/product\/711991","targetHints":{"allow":["GET"]}}],"collection":[{"href":"https:\/\/roveyayinevi.com.tr\/index.php\/wp-json\/wp\/v2\/product"}],"about":[{"href":"https:\/\/roveyayinevi.com.tr\/index.php\/wp-json\/wp\/v2\/types\/product"}],"wp:attachment":[{"href":"https:\/\/roveyayinevi.com.tr\/index.php\/wp-json\/wp\/v2\/media?parent=711991"}],"wp:term":[{"taxonomy":"product_brand","embeddable":true,"href":"https:\/\/roveyayinevi.com.tr\/index.php\/wp-json\/wp\/v2\/product_brand?post=711991"},{"taxonomy":"product_cat","embeddable":true,"href":"https:\/\/roveyayinevi.com.tr\/index.php\/wp-json\/wp\/v2\/product_cat?post=711991"},{"taxonomy":"product_tag","embeddable":true,"href":"https:\/\/roveyayinevi.com.tr\/index.php\/wp-json\/wp\/v2\/product_tag?post=711991"}],"curies":[{"name":"wp","href":"https:\/\/api.w.org\/{rel}","templated":true}]}}