{"id":711987,"date":"2025-08-27T16:51:16","date_gmt":"2025-08-27T13:51:16","guid":{"rendered":"https:\/\/roveyayinevi.com.tr\/index.php\/urun\/adam-smithin-yemegini-pisiren-kimdi-ekonomide-kadinin-gorunmez-eli\/"},"modified":"2026-04-16T02:20:36","modified_gmt":"2026-04-15T23:20:36","slug":"adam-smithin-yemegini-pisiren-kimdi-ekonomide-kadinin-gorunmez-eli","status":"publish","type":"product","link":"https:\/\/roveyayinevi.com.tr\/index.php\/urun\/adam-smithin-yemegini-pisiren-kimdi-ekonomide-kadinin-gorunmez-eli\/","title":{"rendered":"Adam Sm\u0131th\u2019in Yeme\u011fini Pi\u015firen Kimdi? Ekonomide Kad\u0131n\u0131n G\u00f6r\u00fcnmez Eli"},"content":{"rendered":"<p>Ak\u015fam yeme\u011finiz sofran\u0131za nas\u0131l geliyor? Basit gibi g\u00f6r\u00fcnse de \u00e7etrefil bir soru. \u00dcstelik iktisad\u0131n temelini olu\u015fturuyor. G\u00f6r\u00fcnmez el, iktisatta en \u00e7ok bilinen ifade; temel iktisat anlat\u0131s\u0131na g\u00f6re her \u015feye dokunur, her \u015feyi y\u00f6netir, her \u015feye karar verir ama ne g\u00f6r\u00fcn\u00fcr ne de hissedilir. Yukar\u0131dan, d\u0131\u015far\u0131dan m\u00fcdahale etmez, \u015feyleri kurcalay\u0131p yerlerini de\u011fi\u015ftirmez; bireylerin eylem ve se\u00e7imlerinin i\u00e7inde ve aras\u0131nda ortaya \u00e7\u0131kar. Sistemi \u00e7ekip \u00e7evirir. Katrine Mar\u00e7al, var olmak i\u00e7in ba\u011f\u0131ml\u0131 oldu\u011fu kad\u0131n\u0131 \u201c\u00f6teki\u201d olarak tan\u0131mlayan erkek \u00fczerine kurgulanan standart iktisat anlat\u0131lar\u0131n\u0131 sorgulayarak, bir de g\u00f6r\u00fcnmez cins oldu\u011funu hat\u0131rlat\u0131yor bize. T\u0131pk\u0131 \u201cikinci cins\u201d gibi bir \u201cikinci iktisat\u201d da oldu\u011funu g\u00f6zler \u00f6n\u00fcne sererek, hesaba kat\u0131lmayan \u201ckad\u0131n\u201d\u0131 denkleme dahil ediyor. Katrine Mar\u00e7al, \u0130sve\u00e7li gazeteci ve yazar. <\/p>\n","protected":false},"excerpt":{"rendered":"<p>Ak\u015fam yeme\u011finiz sofran\u0131za nas\u0131l geliyor? Basit gibi g\u00f6r\u00fcnse de \u00e7etrefil bir soru. \u00dcstelik iktisad\u0131n temelini olu\u015fturuyor. G\u00f6r\u00fcnmez el, iktisatta en \u00e7ok bilinen ifade; temel iktisat anlat\u0131s\u0131na<span class=\"excerpt-hellip\"> [\u2026]<\/span><\/p>\n","protected":false},"featured_media":0,"template":"","meta":{"_monsterinsights_skip_tracking":false,"_monsterinsights_sitenote_active":false,"_monsterinsights_sitenote_note":"","_monsterinsights_sitenote_category":0},"product_brand":[],"product_cat":[12312,12304],"product_tag":[],"class_list":{"0":"post-711987","1":"product","2":"type-product","3":"status-publish","5":"product_cat-diger","6":"product_cat-tarih","7":"pa_cilt-ciltsiz","8":"pa_tur-kitap","9":"pa_yayinevi-koc-universitesi-yayinlari","10":"pa_yazar-katrine-marcal","12":"first","13":"instock","14":"sale","15":"shipping-taxable","16":"purchasable","17":"product-type-simple"},"_links":{"self":[{"href":"https:\/\/roveyayinevi.com.tr\/index.php\/wp-json\/wp\/v2\/product\/711987","targetHints":{"allow":["GET"]}}],"collection":[{"href":"https:\/\/roveyayinevi.com.tr\/index.php\/wp-json\/wp\/v2\/product"}],"about":[{"href":"https:\/\/roveyayinevi.com.tr\/index.php\/wp-json\/wp\/v2\/types\/product"}],"wp:attachment":[{"href":"https:\/\/roveyayinevi.com.tr\/index.php\/wp-json\/wp\/v2\/media?parent=711987"}],"wp:term":[{"taxonomy":"product_brand","embeddable":true,"href":"https:\/\/roveyayinevi.com.tr\/index.php\/wp-json\/wp\/v2\/product_brand?post=711987"},{"taxonomy":"product_cat","embeddable":true,"href":"https:\/\/roveyayinevi.com.tr\/index.php\/wp-json\/wp\/v2\/product_cat?post=711987"},{"taxonomy":"product_tag","embeddable":true,"href":"https:\/\/roveyayinevi.com.tr\/index.php\/wp-json\/wp\/v2\/product_tag?post=711987"}],"curies":[{"name":"wp","href":"https:\/\/api.w.org\/{rel}","templated":true}]}}