{"id":711986,"date":"2025-08-27T16:51:15","date_gmt":"2025-08-27T13:51:15","guid":{"rendered":"https:\/\/roveyayinevi.com.tr\/index.php\/urun\/bir-osmanli-trajedisi-tarihyaziminin-tarihle-oyunu\/"},"modified":"2026-04-16T02:20:36","modified_gmt":"2026-04-15T23:20:36","slug":"bir-osmanli-trajedisi-tarihyaziminin-tarihle-oyunu","status":"publish","type":"product","link":"https:\/\/roveyayinevi.com.tr\/index.php\/urun\/bir-osmanli-trajedisi-tarihyaziminin-tarihle-oyunu\/","title":{"rendered":"Bir Osmanl\u0131 Trajedisi: Tarihyaz\u0131m\u0131n\u0131n Tarihle Oyunu"},"content":{"rendered":"<p>\u201cYakla\u015f\u0131m\u0131n\u0131n hem yeni hem de ilgin\u00e7 olmas\u0131n\u0131n yan\u0131 s\u0131ra Bir Osmanl\u0131 Trajedisi\u2019ni ger\u00e7ekten ola\u011fan\u00fcst\u00fc k\u0131lan, yazar\u0131n yakla\u015f\u0131m\u0131n\u0131 kendi tercihi olarak b\u0131rakmaktansa edebi kuramlarla ele\u015ftirel ba\u011flar kurarak kayda ge\u00e7irmesi ve bu kuramlar\u0131 kullan\u0131rken kendi ihtiya\u00e7lar\u0131na g\u00f6re uyarlad\u0131\u011f\u0131 rafine y\u00f6ntemler geli\u015ftirmesi.\u201d Cemal Kafadar Gabriel Piterberg, Bir Osmanl\u0131 Trajedisi\u2019nde gen\u00e7 padi\u015fah II. Osman\u2019\u0131n 1622\u2019de tahttan indirilerek \u00f6ld\u00fcr\u00fclmesi vakas\u0131n\u0131 ayr\u0131nt\u0131l\u0131 bir \u015fekilde inceleyerek tarihyaz\u0131m\u0131n\u0131n kendisini konula\u015ft\u0131r\u0131yor, olay\u0131n farkl\u0131 ve birbirine rakip temsilleri \u00fczerinden devlet kavram\u0131na \u00e7okkatmanl\u0131 bir perspektif sunuyor. Postmodernist anlat\u0131 kuramlar\u0131ndan da ustaca faydaland\u0131\u011f\u0131 \u00e7al\u0131\u015fmas\u0131nda Piterberg, d\u00f6nemin \u00e7eli\u015fkili ve siyasi tarihyaz\u0131m\u0131n\u0131n Osmanl\u0131 tarihinin yads\u0131namaz bir par\u00e7as\u0131 oldu\u011funu vurgularken \u201cya\u015fanm\u0131\u015f tarih\u201d ile \u201cyaz\u0131lm\u0131\u015f tarih\u201din birbirine kar\u0131\u015ft\u0131\u011f\u0131 ar\u015fivlerde dilsel farkl\u0131l\u0131klar\u0131n ard\u0131ndaki y\u00f6ntem ve g\u00fcndemlerin de pe\u015fine d\u00fc\u015f\u00fcyor. Bir Osmanl\u0131 Trajedisi, Osmanl\u0131 tarihinin en karma\u015f\u0131k ve \u00e7alkant\u0131l\u0131 d\u00f6nemlerinden birini daha iyi anlamam\u0131z i\u00e7in deneysel bir \u00e7er\u00e7eve \u00f6neriyor; \u201ctrajik\u201d bir olay\u0131n akt\u00f6rlerini, tan\u0131klar\u0131n\u0131 ve anlat\u0131c\u0131lar\u0131n\u0131 da bu \u00e7er\u00e7eveye yerle\u015ftirerek Osmanl\u0131\u2019da dil, tarih ve devlet anlay\u0131\u015f\u0131na dair yeni ve ilgi \u00e7ekici sorular ortaya at\u0131yor. Gabriel Piterberg, UCLA Tarih B\u00f6l\u00fcm\u00fc\u2019nde profes\u00f6r. <\/p>\n","protected":false},"excerpt":{"rendered":"<p>\u201cYakla\u015f\u0131m\u0131n\u0131n hem yeni hem de ilgin\u00e7 olmas\u0131n\u0131n yan\u0131 s\u0131ra Bir Osmanl\u0131 Trajedisi\u2019ni ger\u00e7ekten ola\u011fan\u00fcst\u00fc k\u0131lan, yazar\u0131n yakla\u015f\u0131m\u0131n\u0131 kendi tercihi olarak b\u0131rakmaktansa edebi kuramlarla ele\u015ftirel ba\u011flar kurarak<span class=\"excerpt-hellip\"> [\u2026]<\/span><\/p>\n","protected":false},"featured_media":0,"template":"","meta":{"_monsterinsights_skip_tracking":false,"_monsterinsights_sitenote_active":false,"_monsterinsights_sitenote_note":"","_monsterinsights_sitenote_category":0},"product_brand":[],"product_cat":[12370,12304],"product_tag":[],"class_list":{"0":"post-711986","1":"product","2":"type-product","3":"status-publish","5":"product_cat-arastirma-inceleme","6":"product_cat-tarih","7":"pa_cilt-ciltsiz","8":"pa_tur-kitap","9":"pa_yayinevi-koc-universitesi-yayinlari","10":"pa_yazar-gabriel-piterberg","12":"first","13":"instock","14":"sale","15":"shipping-taxable","16":"purchasable","17":"product-type-simple"},"_links":{"self":[{"href":"https:\/\/roveyayinevi.com.tr\/index.php\/wp-json\/wp\/v2\/product\/711986","targetHints":{"allow":["GET"]}}],"collection":[{"href":"https:\/\/roveyayinevi.com.tr\/index.php\/wp-json\/wp\/v2\/product"}],"about":[{"href":"https:\/\/roveyayinevi.com.tr\/index.php\/wp-json\/wp\/v2\/types\/product"}],"wp:attachment":[{"href":"https:\/\/roveyayinevi.com.tr\/index.php\/wp-json\/wp\/v2\/media?parent=711986"}],"wp:term":[{"taxonomy":"product_brand","embeddable":true,"href":"https:\/\/roveyayinevi.com.tr\/index.php\/wp-json\/wp\/v2\/product_brand?post=711986"},{"taxonomy":"product_cat","embeddable":true,"href":"https:\/\/roveyayinevi.com.tr\/index.php\/wp-json\/wp\/v2\/product_cat?post=711986"},{"taxonomy":"product_tag","embeddable":true,"href":"https:\/\/roveyayinevi.com.tr\/index.php\/wp-json\/wp\/v2\/product_tag?post=711986"}],"curies":[{"name":"wp","href":"https:\/\/api.w.org\/{rel}","templated":true}]}}