{"id":711984,"date":"2025-08-27T16:51:14","date_gmt":"2025-08-27T13:51:14","guid":{"rendered":"https:\/\/roveyayinevi.com.tr\/index.php\/urun\/ejderhalari-nasil-taniriz\/"},"modified":"2025-10-30T11:26:18","modified_gmt":"2025-10-30T08:26:18","slug":"ejderhalari-nasil-taniriz","status":"publish","type":"product","link":"https:\/\/roveyayinevi.com.tr\/index.php\/urun\/ejderhalari-nasil-taniriz\/","title":{"rendered":"Ejderhalar\u0131 Nas\u0131l Tan\u0131r\u0131z?"},"content":{"rendered":"<p>Ejderhalar\u0131 Nas\u0131l Tan\u0131r\u0131z? Bir kere ejderha oldu\u011funu s\u00f6yleyen herkese inanmay\u0131n! Hele di\u015flerini f\u0131r\u00e7alam\u0131yorsa\u2026 Okuluna gitmiyorsa\u2026 Okumay\u0131 bilmiyorsa\u2026 O kesinlikle ejderha de\u011fildir! Ger\u00e7ek ejderhalar bu kitapta&#8230;&#8230; <\/p>\n","protected":false},"excerpt":{"rendered":"<p>Ejderhalar\u0131 Nas\u0131l Tan\u0131r\u0131z? Bir kere ejderha oldu\u011funu s\u00f6yleyen herkese inanmay\u0131n! Hele di\u015flerini f\u0131r\u00e7alam\u0131yorsa\u2026 Okuluna gitmiyorsa\u2026 Okumay\u0131 bilmiyorsa\u2026 O kesinlikle ejderha de\u011fildir! Ger\u00e7ek ejderhalar bu kitapta&#8230;&#8230;<\/p>\n","protected":false},"featured_media":0,"template":"","meta":{"_monsterinsights_skip_tracking":false,"_monsterinsights_sitenote_active":false,"_monsterinsights_sitenote_note":"","_monsterinsights_sitenote_category":0},"product_brand":[],"product_cat":[12275,12274],"product_tag":[],"class_list":{"0":"post-711984","1":"product","2":"type-product","3":"status-publish","5":"product_cat-6-12-yas-kitaplari","6":"product_cat-cocuk-ve-genclik-kitaplari","7":"pa_cilt-ciltsiz","8":"pa_tur-kitap","9":"pa_yayinevi-yapi-kredi-yayinlari","10":"pa_yazar-veronique-cauchy","12":"first","13":"instock","14":"sale","15":"shipping-taxable","16":"purchasable","17":"product-type-simple"},"_links":{"self":[{"href":"https:\/\/roveyayinevi.com.tr\/index.php\/wp-json\/wp\/v2\/product\/711984","targetHints":{"allow":["GET"]}}],"collection":[{"href":"https:\/\/roveyayinevi.com.tr\/index.php\/wp-json\/wp\/v2\/product"}],"about":[{"href":"https:\/\/roveyayinevi.com.tr\/index.php\/wp-json\/wp\/v2\/types\/product"}],"wp:attachment":[{"href":"https:\/\/roveyayinevi.com.tr\/index.php\/wp-json\/wp\/v2\/media?parent=711984"}],"wp:term":[{"taxonomy":"product_brand","embeddable":true,"href":"https:\/\/roveyayinevi.com.tr\/index.php\/wp-json\/wp\/v2\/product_brand?post=711984"},{"taxonomy":"product_cat","embeddable":true,"href":"https:\/\/roveyayinevi.com.tr\/index.php\/wp-json\/wp\/v2\/product_cat?post=711984"},{"taxonomy":"product_tag","embeddable":true,"href":"https:\/\/roveyayinevi.com.tr\/index.php\/wp-json\/wp\/v2\/product_tag?post=711984"}],"curies":[{"name":"wp","href":"https:\/\/api.w.org\/{rel}","templated":true}]}}