{"id":711982,"date":"2025-08-27T16:51:13","date_gmt":"2025-08-27T13:51:13","guid":{"rendered":"https:\/\/roveyayinevi.com.tr\/index.php\/urun\/cagimizin-arastirma-yontemleri-uzerine\/"},"modified":"2026-04-16T02:20:36","modified_gmt":"2026-04-15T23:20:36","slug":"cagimizin-arastirma-yontemleri-uzerine","status":"publish","type":"product","link":"https:\/\/roveyayinevi.com.tr\/index.php\/urun\/cagimizin-arastirma-yontemleri-uzerine\/","title":{"rendered":"\u00c7a\u011f\u0131m\u0131z\u0131n Ara\u015ft\u0131rma Y\u00f6ntemleri \u00dczerine"},"content":{"rendered":"<p>\u00c7a\u011f\u0131m\u0131z\u0131n Ara\u015ft\u0131rma Y\u00f6ntemleri \u00dczerine Vico&#8217;nun ilk \u00f6zg\u00fcn felsefe kitab\u0131d\u0131r. Vico bu kitapta, bilimcilik kar\u015f\u0131s\u0131nda h\u00fcmanizma tart\u0131\u015fmas\u0131na \u00f6nemli felsefece savlarla katk\u0131da bulunur. Klasik ve modern k\u00fclt\u00fcr\u00fcn \u00fcst\u00fcn niteliklerini kar\u015f\u0131la\u015ft\u0131rarak Kartezyen d\u00fcnya g\u00f6r\u00fc\u015f\u00fcn\u00fcn sonucu olan bilginin b\u00f6l\u00fcmlere ayr\u0131lmas\u0131n\u0131 da ele\u015ftirip yads\u0131r. Verum est factum (hakikat yap\u0131lm\u0131\u015f oland\u0131r) \u00f6nermesi, Vico\u2019nun Kartezyen bilim y\u00f6ntemine ve Kartezyen felsefeye meydan okuyu\u015funun \u00f6zetidir. Vico\u2019nun \u00e7al\u0131\u015fmalar\u0131 uzun bir s\u00fcre sessizli\u011fini korumu\u015f, \u00f6nemleri, bu g\u00f6r\u00fc\u015flerden etkilenen baz\u0131 \u00f6nemli felsefecilerle yeniden g\u00f6r\u00fcl\u00fcr olmu\u015ftur. <\/p>\n","protected":false},"excerpt":{"rendered":"<p>\u00c7a\u011f\u0131m\u0131z\u0131n Ara\u015ft\u0131rma Y\u00f6ntemleri \u00dczerine Vico&#8217;nun ilk \u00f6zg\u00fcn felsefe kitab\u0131d\u0131r. Vico bu kitapta, bilimcilik kar\u015f\u0131s\u0131nda h\u00fcmanizma tart\u0131\u015fmas\u0131na \u00f6nemli felsefece savlarla katk\u0131da bulunur. Klasik ve modern k\u00fclt\u00fcr\u00fcn \u00fcst\u00fcn<span class=\"excerpt-hellip\"> [\u2026]<\/span><\/p>\n","protected":false},"featured_media":0,"template":"","meta":{"_monsterinsights_skip_tracking":false,"_monsterinsights_sitenote_active":false,"_monsterinsights_sitenote_note":"","_monsterinsights_sitenote_category":0},"product_brand":[],"product_cat":[12388,13555],"product_tag":[],"class_list":{"0":"post-711982","1":"product","2":"type-product","3":"status-publish","5":"product_cat-felsefe","6":"product_cat-genel-felsefe","7":"pa_cilt-ciltsiz","8":"pa_tur-kitap","9":"pa_yayinevi-bilgesu-yayincilik","10":"pa_yazar-giambattista-vico","12":"first","13":"instock","14":"sale","15":"shipping-taxable","16":"purchasable","17":"product-type-simple"},"_links":{"self":[{"href":"https:\/\/roveyayinevi.com.tr\/index.php\/wp-json\/wp\/v2\/product\/711982","targetHints":{"allow":["GET"]}}],"collection":[{"href":"https:\/\/roveyayinevi.com.tr\/index.php\/wp-json\/wp\/v2\/product"}],"about":[{"href":"https:\/\/roveyayinevi.com.tr\/index.php\/wp-json\/wp\/v2\/types\/product"}],"wp:attachment":[{"href":"https:\/\/roveyayinevi.com.tr\/index.php\/wp-json\/wp\/v2\/media?parent=711982"}],"wp:term":[{"taxonomy":"product_brand","embeddable":true,"href":"https:\/\/roveyayinevi.com.tr\/index.php\/wp-json\/wp\/v2\/product_brand?post=711982"},{"taxonomy":"product_cat","embeddable":true,"href":"https:\/\/roveyayinevi.com.tr\/index.php\/wp-json\/wp\/v2\/product_cat?post=711982"},{"taxonomy":"product_tag","embeddable":true,"href":"https:\/\/roveyayinevi.com.tr\/index.php\/wp-json\/wp\/v2\/product_tag?post=711982"}],"curies":[{"name":"wp","href":"https:\/\/api.w.org\/{rel}","templated":true}]}}