{"id":711981,"date":"2025-08-27T16:51:13","date_gmt":"2025-08-27T13:51:13","guid":{"rendered":"https:\/\/roveyayinevi.com.tr\/index.php\/urun\/gezgin-ile-kartanesi-bay-kiskacin-evinde\/"},"modified":"2026-04-16T02:20:36","modified_gmt":"2026-04-15T23:20:36","slug":"gezgin-ile-kartanesi-bay-kiskacin-evinde","status":"publish","type":"product","link":"https:\/\/roveyayinevi.com.tr\/index.php\/urun\/gezgin-ile-kartanesi-bay-kiskacin-evinde\/","title":{"rendered":"Gezgin ile Kartanesi Bay K\u0131ska\u00e7\u2019\u0131n Evinde"},"content":{"rendered":"<p>Hava \u00f6yle s\u0131cak ki! Haz\u0131r m\u0131s\u0131n Gezgin? \u0130ki sevimli c\u00fcce cin Gezgin ile Kartanesi Noel Baba\u2019n\u0131n k\u0131za\u011f\u0131ndan d\u00fc\u015f\u00fcp yery\u00fcz\u00fcne geldiklerinden beri maceradan maceraya ko\u015ftular, bir s\u00fcr\u00fc arkada\u015f edindiler, daha \u00f6nce hi\u00e7 g\u00f6rmedikleri bitkileri, hayvanlar\u0131, b\u00f6cekleri tan\u0131d\u0131lar, y\u00fczmeyi \u00f6\u011frendiler. \u0130\u015fte sonunda yaz geldi! Gezgin ile Kartanesi bu kez de deniz k\u0131y\u0131s\u0131n\u0131 ve orada ya\u015fayan, ilgin\u00e7 isimleri olan minik canl\u0131lar\u0131 ke\u015ffedecekler&#8230; Anne Ducourtial\u2019in yazd\u0131\u011f\u0131, Bruno Robert\u2019in resimledi\u011fi bu sevimli mi sevimli Gezgin ile Kartanesi serisi, Gezgin ile Kartanesi Bay K\u0131ska\u00e7\u2019\u0131n Evinde adl\u0131 be\u015finci kitapladevam ediyor! <\/p>\n","protected":false},"excerpt":{"rendered":"<p>Hava \u00f6yle s\u0131cak ki! Haz\u0131r m\u0131s\u0131n Gezgin? \u0130ki sevimli c\u00fcce cin Gezgin ile Kartanesi Noel Baba\u2019n\u0131n k\u0131za\u011f\u0131ndan d\u00fc\u015f\u00fcp yery\u00fcz\u00fcne geldiklerinden beri maceradan maceraya ko\u015ftular, bir s\u00fcr\u00fc<span class=\"excerpt-hellip\"> [\u2026]<\/span><\/p>\n","protected":false},"featured_media":0,"template":"","meta":{"_monsterinsights_skip_tracking":false,"_monsterinsights_sitenote_active":false,"_monsterinsights_sitenote_note":"","_monsterinsights_sitenote_category":0},"product_brand":[],"product_cat":[12275,12274],"product_tag":[],"class_list":{"0":"post-711981","1":"product","2":"type-product","3":"status-publish","5":"product_cat-6-12-yas-kitaplari","6":"product_cat-cocuk-ve-genclik-kitaplari","7":"pa_cilt-ciltsiz","8":"pa_tur-kitap","9":"pa_yayinevi-yapi-kredi-yayinlari","10":"pa_yazar-anne-ducourtial","12":"first","13":"instock","14":"sale","15":"shipping-taxable","16":"purchasable","17":"product-type-simple"},"_links":{"self":[{"href":"https:\/\/roveyayinevi.com.tr\/index.php\/wp-json\/wp\/v2\/product\/711981","targetHints":{"allow":["GET"]}}],"collection":[{"href":"https:\/\/roveyayinevi.com.tr\/index.php\/wp-json\/wp\/v2\/product"}],"about":[{"href":"https:\/\/roveyayinevi.com.tr\/index.php\/wp-json\/wp\/v2\/types\/product"}],"wp:attachment":[{"href":"https:\/\/roveyayinevi.com.tr\/index.php\/wp-json\/wp\/v2\/media?parent=711981"}],"wp:term":[{"taxonomy":"product_brand","embeddable":true,"href":"https:\/\/roveyayinevi.com.tr\/index.php\/wp-json\/wp\/v2\/product_brand?post=711981"},{"taxonomy":"product_cat","embeddable":true,"href":"https:\/\/roveyayinevi.com.tr\/index.php\/wp-json\/wp\/v2\/product_cat?post=711981"},{"taxonomy":"product_tag","embeddable":true,"href":"https:\/\/roveyayinevi.com.tr\/index.php\/wp-json\/wp\/v2\/product_tag?post=711981"}],"curies":[{"name":"wp","href":"https:\/\/api.w.org\/{rel}","templated":true}]}}