{"id":711980,"date":"2025-08-27T16:51:12","date_gmt":"2025-08-27T13:51:12","guid":{"rendered":"https:\/\/roveyayinevi.com.tr\/index.php\/urun\/anadolu-folklorunda-olum\/"},"modified":"2026-04-16T02:20:36","modified_gmt":"2026-04-15T23:20:36","slug":"anadolu-folklorunda-olum","status":"publish","type":"product","link":"https:\/\/roveyayinevi.com.tr\/index.php\/urun\/anadolu-folklorunda-olum\/","title":{"rendered":"Anadolu Folklorunda \u00d6l\u00fcm"},"content":{"rendered":"<p>Halkbilimci, ara\u015ftrmac\u0131, yazar ve oyun yazar\u0131 Sedat Veyis \u00d6rnek 1929 y\u0131l\u0131nda Zara&#8217;da do\u011fdu. 1953 y\u0131l\u0131nda Ankara \u00dcniversitesi \u0130lahiyat Fakltesi&#8217;ni bitirdi. Dinler tarihi ve etnoloji dal\u0131nda Almanya&#8217;da T\u00fcbingen \u00dcniversitesi&#8217;nde doktoras\u0131n\u0131 verdi. A. \u00dc. Dil ve Tarih-Co\u011frafya Fak\u00fcltesi Etnoloji K\u00fcrs\u00fcs\u00fcne 1961 y\u0131l\u0131nda asistan olarak girdi ve 1971&#8217;de profes\u00f6rl\u00fc\u011fe y\u00fckseldi. Folklor \u00fczerine incelemeler yapt\u0131, hikaye ve oyunlar yazd\u0131. Varl\u0131k, De\u011fi\u015fim, Su ve T\u00fcrk Dili dergilerinde \u00f6yk\u00fc, ele\u015ftiri, k\u0131sa oyun ve \u00e7evirileri yay\u0131nlan\u0131rken daha \u00e7ok oyun yazar\u0131 olarak tan\u0131nd\u0131. 15 Kas\u0131m 1980&#8217;de Ankara&#8217;da \u00f6ld\u00fc. <\/p>\n","protected":false},"excerpt":{"rendered":"<p>Halkbilimci, ara\u015ftrmac\u0131, yazar ve oyun yazar\u0131 Sedat Veyis \u00d6rnek 1929 y\u0131l\u0131nda Zara&#8217;da do\u011fdu. 1953 y\u0131l\u0131nda Ankara \u00dcniversitesi \u0130lahiyat Fakltesi&#8217;ni bitirdi. Dinler tarihi ve etnoloji dal\u0131nda Almanya&#8217;da<span class=\"excerpt-hellip\"> [\u2026]<\/span><\/p>\n","protected":false},"featured_media":0,"template":"","meta":{"_monsterinsights_skip_tracking":false,"_monsterinsights_sitenote_active":false,"_monsterinsights_sitenote_note":"","_monsterinsights_sitenote_category":0},"product_brand":[],"product_cat":[12835,12324],"product_tag":[],"class_list":{"0":"post-711980","1":"product","2":"type-product","3":"status-publish","5":"product_cat-genel-sosyoloji","6":"product_cat-sosyoloji","7":"pa_cilt-ciltsiz","8":"pa_tur-kitap","9":"pa_yayinevi-bilgesu-yayincilik","10":"pa_yazar-sedat-veyis-ornek","12":"first","13":"instock","14":"sale","15":"shipping-taxable","16":"purchasable","17":"product-type-simple"},"_links":{"self":[{"href":"https:\/\/roveyayinevi.com.tr\/index.php\/wp-json\/wp\/v2\/product\/711980","targetHints":{"allow":["GET"]}}],"collection":[{"href":"https:\/\/roveyayinevi.com.tr\/index.php\/wp-json\/wp\/v2\/product"}],"about":[{"href":"https:\/\/roveyayinevi.com.tr\/index.php\/wp-json\/wp\/v2\/types\/product"}],"wp:attachment":[{"href":"https:\/\/roveyayinevi.com.tr\/index.php\/wp-json\/wp\/v2\/media?parent=711980"}],"wp:term":[{"taxonomy":"product_brand","embeddable":true,"href":"https:\/\/roveyayinevi.com.tr\/index.php\/wp-json\/wp\/v2\/product_brand?post=711980"},{"taxonomy":"product_cat","embeddable":true,"href":"https:\/\/roveyayinevi.com.tr\/index.php\/wp-json\/wp\/v2\/product_cat?post=711980"},{"taxonomy":"product_tag","embeddable":true,"href":"https:\/\/roveyayinevi.com.tr\/index.php\/wp-json\/wp\/v2\/product_tag?post=711980"}],"curies":[{"name":"wp","href":"https:\/\/api.w.org\/{rel}","templated":true}]}}