{"id":711979,"date":"2025-08-27T16:51:12","date_gmt":"2025-08-27T13:51:12","guid":{"rendered":"https:\/\/roveyayinevi.com.tr\/index.php\/urun\/akilli-ask-aptal-ask-ve-amerika\/"},"modified":"2026-04-16T02:20:36","modified_gmt":"2026-04-15T23:20:36","slug":"akilli-ask-aptal-ask-ve-amerika","status":"publish","type":"product","link":"https:\/\/roveyayinevi.com.tr\/index.php\/urun\/akilli-ask-aptal-ask-ve-amerika\/","title":{"rendered":"Ak\u0131ll\u0131 A\u015fk, Aptal A\u015fk ve Amerika"},"content":{"rendered":"<p>Mehmet M\u00fcfit\u2019in yeni \u015fiir kitab\u0131:Ak\u0131ll\u0131 A\u015fk, Aptal A\u015fk ve Amerika a\u011fr\u0131s\u0131z bir g\u00fcn diyorum a\u011fr\u0131s\u0131zbo\u015f ver gel yan\u0131ma, birlikte olal\u0131masal\u0131m, girmeyelim son dersey\u0131rtal\u0131m haritay\u0131 2016\u2019da yitirdi\u011fimiz Mehmet M\u00fcfit\u2019in ailesi taraf\u0131ndan ortaya \u00e7\u0131kar\u0131lan yeni \u015fiir kitab\u0131 Yap\u0131 Kredi Yay\u0131nlar\u0131\u2019nda. Ak\u0131ll\u0131 A\u015fk, Aptal A\u015fk ve Amerika adl\u0131 kitapta \u015fair T\u00fcrkiye\u2019nin ve d\u00fcnyan\u0131n g\u00fcncel olaylar\u0131n\u0131, siyasi geli\u015fmelerini \u015fiirinin konusu yap\u0131yor.\u015eairin son g\u00fcnlerinde yazd\u0131\u011f\u0131 sert \u015fiirlerle dolu \u00e7arp\u0131c\u0131 bir kitap Ak\u0131ll\u0131 A\u015fk, Aptal A\u015fk ve Amerika. <\/p>\n","protected":false},"excerpt":{"rendered":"<p>Mehmet M\u00fcfit\u2019in yeni \u015fiir kitab\u0131:Ak\u0131ll\u0131 A\u015fk, Aptal A\u015fk ve Amerika a\u011fr\u0131s\u0131z bir g\u00fcn diyorum a\u011fr\u0131s\u0131zbo\u015f ver gel yan\u0131ma, birlikte olal\u0131masal\u0131m, girmeyelim son dersey\u0131rtal\u0131m haritay\u0131 2016\u2019da yitirdi\u011fimiz<span class=\"excerpt-hellip\"> [\u2026]<\/span><\/p>\n","protected":false},"featured_media":0,"template":"","meta":{"_monsterinsights_skip_tracking":false,"_monsterinsights_sitenote_active":false,"_monsterinsights_sitenote_note":"","_monsterinsights_sitenote_category":0},"product_brand":[],"product_cat":[12291,12509],"product_tag":[],"class_list":{"0":"post-711979","1":"product","2":"type-product","3":"status-publish","5":"product_cat-edebiyat","6":"product_cat-siir","7":"pa_cilt-ciltsiz","8":"pa_tur-kitap","9":"pa_yayinevi-yapi-kredi-yayinlari","10":"pa_yazar-mehmet-mufit","12":"first","13":"instock","14":"sale","15":"shipping-taxable","16":"purchasable","17":"product-type-simple"},"_links":{"self":[{"href":"https:\/\/roveyayinevi.com.tr\/index.php\/wp-json\/wp\/v2\/product\/711979","targetHints":{"allow":["GET"]}}],"collection":[{"href":"https:\/\/roveyayinevi.com.tr\/index.php\/wp-json\/wp\/v2\/product"}],"about":[{"href":"https:\/\/roveyayinevi.com.tr\/index.php\/wp-json\/wp\/v2\/types\/product"}],"wp:attachment":[{"href":"https:\/\/roveyayinevi.com.tr\/index.php\/wp-json\/wp\/v2\/media?parent=711979"}],"wp:term":[{"taxonomy":"product_brand","embeddable":true,"href":"https:\/\/roveyayinevi.com.tr\/index.php\/wp-json\/wp\/v2\/product_brand?post=711979"},{"taxonomy":"product_cat","embeddable":true,"href":"https:\/\/roveyayinevi.com.tr\/index.php\/wp-json\/wp\/v2\/product_cat?post=711979"},{"taxonomy":"product_tag","embeddable":true,"href":"https:\/\/roveyayinevi.com.tr\/index.php\/wp-json\/wp\/v2\/product_tag?post=711979"}],"curies":[{"name":"wp","href":"https:\/\/api.w.org\/{rel}","templated":true}]}}