{"id":711973,"date":"2025-08-27T16:51:08","date_gmt":"2025-08-27T13:51:08","guid":{"rendered":"https:\/\/roveyayinevi.com.tr\/index.php\/urun\/deneylerle-buyuleyici-kimya\/"},"modified":"2026-04-16T02:20:36","modified_gmt":"2026-04-15T23:20:36","slug":"deneylerle-buyuleyici-kimya","status":"publish","type":"product","link":"https:\/\/roveyayinevi.com.tr\/index.php\/urun\/deneylerle-buyuleyici-kimya\/","title":{"rendered":"Deneylerle B\u00fcy\u00fcleyici Kimya"},"content":{"rendered":"<p>\u2022 Bitkiler ve hayvanlar hakk\u0131nda ilgin\u00e7 bilgiler okuyun.\u2022 Do\u011fal d\u00fcnyada ger\u00e7ekle\u015fen kimyasal fenomenleri ke\u015ffedin. \u2022 Kimyasal olaylar\u0131 inceleyen bilim adamlar\u0131n\u0131 tan\u0131y\u0131n. \u2022 Deneyler yap\u0131n ve kimyasal olaylar\u0131 do\u011fadan inceleyin. <\/p>\n","protected":false},"excerpt":{"rendered":"<p>\u2022 Bitkiler ve hayvanlar hakk\u0131nda ilgin\u00e7 bilgiler okuyun.\u2022 Do\u011fal d\u00fcnyada ger\u00e7ekle\u015fen kimyasal fenomenleri ke\u015ffedin. \u2022 Kimyasal olaylar\u0131 inceleyen bilim adamlar\u0131n\u0131 tan\u0131y\u0131n. \u2022 Deneyler yap\u0131n ve kimyasal<span class=\"excerpt-hellip\"> [\u2026]<\/span><\/p>\n","protected":false},"featured_media":0,"template":"","meta":{"_monsterinsights_skip_tracking":false,"_monsterinsights_sitenote_active":false,"_monsterinsights_sitenote_note":"","_monsterinsights_sitenote_category":0},"product_brand":[],"product_cat":[13005,13006],"product_tag":[],"class_list":{"0":"post-711973","1":"product","2":"type-product","3":"status-publish","5":"product_cat-bilim-muhendislik","6":"product_cat-populer-bilim","7":"pa_cilt-ciltsiz","8":"pa_tur-kitap","9":"pa_yayinevi-teleskop-populer-bilim","10":"pa_yazar-tatjana-mihajilov-krstev","12":"first","13":"instock","14":"sale","15":"shipping-taxable","16":"purchasable","17":"product-type-simple"},"_links":{"self":[{"href":"https:\/\/roveyayinevi.com.tr\/index.php\/wp-json\/wp\/v2\/product\/711973","targetHints":{"allow":["GET"]}}],"collection":[{"href":"https:\/\/roveyayinevi.com.tr\/index.php\/wp-json\/wp\/v2\/product"}],"about":[{"href":"https:\/\/roveyayinevi.com.tr\/index.php\/wp-json\/wp\/v2\/types\/product"}],"wp:attachment":[{"href":"https:\/\/roveyayinevi.com.tr\/index.php\/wp-json\/wp\/v2\/media?parent=711973"}],"wp:term":[{"taxonomy":"product_brand","embeddable":true,"href":"https:\/\/roveyayinevi.com.tr\/index.php\/wp-json\/wp\/v2\/product_brand?post=711973"},{"taxonomy":"product_cat","embeddable":true,"href":"https:\/\/roveyayinevi.com.tr\/index.php\/wp-json\/wp\/v2\/product_cat?post=711973"},{"taxonomy":"product_tag","embeddable":true,"href":"https:\/\/roveyayinevi.com.tr\/index.php\/wp-json\/wp\/v2\/product_tag?post=711973"}],"curies":[{"name":"wp","href":"https:\/\/api.w.org\/{rel}","templated":true}]}}