{"id":711971,"date":"2025-08-27T16:51:07","date_gmt":"2025-08-27T13:51:07","guid":{"rendered":"https:\/\/roveyayinevi.com.tr\/index.php\/urun\/deneylerle-buyuleyici-mikro-organizmalar\/"},"modified":"2026-04-16T02:20:36","modified_gmt":"2026-04-15T23:20:36","slug":"deneylerle-buyuleyici-mikro-organizmalar","status":"publish","type":"product","link":"https:\/\/roveyayinevi.com.tr\/index.php\/urun\/deneylerle-buyuleyici-mikro-organizmalar\/","title":{"rendered":"Deneylerle B\u00fcy\u00fcleyici Mikro Organizmalar"},"content":{"rendered":"<p>\u2022 G\u00f6zle g\u00f6r\u00fcnmeyecek kadar k\u00fc\u00e7\u00fck canl\u0131lar hakk\u0131ndaki ilgin\u00e7 ger\u00e7ekleri okuyun. \u2022 Mikroorganizmalar\u0131n nas\u0131l her \u015feyi etkileyebilece\u011fini ke\u015ffedin. \u2022 Mikroorganizmalar\u0131n \u00f6zelliklerini inceleyin ve deneylerini yap\u0131n. \u2022 Mikroorganizmalar\u0131n g\u00fcc\u00fcn\u00fcn ne kadar b\u00fcy\u00fck oldu\u011funu \u00f6\u011frenin! <\/p>\n","protected":false},"excerpt":{"rendered":"<p>\u2022 G\u00f6zle g\u00f6r\u00fcnmeyecek kadar k\u00fc\u00e7\u00fck canl\u0131lar hakk\u0131ndaki ilgin\u00e7 ger\u00e7ekleri okuyun. \u2022 Mikroorganizmalar\u0131n nas\u0131l her \u015feyi etkileyebilece\u011fini ke\u015ffedin. \u2022 Mikroorganizmalar\u0131n \u00f6zelliklerini inceleyin ve deneylerini yap\u0131n. \u2022 Mikroorganizmalar\u0131n<span class=\"excerpt-hellip\"> [\u2026]<\/span><\/p>\n","protected":false},"featured_media":0,"template":"","meta":{"_monsterinsights_skip_tracking":false,"_monsterinsights_sitenote_active":false,"_monsterinsights_sitenote_note":"","_monsterinsights_sitenote_category":0},"product_brand":[],"product_cat":[13005,13006],"product_tag":[],"class_list":{"0":"post-711971","1":"product","2":"type-product","3":"status-publish","5":"product_cat-bilim-muhendislik","6":"product_cat-populer-bilim","7":"pa_cilt-ciltsiz","8":"pa_tur-kitap","9":"pa_yayinevi-teleskop-populer-bilim","10":"pa_yazar-tatjana-mihajilov-krstev","12":"first","13":"instock","14":"sale","15":"shipping-taxable","16":"purchasable","17":"product-type-simple"},"_links":{"self":[{"href":"https:\/\/roveyayinevi.com.tr\/index.php\/wp-json\/wp\/v2\/product\/711971","targetHints":{"allow":["GET"]}}],"collection":[{"href":"https:\/\/roveyayinevi.com.tr\/index.php\/wp-json\/wp\/v2\/product"}],"about":[{"href":"https:\/\/roveyayinevi.com.tr\/index.php\/wp-json\/wp\/v2\/types\/product"}],"wp:attachment":[{"href":"https:\/\/roveyayinevi.com.tr\/index.php\/wp-json\/wp\/v2\/media?parent=711971"}],"wp:term":[{"taxonomy":"product_brand","embeddable":true,"href":"https:\/\/roveyayinevi.com.tr\/index.php\/wp-json\/wp\/v2\/product_brand?post=711971"},{"taxonomy":"product_cat","embeddable":true,"href":"https:\/\/roveyayinevi.com.tr\/index.php\/wp-json\/wp\/v2\/product_cat?post=711971"},{"taxonomy":"product_tag","embeddable":true,"href":"https:\/\/roveyayinevi.com.tr\/index.php\/wp-json\/wp\/v2\/product_tag?post=711971"}],"curies":[{"name":"wp","href":"https:\/\/api.w.org\/{rel}","templated":true}]}}