{"id":711970,"date":"2025-08-27T16:51:07","date_gmt":"2025-08-27T13:51:07","guid":{"rendered":"https:\/\/roveyayinevi.com.tr\/index.php\/urun\/bir-zamanlar-turk-idiler\/"},"modified":"2026-04-16T02:20:36","modified_gmt":"2026-04-15T23:20:36","slug":"bir-zamanlar-turk-idiler","status":"publish","type":"product","link":"https:\/\/roveyayinevi.com.tr\/index.php\/urun\/bir-zamanlar-turk-idiler\/","title":{"rendered":"Bir Zamanlar T\u00fcrk \u0130diler"},"content":{"rendered":"<p>T\u00fcrkler, iklim \u015fartlar\u0131 birbirinden \u00e7ok farkl\u0131 \u00fclkelerde hayatlar\u0131n\u0131 s\u00fcrd\u00fcrebilmi\u015f bir millettir. Konar-g\u00f6\u00e7erlik esas\u0131na dayanan, geni\u015f yayla ve otlaklar \u00fczerinde hayvanc\u0131l\u0131k yaparak \u00e7ad\u0131rlarda s\u00fcrd\u00fcr\u00fclen bu hareketli hayat tarz\u0131, bozk\u0131rl\u0131 T\u00fcrklerin k\u00fclt\u00fcrel karakterlerini de belirlemi\u015f ve bu yap\u0131n\u0131n \u00f6z\u00fcn\u00fc olu\u015fturmu\u015ftur. Bu bak\u0131mdan, bozk\u0131rl\u0131 T\u00fcrkler, b\u00f6yle hareketli bir ya\u015fay\u0131\u015f tarz\u0131ndan yerle\u015fik yabanc\u0131 toplumlar\u0131n dura\u011fan k\u00fclt\u00fcr \u00e7evreleri i\u00e7ine girdikleri zaman, derhal karakteristik niteliklerini yitirmi\u015f, ma\u011flup ettikleri yerle\u015fik topluluklar taraf\u0131ndan kolayl\u0131kla asimile edilmi\u015flerdir. Hemen bir iki nesil i\u00e7inde asl\u00ee yap\u0131lar\u0131n\u0131, isimlerini, ya\u015fay\u0131\u015f tarzlar\u0131n\u0131 oturak medeniyet \u00e7evresindeki yap\u0131yla, isimlerle, ya\u015fay\u0131\u015f tarzlar\u0131yla de\u011fi\u015ftiriveren T\u00fcrkler, gerek \u00c7in\u2019de, gerek Rusya ve \u0130ran\u2019da, gerek M\u0131s\u0131r ve Hindistan\u2019da, gerek Bat\u0131 ve Orta Avrupa\u2019da h\u00fck\u00fcmranl\u0131k s\u00fcrd\u00fckleri memleketlerde bir\u00e7ok nesillerini, buralarda oturan farkl\u0131 kavimlerin i\u00e7inde eritmi\u015flerdir. Bu kimlik kayb\u0131n\u0131n en ilk ve en yo\u011fun ya\u015fand\u0131\u011f\u0131 \u00fclkelerden biri, tarihleri T\u00fcrk tarihiyle ayn\u0131 derinliklere uzanan, fakat k\u00fclt\u00fcrleri oturak bir k\u00fclt\u00fcre dayanan \u00c7inliler i\u00e7inde olmu\u015ftur. Orkun kitabelerinde T\u00fcrk Hakan\u0131n\u0131n \u00f6\u011f\u00fcd\u00fc de g\u00f6steriyor ki, bu \u201ck\u00fclt\u00fcrel kay\u0131p\u201d T\u00fcrkler i\u00e7in bir varl\u0131k m\u00fccadelesi olarak g\u00f6r\u00fclm\u00fc\u015f ve T\u00fcrklere \u00d6t\u00fcken\u2019de kalmalar\u0131, oralara gitmemeleri \u00f6\u011f\u00fcd\u00fc verilmi\u015ftir\u2026 \u0130\u015fte elinizdeki bu kitap, de\u011ferli ilim adam\u0131m\u0131z K\u00fcr\u015fat Y\u0131ld\u0131r\u0131m\u2019\u0131n \u00c7in\u2019e yerle\u015fmi\u015f T\u00fcrk k\u00f6kenli \u2013asimile edilmi\u015f- aileler hakk\u0131nda \u00c7in kaynaklar\u0131na dayanarak yapt\u0131\u011f\u0131 ilgi \u00e7ekici bir \u00e7al\u0131\u015fmad\u0131r. <\/p>\n","protected":false},"excerpt":{"rendered":"<p>T\u00fcrkler, iklim \u015fartlar\u0131 birbirinden \u00e7ok farkl\u0131 \u00fclkelerde hayatlar\u0131n\u0131 s\u00fcrd\u00fcrebilmi\u015f bir millettir. Konar-g\u00f6\u00e7erlik esas\u0131na dayanan, geni\u015f yayla ve otlaklar \u00fczerinde hayvanc\u0131l\u0131k yaparak \u00e7ad\u0131rlarda s\u00fcrd\u00fcr\u00fclen bu hareketli hayat<span class=\"excerpt-hellip\"> [\u2026]<\/span><\/p>\n","protected":false},"featured_media":0,"template":"","meta":{"_monsterinsights_skip_tracking":false,"_monsterinsights_sitenote_active":false,"_monsterinsights_sitenote_note":"","_monsterinsights_sitenote_category":0},"product_brand":[],"product_cat":[12370,12304],"product_tag":[],"class_list":{"0":"post-711970","1":"product","2":"type-product","3":"status-publish","5":"product_cat-arastirma-inceleme","6":"product_cat-tarih","7":"pa_cilt-ciltsiz","8":"pa_tur-kitap","9":"pa_yayinevi-otuken-nesriyat","10":"pa_yazar-kursat-yildirim","12":"first","13":"instock","14":"sale","15":"shipping-taxable","16":"purchasable","17":"product-type-simple"},"_links":{"self":[{"href":"https:\/\/roveyayinevi.com.tr\/index.php\/wp-json\/wp\/v2\/product\/711970","targetHints":{"allow":["GET"]}}],"collection":[{"href":"https:\/\/roveyayinevi.com.tr\/index.php\/wp-json\/wp\/v2\/product"}],"about":[{"href":"https:\/\/roveyayinevi.com.tr\/index.php\/wp-json\/wp\/v2\/types\/product"}],"wp:attachment":[{"href":"https:\/\/roveyayinevi.com.tr\/index.php\/wp-json\/wp\/v2\/media?parent=711970"}],"wp:term":[{"taxonomy":"product_brand","embeddable":true,"href":"https:\/\/roveyayinevi.com.tr\/index.php\/wp-json\/wp\/v2\/product_brand?post=711970"},{"taxonomy":"product_cat","embeddable":true,"href":"https:\/\/roveyayinevi.com.tr\/index.php\/wp-json\/wp\/v2\/product_cat?post=711970"},{"taxonomy":"product_tag","embeddable":true,"href":"https:\/\/roveyayinevi.com.tr\/index.php\/wp-json\/wp\/v2\/product_tag?post=711970"}],"curies":[{"name":"wp","href":"https:\/\/api.w.org\/{rel}","templated":true}]}}