{"id":711969,"date":"2025-08-27T16:51:06","date_gmt":"2025-08-27T13:51:06","guid":{"rendered":"https:\/\/roveyayinevi.com.tr\/index.php\/urun\/david-copperfield-kisaltilmis-metin\/"},"modified":"2026-04-16T02:20:36","modified_gmt":"2026-04-15T23:20:36","slug":"david-copperfield-kisaltilmis-metin","status":"publish","type":"product","link":"https:\/\/roveyayinevi.com.tr\/index.php\/urun\/david-copperfield-kisaltilmis-metin\/","title":{"rendered":"David Copperfield (K\u0131salt\u0131lm\u0131\u015f Metin)"},"content":{"rendered":"<p>David Copperfield do\u011far do\u011fmaz \u00e7ok zor ko\u015fullarla kar\u015f\u0131la\u015fan ve korkun\u00e7 bir \u00e7ocuklu\u011fun ard\u0131ndan kendine bir ya\u015fam kurmay\u0131 ba\u015faran gen\u00e7 bir adam\u0131n maceralar\u0131n\u0131 anlat\u0131r. Pek \u00e7ok edebiyat\u00e7\u0131, yazar\u0131n David Copperfield\u2018da kendi ya\u015fam \u00f6yk\u00fcs\u00fcnden esinlendi\u011fini d\u00fc\u015f\u00fcnmektedir. Dickens da her zaman David Copperfield\u2019\u0131n \u2018en sevdi\u011fi \u00e7ocu\u011fu\u2019 oldu\u011funu s\u00f6ylemi\u015f ve olaylar\u0131n kurgusunda kendi tecr\u00fcbelerinden esinlendi\u011fini kabul etmi\u015ftir. Yaz\u0131l\u0131r yaz\u0131lmaz ba\u015fyap\u0131tlar aras\u0131nda yerini alan David Copperfield\u2019da olay \u00f6rg\u00fcs\u00fc ve karakterler o kadar etkileyici ve ger\u00e7ek\u00e7idir ki, sonras\u0131nda yaz\u0131lm\u0131\u015f bir\u00e7ok \u00fcnl\u00fc eserde bu roman\u0131n izleri g\u00f6r\u00fclmektedir. Edebiyat\u0131n b\u00fcy\u00fck ustas\u0131ndan harika bir macera!.. \ufffcTan\u0131t\u0131m Metni<\/p>\n","protected":false},"excerpt":{"rendered":"<p>David Copperfield do\u011far do\u011fmaz \u00e7ok zor ko\u015fullarla kar\u015f\u0131la\u015fan ve korkun\u00e7 bir \u00e7ocuklu\u011fun ard\u0131ndan kendine bir ya\u015fam kurmay\u0131 ba\u015faran gen\u00e7 bir adam\u0131n maceralar\u0131n\u0131 anlat\u0131r. Pek \u00e7ok edebiyat\u00e7\u0131,<span class=\"excerpt-hellip\"> [\u2026]<\/span><\/p>\n","protected":false},"featured_media":0,"template":"","meta":{"_monsterinsights_skip_tracking":false,"_monsterinsights_sitenote_active":false,"_monsterinsights_sitenote_note":"","_monsterinsights_sitenote_category":0},"product_brand":[],"product_cat":[12291,13872],"product_tag":[],"class_list":{"0":"post-711969","1":"product","2":"type-product","3":"status-publish","5":"product_cat-edebiyat","6":"product_cat-klasikler","7":"pa_cilt-ciltsiz","8":"pa_tur-kitap","9":"pa_yayinevi-is-bankasi-kultur-yayinlari","10":"pa_yazar-charles-dickens","12":"first","13":"instock","14":"sale","15":"shipping-taxable","16":"purchasable","17":"product-type-simple"},"_links":{"self":[{"href":"https:\/\/roveyayinevi.com.tr\/index.php\/wp-json\/wp\/v2\/product\/711969","targetHints":{"allow":["GET"]}}],"collection":[{"href":"https:\/\/roveyayinevi.com.tr\/index.php\/wp-json\/wp\/v2\/product"}],"about":[{"href":"https:\/\/roveyayinevi.com.tr\/index.php\/wp-json\/wp\/v2\/types\/product"}],"wp:attachment":[{"href":"https:\/\/roveyayinevi.com.tr\/index.php\/wp-json\/wp\/v2\/media?parent=711969"}],"wp:term":[{"taxonomy":"product_brand","embeddable":true,"href":"https:\/\/roveyayinevi.com.tr\/index.php\/wp-json\/wp\/v2\/product_brand?post=711969"},{"taxonomy":"product_cat","embeddable":true,"href":"https:\/\/roveyayinevi.com.tr\/index.php\/wp-json\/wp\/v2\/product_cat?post=711969"},{"taxonomy":"product_tag","embeddable":true,"href":"https:\/\/roveyayinevi.com.tr\/index.php\/wp-json\/wp\/v2\/product_tag?post=711969"}],"curies":[{"name":"wp","href":"https:\/\/api.w.org\/{rel}","templated":true}]}}