{"id":711967,"date":"2025-08-27T16:51:05","date_gmt":"2025-08-27T13:51:05","guid":{"rendered":"https:\/\/roveyayinevi.com.tr\/index.php\/urun\/kar-2\/"},"modified":"2026-04-16T02:20:36","modified_gmt":"2026-04-15T23:20:36","slug":"kar-2","status":"publish","type":"product","link":"https:\/\/roveyayinevi.com.tr\/index.php\/urun\/kar-2\/","title":{"rendered":"Kar"},"content":{"rendered":"<p>\u201cSabah uyand\u0131m, pencereden bakt\u0131m, kar ya\u011f\u0131yordu!\u201d Bu ola\u011fan\u00fcst\u00fc karl\u0131 g\u00fcnde d\u0131\u015far\u0131 \u00e7\u0131kan k\u00fc\u00e7\u00fck \u00e7ocuk ve b\u00fcy\u00fckbabas\u0131n\u0131 g\u00fczel s\u00fcrprizler bekliyor. \ufffcTan\u0131t\u0131m Metni<\/p>\n","protected":false},"excerpt":{"rendered":"<p>\u201cSabah uyand\u0131m, pencereden bakt\u0131m, kar ya\u011f\u0131yordu!\u201d Bu ola\u011fan\u00fcst\u00fc karl\u0131 g\u00fcnde d\u0131\u015far\u0131 \u00e7\u0131kan k\u00fc\u00e7\u00fck \u00e7ocuk ve b\u00fcy\u00fckbabas\u0131n\u0131 g\u00fczel s\u00fcrprizler bekliyor. \ufffcTan\u0131t\u0131m Metni<\/p>\n","protected":false},"featured_media":0,"template":"","meta":{"_monsterinsights_skip_tracking":false,"_monsterinsights_sitenote_active":false,"_monsterinsights_sitenote_note":"","_monsterinsights_sitenote_category":0},"product_brand":[],"product_cat":[12913,12274],"product_tag":[],"class_list":{"0":"post-711967","1":"product","2":"type-product","3":"status-publish","5":"product_cat-3-6-yas-kitaplari","6":"product_cat-cocuk-ve-genclik-kitaplari","7":"pa_cilt-ciltsiz","8":"pa_tur-kitap","9":"pa_yayinevi-is-bankasi-kultur-yayinlari","10":"pa_yazar-sam-usher","12":"first","13":"instock","14":"sale","15":"shipping-taxable","16":"purchasable","17":"product-type-simple"},"_links":{"self":[{"href":"https:\/\/roveyayinevi.com.tr\/index.php\/wp-json\/wp\/v2\/product\/711967","targetHints":{"allow":["GET"]}}],"collection":[{"href":"https:\/\/roveyayinevi.com.tr\/index.php\/wp-json\/wp\/v2\/product"}],"about":[{"href":"https:\/\/roveyayinevi.com.tr\/index.php\/wp-json\/wp\/v2\/types\/product"}],"wp:attachment":[{"href":"https:\/\/roveyayinevi.com.tr\/index.php\/wp-json\/wp\/v2\/media?parent=711967"}],"wp:term":[{"taxonomy":"product_brand","embeddable":true,"href":"https:\/\/roveyayinevi.com.tr\/index.php\/wp-json\/wp\/v2\/product_brand?post=711967"},{"taxonomy":"product_cat","embeddable":true,"href":"https:\/\/roveyayinevi.com.tr\/index.php\/wp-json\/wp\/v2\/product_cat?post=711967"},{"taxonomy":"product_tag","embeddable":true,"href":"https:\/\/roveyayinevi.com.tr\/index.php\/wp-json\/wp\/v2\/product_tag?post=711967"}],"curies":[{"name":"wp","href":"https:\/\/api.w.org\/{rel}","templated":true}]}}