{"id":711966,"date":"2025-08-27T16:51:04","date_gmt":"2025-08-27T13:51:04","guid":{"rendered":"https:\/\/roveyayinevi.com.tr\/index.php\/urun\/bir-isyancinin-sozleri\/"},"modified":"2026-04-16T02:20:36","modified_gmt":"2026-04-15T23:20:36","slug":"bir-isyancinin-sozleri","status":"publish","type":"product","link":"https:\/\/roveyayinevi.com.tr\/index.php\/urun\/bir-isyancinin-sozleri\/","title":{"rendered":"Bir \u0130syanc\u0131n\u0131n S\u00f6zleri"},"content":{"rendered":"<p>Burada Kropotkin\u2019i \u00f6vmem gerekmez. O, can dostum\u2026 E\u011fer iyi biri oldu\u011funu s\u00f6ylersem, ona k\u00f6rlemesine ba\u011fl\u0131 oldu\u011fum san\u0131labilir ya da tarafgir olmakla su\u00e7lanabilirim. Bu konuda yarg\u0131\u00e7lar\u0131n\u0131n, hatta zindanc\u0131lar\u0131n\u0131n d\u00fc\u015f\u00fcncelerini aktarmak benim i\u00e7in yeterli\u2026 Ya\u015fam\u0131n\u0131 yak\u0131ndan veya uzaktan g\u00f6zlemi\u015f olanlar aras\u0131nda ona sayg\u0131 duymayan, iyilikle dolup ta\u015fan y\u00fcre\u011fine ve b\u00fcy\u00fck zek\u00e2s\u0131na tan\u0131kl\u0131k etmeyen, onu ger\u00e7ekten soylu ve temiz biri olarak tan\u0131mayan kimse yok. Hem zaten s\u00fcrg\u00fcn\u00fc ve esareti tan\u0131m\u0131\u015f olmas\u0131 da bu y\u00fczden de\u011fil mi? Su\u00e7u, yoksullar\u0131 ve zay\u0131flar\u0131 sevmek; kusuru ise onlar\u0131n davas\u0131n\u0131 savunmu\u015f olmas\u0131. Bu kitab\u0131n okurlar\u0131, yazar\u0131n ki\u015fili\u011fiyle, sergiledi\u011fi fikirlerin de\u011ferinden daha az ilgilenmek durumundalar yine de. Bu fikirleri, kapa\u011f\u0131n\u0131 bile a\u00e7madan bir kitap hakk\u0131nda, dinleyip anlamadan bir d\u00fc\u015f\u00fcnce konusunda yarg\u0131lar\u0131n\u0131 dile getirmeyen d\u00fcr\u00fcst insanlara sunuyorum g\u00fcvenle. B\u00fct\u00fcn \u00f6nyarg\u0131lar\u0131n\u0131z\u0131 bir yana b\u0131rak\u0131n, bir s\u00fcre i\u00e7in \u00e7\u0131karlar\u0131n\u0131zdan kurtulmay\u0131 \u00f6\u011frenin ve \u015fimdilik uygulamas\u0131yla ilgilenmeden sadece hakikati arayarak okuyun bu sayfalar\u0131. Yazar sizden tek bir \u015fey istiyor: yaln\u0131zca ayr\u0131cal\u0131kl\u0131lar\u0131n de\u011fil, ama herkesin mutlulu\u011fu \u00fclk\u00fcs\u00fcn\u00fc bir an i\u00e7in olsun onunla payla\u015fman\u0131z\u0131. Ne kadar k\u0131sa \u00f6m\u00fcrl\u00fc olsa da bu istek, heveslerinizin bir anl\u0131k \u00f6zenci, akl\u0131n\u0131zdan ge\u00e7iveren bir anl\u0131k hayal de\u011fil de, samimiyse e\u011fer, k\u0131sa bir s\u00fcre sonra onunla hemfikir olman\u0131z m\u00fcmk\u00fcn. E\u011fer dileklerini payla\u015f\u0131yorsan\u0131z, s\u00f6zlerini de anlayacaks\u0131n\u0131z. Lakin bu fikirlerin size hi\u00e7 de \u00fcn sa\u011flamayaca\u011f\u0131n\u0131 daha ba\u015ftan bilmelisiniz; bu fikirler hi\u00e7bir zaman dolgun maa\u015fl\u0131 bir mevki ile \u00f6d\u00fcllendirilmi\u015f olmayacak ya da yukar\u0131dan gelen baz\u0131 sert tepkilere yol a\u00e7acak. E\u011fer adalet ar\u0131yorsan\u0131z, b\u00fcy\u00fck haks\u0131zl\u0131klara maruz kalmaya haz\u0131r olun&#8230;-Elis\u00e9e RECLUS-<\/p>\n","protected":false},"excerpt":{"rendered":"<p>Burada Kropotkin\u2019i \u00f6vmem gerekmez. O, can dostum\u2026 E\u011fer iyi biri oldu\u011funu s\u00f6ylersem, ona k\u00f6rlemesine ba\u011fl\u0131 oldu\u011fum san\u0131labilir ya da tarafgir olmakla su\u00e7lanabilirim. Bu konuda yarg\u0131\u00e7lar\u0131n\u0131n, hatta<span class=\"excerpt-hellip\"> [\u2026]<\/span><\/p>\n","protected":false},"featured_media":0,"template":"","meta":{"_monsterinsights_skip_tracking":false,"_monsterinsights_sitenote_active":false,"_monsterinsights_sitenote_note":"","_monsterinsights_sitenote_category":0},"product_brand":[],"product_cat":[12312,12304],"product_tag":[],"class_list":{"0":"post-711966","1":"product","2":"type-product","3":"status-publish","5":"product_cat-diger","6":"product_cat-tarih","7":"pa_cilt-ciltsiz","8":"pa_tur-kitap","9":"pa_yayinevi-ayrinti-yayinlari","10":"pa_yazar-pyotr-a-kropotkin","12":"first","13":"instock","14":"sale","15":"shipping-taxable","16":"purchasable","17":"product-type-simple"},"_links":{"self":[{"href":"https:\/\/roveyayinevi.com.tr\/index.php\/wp-json\/wp\/v2\/product\/711966","targetHints":{"allow":["GET"]}}],"collection":[{"href":"https:\/\/roveyayinevi.com.tr\/index.php\/wp-json\/wp\/v2\/product"}],"about":[{"href":"https:\/\/roveyayinevi.com.tr\/index.php\/wp-json\/wp\/v2\/types\/product"}],"wp:attachment":[{"href":"https:\/\/roveyayinevi.com.tr\/index.php\/wp-json\/wp\/v2\/media?parent=711966"}],"wp:term":[{"taxonomy":"product_brand","embeddable":true,"href":"https:\/\/roveyayinevi.com.tr\/index.php\/wp-json\/wp\/v2\/product_brand?post=711966"},{"taxonomy":"product_cat","embeddable":true,"href":"https:\/\/roveyayinevi.com.tr\/index.php\/wp-json\/wp\/v2\/product_cat?post=711966"},{"taxonomy":"product_tag","embeddable":true,"href":"https:\/\/roveyayinevi.com.tr\/index.php\/wp-json\/wp\/v2\/product_tag?post=711966"}],"curies":[{"name":"wp","href":"https:\/\/api.w.org\/{rel}","templated":true}]}}