{"id":711963,"date":"2025-08-27T16:51:03","date_gmt":"2025-08-27T13:51:03","guid":{"rendered":"https:\/\/roveyayinevi.com.tr\/index.php\/urun\/osmanli-ekonomisinde-bagimlilik-ve-buyume-1820-1913\/"},"modified":"2026-04-16T02:20:36","modified_gmt":"2026-04-15T23:20:36","slug":"osmanli-ekonomisinde-bagimlilik-ve-buyume-1820-1913","status":"publish","type":"product","link":"https:\/\/roveyayinevi.com.tr\/index.php\/urun\/osmanli-ekonomisinde-bagimlilik-ve-buyume-1820-1913\/","title":{"rendered":"Osmanl\u0131 Ekonomisinde Ba\u011f\u0131ml\u0131l\u0131k ve B\u00fcy\u00fcme (1820-1913)"},"content":{"rendered":"<p>Osmanl\u0131 tarihinde 19. y\u00fczy\u0131l d\u00fcnya ekonomisiyle b\u00fct\u00fcnle\u015fme a\u00e7\u0131s\u0131ndan ayr\u0131 bir \u00f6nem ta\u015f\u0131r. Ticaret ve yabanc\u0131 sermaye yat\u0131r\u0131mlar\u0131 1820\u2019lerden itibaren Osmanl\u0131 ekonomisini Avrupa kapitalizminin etki alan\u0131na \u00e7ekmi\u015ftir. T\u00fcrkiye Cumhuriyeti\u2019nin devralaca\u011f\u0131 iktisadi yap\u0131lar bu d\u00f6nemde ortaya \u00e7\u0131km\u0131\u015ft\u0131r. Osmanl\u0131-T\u00fcrkiye iktisat tarih\u00e7ili\u011finin \u00f6nde gelen isimlerinden Prof. Dr. \u015eevket Pamuk, bu \u00e7al\u0131\u015fmas\u0131nda, 19. y\u00fczy\u0131lda Osmanl\u0131 ekonomisinin d\u00fcnya kapitalizmiyle ili\u015fkilerini ve bu ili\u015fkilerin \u00fcretim alan\u0131ndaki sonu\u00e7lar\u0131n\u0131 ele al\u0131yor. K\u00f6kl\u00fc iktisadi d\u00f6n\u00fc\u015f\u00fcmleri nicel y\u00f6ntemlere geni\u015f yer ay\u0131ran bir \u00e7er\u00e7evede inceleyen Pamuk, d\u0131\u015fa a\u00e7\u0131l\u0131\u015f s\u00fcrecine egemen olan e\u011filimlerin, artan ba\u011f\u0131ml\u0131l\u0131k ile birlikte durgunluk de\u011fil, yap\u0131sal d\u00f6n\u00fc\u015f\u00fcmler ve iktisadi b\u00fcy\u00fcme oldu\u011funu vurguluyor. Osmanl\u0131 Ekonomisinde Ba\u011f\u0131ml\u0131l\u0131k ve B\u00fcy\u00fcme, 1820-1913, 1984\u2019teki ilk bas\u0131m\u0131n\u0131n ard\u0131ndan, 1987\u2019de de Cambridge University Press taraf\u0131ndan yay\u0131mlanm\u0131\u015f (The Ottoman Empire and European Capitalism, 1820-1913) ve Osmanl\u0131 iktisat tarihi alan\u0131nda \u00f6nemli bir tart\u0131\u015fma ba\u015flatm\u0131\u015ft\u0131. \ufffcTan\u0131t\u0131m Metni<\/p>\n","protected":false},"excerpt":{"rendered":"<p>Osmanl\u0131 tarihinde 19. y\u00fczy\u0131l d\u00fcnya ekonomisiyle b\u00fct\u00fcnle\u015fme a\u00e7\u0131s\u0131ndan ayr\u0131 bir \u00f6nem ta\u015f\u0131r. Ticaret ve yabanc\u0131 sermaye yat\u0131r\u0131mlar\u0131 1820\u2019lerden itibaren Osmanl\u0131 ekonomisini Avrupa kapitalizminin etki alan\u0131na \u00e7ekmi\u015ftir.<span class=\"excerpt-hellip\"> [\u2026]<\/span><\/p>\n","protected":false},"featured_media":0,"template":"","meta":{"_monsterinsights_skip_tracking":false,"_monsterinsights_sitenote_active":false,"_monsterinsights_sitenote_note":"","_monsterinsights_sitenote_category":0},"product_brand":[],"product_cat":[13517,12304],"product_tag":[],"class_list":{"0":"post-711963","1":"product","2":"type-product","3":"status-publish","5":"product_cat-osmanli-tarihi","6":"product_cat-tarih","7":"pa_cilt-ciltsiz","8":"pa_tur-kitap","9":"pa_yayinevi-is-bankasi-kultur-yayinlari","10":"pa_yazar-sevket-pamuk","12":"first","13":"instock","14":"sale","15":"shipping-taxable","16":"purchasable","17":"product-type-simple"},"_links":{"self":[{"href":"https:\/\/roveyayinevi.com.tr\/index.php\/wp-json\/wp\/v2\/product\/711963","targetHints":{"allow":["GET"]}}],"collection":[{"href":"https:\/\/roveyayinevi.com.tr\/index.php\/wp-json\/wp\/v2\/product"}],"about":[{"href":"https:\/\/roveyayinevi.com.tr\/index.php\/wp-json\/wp\/v2\/types\/product"}],"wp:attachment":[{"href":"https:\/\/roveyayinevi.com.tr\/index.php\/wp-json\/wp\/v2\/media?parent=711963"}],"wp:term":[{"taxonomy":"product_brand","embeddable":true,"href":"https:\/\/roveyayinevi.com.tr\/index.php\/wp-json\/wp\/v2\/product_brand?post=711963"},{"taxonomy":"product_cat","embeddable":true,"href":"https:\/\/roveyayinevi.com.tr\/index.php\/wp-json\/wp\/v2\/product_cat?post=711963"},{"taxonomy":"product_tag","embeddable":true,"href":"https:\/\/roveyayinevi.com.tr\/index.php\/wp-json\/wp\/v2\/product_tag?post=711963"}],"curies":[{"name":"wp","href":"https:\/\/api.w.org\/{rel}","templated":true}]}}